{"id":26895,"date":"2023-08-28T14:07:22","date_gmt":"2023-08-28T14:07:22","guid":{"rendered":"https:\/\/thinkdifferently-actdifferently.eu\/?page_id=26895"},"modified":"2023-11-09T13:31:23","modified_gmt":"2023-11-09T11:31:23","slug":"methods-and-techniques-for-the-awareness-of-the-population-to-adopt-the-model-of-the-circular-economy","status":"publish","type":"page","link":"https:\/\/thinkdifferently-actdifferently.eu\/ro\/methods-and-techniques-for-the-awareness-of-the-population-to-adopt-the-model-of-the-circular-economy\/","title":{"rendered":"Metode \u0219i tehnici de con\u0219tientizare a popula\u021biei pentru adoptarea modelului economiei circulare"},"content":{"rendered":"<div data-elementor-type=\"wp-page\" data-elementor-id=\"26895\" class=\"elementor elementor-26895\">\n\t\t\t\t\t\t<section class=\"elementor-section elementor-top-section elementor-element elementor-element-2debcc1 elementor-section-boxed elementor-section-height-default elementor-section-height-default\" data-id=\"2debcc1\" data-element_type=\"section\">\n\t\t\t\t\t\t\t<div class=\"elementor-background-overlay\"><\/div>\n\t\t\t\t\t\t\t<div class=\"elementor-container elementor-column-gap-default\">\n\t\t\t\t\t<div class=\"elementor-column elementor-col-100 elementor-top-column elementor-element elementor-element-ebadc0c\" data-id=\"ebadc0c\" data-element_type=\"column\">\n\t\t\t<div class=\"elementor-widget-wrap elementor-element-populated\">\n\t\t\t\t\t\t<div class=\"elementor-element elementor-element-376499d elementor-widget elementor-widget-heading\" data-id=\"376499d\" data-element_type=\"widget\" data-widget_type=\"heading.default\">\n\t\t\t\t<div class=\"elementor-widget-container\">\n\t\t\t\t\t<h2 class=\"elementor-heading-title elementor-size-default\">Metode \u0219i tehnici de con\u0219tientizare a popula\u021biei pentru adoptarea modelului economiei circulare\n<\/h2>\t\t\t\t<\/div>\n\t\t\t\t<\/div>\n\t\t\t\t<div class=\"elementor-element elementor-element-db0ecf0 elementor-widget elementor-widget-heading\" data-id=\"db0ecf0\" data-element_type=\"widget\" data-widget_type=\"heading.default\">\n\t\t\t\t<div class=\"elementor-widget-container\">\n\t\t\t\t\t<h3 class=\"elementor-heading-title elementor-size-default\">Educa\u021bi-v\u0103:<\/h3>\t\t\t\t<\/div>\n\t\t\t\t<\/div>\n\t\t\t\t<div class=\"elementor-element elementor-element-c915bbc elementor-widget elementor-widget-heading\" data-id=\"c915bbc\" data-element_type=\"widget\" data-widget_type=\"heading.default\">\n\t\t\t\t<div class=\"elementor-widget-container\">\n\t\t\t\t\t<h4 class=\"elementor-heading-title elementor-size-default\">Afla\u021bi despre economia circular\u0103 \u0219i beneficiile acesteia. Cunoa\u0219terea este un instrument puternic pentru cre\u0219terea gradului de con\u0219tientizare. Citi\u021bi c\u0103r\u021bi, viziona\u021bi videoclipuri \u0219i al\u0103tura\u021bi-v\u0103 programelor educa\u021bionale pentru a \u00een\u021belege cum func\u021bioneaz\u0103 economia circular\u0103.\n<\/h4>\t\t\t\t<\/div>\n\t\t\t\t<\/div>\n\t\t\t\t<div class=\"elementor-element elementor-element-4519f6a elementor-widget elementor-widget-heading\" data-id=\"4519f6a\" data-element_type=\"widget\" data-widget_type=\"heading.default\">\n\t\t\t\t<div class=\"elementor-widget-container\">\n\t\t\t\t\t<h3 class=\"elementor-heading-title elementor-size-default\">Condu prin exemplu:<\/h3>\t\t\t\t<\/div>\n\t\t\t\t<\/div>\n\t\t\t\t<div class=\"elementor-element elementor-element-e96ae97 elementor-widget elementor-widget-heading\" data-id=\"e96ae97\" data-element_type=\"widget\" data-widget_type=\"heading.default\">\n\t\t\t\t<div class=\"elementor-widget-container\">\n\t\t\t\t\t<h4 class=\"elementor-heading-title elementor-size-default\">Practic\u0103 principiile economiei circulare \u00een via\u021ba ta de zi cu zi \u0219i \u00eemp\u0103rt\u0103\u0219e\u0219te-\u021bi experien\u021bele cu al\u021bii. Ar\u0103ta\u021bi-le cum ac\u021biuni simple, cum ar fi reciclarea, reutilizarea articolelor \u0219i reducerea de\u0219eurilor, pot face o mare diferen\u021b\u0103.\n<\/h4>\t\t\t\t<\/div>\n\t\t\t\t<\/div>\n\t\t\t\t<div class=\"elementor-element elementor-element-d8efa7d elementor-widget elementor-widget-heading\" data-id=\"d8efa7d\" data-element_type=\"widget\" data-widget_type=\"heading.default\">\n\t\t\t\t<div class=\"elementor-widget-container\">\n\t\t\t\t\t<h3 class=\"elementor-heading-title elementor-size-default\">\u00cencepe\u021bi un proiect comunitar:<\/h3>\t\t\t\t<\/div>\n\t\t\t\t<\/div>\n\t\t\t\t<div class=\"elementor-element elementor-element-5b63668 elementor-widget elementor-widget-heading\" data-id=\"5b63668\" data-element_type=\"widget\" data-widget_type=\"heading.default\">\n\t\t\t\t<div class=\"elementor-widget-container\">\n\t\t\t\t\t<h4 class=\"elementor-heading-title elementor-size-default\">Organiza\u021bi un proiect comunitar axat pe economia circular\u0103. Ar putea fi o campanie de reciclare, ateliere de upcycling sau ini\u021biative de promovare a achizi\u021bion\u0103rii de bunuri second-hand. Implic\u0103-\u021bi prietenii \u0219i vecinii pentru a r\u0103sp\u00e2ndi mesajul \u0219i mai departe.\n<\/h4>\t\t\t\t<\/div>\n\t\t\t\t<\/div>\n\t\t\t\t<div class=\"elementor-element elementor-element-5489b1a elementor-widget elementor-widget-heading\" data-id=\"5489b1a\" data-element_type=\"widget\" data-widget_type=\"heading.default\">\n\t\t\t\t<div class=\"elementor-widget-container\">\n\t\t\t\t\t<h3 class=\"elementor-heading-title elementor-size-default\">Utiliza\u021bi re\u021belele sociale:<\/h3>\t\t\t\t<\/div>\n\t\t\t\t<\/div>\n\t\t\t\t<div class=\"elementor-element elementor-element-ea61508 elementor-widget elementor-widget-heading\" data-id=\"ea61508\" data-element_type=\"widget\" data-widget_type=\"heading.default\">\n\t\t\t\t<div class=\"elementor-widget-container\">\n\t\t\t\t\t<h4 class=\"elementor-heading-title elementor-size-default\"> Dac\u0103 ave\u021bi v\u00e2rsta necesar\u0103 pentru a utiliza re\u021belele sociale, crea\u021bi post\u0103ri, videoclipuri sau infografice despre economia circular\u0103. Distribui\u021bi sfaturi, pove\u0219ti de succes \u0219i fapte amuzante pentru a v\u0103 implica publicul \u0219i a-l inspira s\u0103 ac\u021bioneze.\n<\/h4>\t\t\t\t<\/div>\n\t\t\t\t<\/div>\n\t\t\t\t<div class=\"elementor-element elementor-element-22c0dc9 elementor-widget elementor-widget-heading\" data-id=\"22c0dc9\" data-element_type=\"widget\" data-widget_type=\"heading.default\">\n\t\t\t\t<div class=\"elementor-widget-container\">\n\t\t\t\t\t<h3 class=\"elementor-heading-title elementor-size-default\">Colabora\u021bi cu organiza\u021biile locale:<\/h3>\t\t\t\t<\/div>\n\t\t\t\t<\/div>\n\t\t\t\t<div class=\"elementor-element elementor-element-be589f1 elementor-widget elementor-widget-heading\" data-id=\"be589f1\" data-element_type=\"widget\" data-widget_type=\"heading.default\">\n\t\t\t\t<div class=\"elementor-widget-container\">\n\t\t\t\t\t<h4 class=\"elementor-heading-title elementor-size-default\">Colabora\u021bi cu organiza\u021bii locale de mediu sau comunitare pentru a organiza evenimente sau ateliere despre economia circular\u0103. Lucrul \u00eempreun\u0103 v\u0103 poate amplifica eforturile \u0219i poate ajunge la un public mai larg.<\/h4>\t\t\t\t<\/div>\n\t\t\t\t<\/div>\n\t\t\t\t<div class=\"elementor-element elementor-element-03ba221 elementor-widget elementor-widget-heading\" data-id=\"03ba221\" data-element_type=\"widget\" data-widget_type=\"heading.default\">\n\t\t\t\t<div class=\"elementor-widget-container\">\n\t\t\t\t\t<h3 class=\"elementor-heading-title elementor-size-default\"> G\u0103zdui\u021bi prezent\u0103ri sau discu\u021bii:<\/h3>\t\t\t\t<\/div>\n\t\t\t\t<\/div>\n\t\t\t\t<div class=\"elementor-element elementor-element-c73783b elementor-widget elementor-widget-heading\" data-id=\"c73783b\" data-element_type=\"widget\" data-widget_type=\"heading.default\">\n\t\t\t\t<div class=\"elementor-widget-container\">\n\t\t\t\t\t<h4 class=\"elementor-heading-title elementor-size-default\">Vorbi\u021bi la \u0219coal\u0103, centre comunitare sau evenimente locale despre economia circular\u0103. \u00cemp\u0103rt\u0103\u0219i\u021bi de ce este esen\u021bial \u0219i cum poate contribui toat\u0103 lumea la un viitor mai durabil.\n<\/h4>\t\t\t\t<\/div>\n\t\t\t\t<\/div>\n\t\t\t\t<div class=\"elementor-element elementor-element-384a201 elementor-widget elementor-widget-heading\" data-id=\"384a201\" data-element_type=\"widget\" data-widget_type=\"heading.default\">\n\t\t\t\t<div class=\"elementor-widget-container\">\n\t\t\t\t\t<h3 class=\"elementor-heading-title elementor-size-default\">Implica\u021bi-v\u0103 cu factorii de decizie:<\/h3>\t\t\t\t<\/div>\n\t\t\t\t<\/div>\n\t\t\t\t<div class=\"elementor-element elementor-element-d7db2b1 elementor-widget elementor-widget-heading\" data-id=\"d7db2b1\" data-element_type=\"widget\" data-widget_type=\"heading.default\">\n\t\t\t\t<div class=\"elementor-widget-container\">\n\t\t\t\t\t<h4 class=\"elementor-heading-title elementor-size-default\">Scrie\u021bi scrisori sau e-mailuri oficialilor guvernamentali locali, \u00eemp\u0103rt\u0103\u0219ind preocup\u0103rile dvs. cu privire la mediu \u0219i pled\u00e2nd pentru practicile economiei circulare \u00een comunitatea dvs.\n<\/h4>\t\t\t\t<\/div>\n\t\t\t\t<\/div>\n\t\t\t\t<div class=\"elementor-element elementor-element-701f725 elementor-widget elementor-widget-heading\" data-id=\"701f725\" data-element_type=\"widget\" data-widget_type=\"heading.default\">\n\t\t\t\t<div class=\"elementor-widget-container\">\n\t\t\t\t\t<h3 class=\"elementor-heading-title elementor-size-default\">Crea\u021bi art\u0103 \u0219i me\u0219te\u0219uguri:<\/h3>\t\t\t\t<\/div>\n\t\t\t\t<\/div>\n\t\t\t\t<div class=\"elementor-element elementor-element-c135302 elementor-widget elementor-widget-heading\" data-id=\"c135302\" data-element_type=\"widget\" data-widget_type=\"heading.default\">\n\t\t\t\t<div class=\"elementor-widget-container\">\n\t\t\t\t\t<h4 class=\"elementor-heading-title elementor-size-default\">Folosi\u021bi-v\u0103 creativitatea pentru a crea art\u0103 sau me\u0219te\u0219uguri care eviden\u021biaz\u0103 frumuse\u021bea \u0219i importan\u021ba economiei circulare. V\u0103 pute\u021bi expune crea\u021biile la evenimente locale sau centre comunitare.\n<\/h4>\t\t\t\t<\/div>\n\t\t\t\t<\/div>\n\t\t\t\t<div class=\"elementor-element elementor-element-92a6d4e elementor-widget elementor-widget-heading\" data-id=\"92a6d4e\" data-element_type=\"widget\" data-widget_type=\"heading.default\">\n\t\t\t\t<div class=\"elementor-widget-container\">\n\t\t\t\t\t<h3 class=\"elementor-heading-title elementor-size-default\">Sprijini\u021bi magazinele second-hand:<\/h3>\t\t\t\t<\/div>\n\t\t\t\t<\/div>\n\t\t\t\t<div class=\"elementor-element elementor-element-942e8b4 elementor-widget elementor-widget-heading\" data-id=\"942e8b4\" data-element_type=\"widget\" data-widget_type=\"heading.default\">\n\t\t\t\t<div class=\"elementor-widget-container\">\n\t\t\t\t\t<h4 class=\"elementor-heading-title elementor-size-default\">\u00cencuraja\u021bi-v\u0103 familia \u0219i prietenii s\u0103 fac\u0103 cump\u0103r\u0103turi la magazinele second-hand sau s\u0103 doneze articole de care nu mai au nevoie. Acest lucru contribuie la promovarea aspectului reutiliz\u0103rii economiei circulare.\n<\/h4>\t\t\t\t<\/div>\n\t\t\t\t<\/div>\n\t\t\t\t<div class=\"elementor-element elementor-element-26eeb4f elementor-widget elementor-widget-heading\" data-id=\"26eeb4f\" data-element_type=\"widget\" data-widget_type=\"heading.default\">\n\t\t\t\t<div class=\"elementor-widget-container\">\n\t\t\t\t\t<h3 class=\"elementor-heading-title elementor-size-default\">Organiza\u021bi ateliere pentru copii  :<\/h3>\t\t\t\t<\/div>\n\t\t\t\t<\/div>\n\t\t\t\t<div class=\"elementor-element elementor-element-82be783 elementor-widget elementor-widget-heading\" data-id=\"82be783\" data-element_type=\"widget\" data-widget_type=\"heading.default\">\n\t\t\t\t<div class=\"elementor-widget-container\">\n\t\t\t\t\t<h4 class=\"elementor-heading-title elementor-size-default\">Dac\u0103 sunte\u021bi copil, pute\u021bi organiza ateliere la \u0219coal\u0103 sau \u00een cartierul dvs. pentru a \u00eenv\u0103\u021ba al\u021bi copii despre economia circular\u0103. Activit\u0103\u021bile \u0219i jocurile distractive pot face \u00eenv\u0103\u021barea despre sustenabilitate pl\u0103cut\u0103.\n<\/h4>\t\t\t\t<\/div>\n\t\t\t\t<\/div>\n\t\t\t\t<div class=\"elementor-element elementor-element-d0d2ea3 elementor-widget elementor-widget-heading\" data-id=\"d0d2ea3\" data-element_type=\"widget\" data-widget_type=\"heading.default\">\n\t\t\t\t<div class=\"elementor-widget-container\">\n\t\t\t\t\t<h5 class=\"elementor-heading-title elementor-size-default\">Aminti\u021bi-v\u0103, nu este vorba despre dimensiunea ac\u021biunilor dvs.; Chiar \u0219i pa\u0219ii mici pot avea un impact mare atunci c\u00e2nd mul\u021bi oameni lucreaz\u0103 \u00eempreun\u0103 pentru un scop comun. R\u0103sp\u00e2ndi\u021bi con\u0219tientizarea, inspira\u021bi-i pe al\u021bii \u0219i fi\u021bi un campion pentru un viitor mai durabil!\n<\/h5>\t\t\t\t<\/div>\n\t\t\t\t<\/div>\n\t\t\t\t\t<\/div>\n\t\t<\/div>\n\t\t\t\t\t<\/div>\n\t\t<\/section>\n\t\t\t\t<\/div>","protected":false},"excerpt":{"rendered":"<p>Methods and techniques for the awareness of the population to adopt the model of the circular economy 1. Educate Yourself Learn about the circular economy and its benefits. Knowledge is a powerful tool to raise awareness. Read books, watch videos, and join educational programs to understand how the circular economy works. 2. Lead by Example [&hellip;]<\/p>","protected":false},"author":1,"featured_media":0,"parent":0,"menu_order":0,"comment_status":"closed","ping_status":"closed","template":"","meta":{"site-sidebar-layout":"no-sidebar","site-content-layout":"page-builder","ast-site-content-layout":"default","site-content-style":"default","site-sidebar-style":"default","ast-global-header-display":"","ast-banner-title-visibility":"","ast-main-header-display":"","ast-hfb-above-header-display":"","ast-hfb-below-header-display":"","ast-hfb-mobile-header-display":"","site-post-title":"disabled","ast-breadcrumbs-content":"","ast-featured-img":"disabled","footer-sml-layout":"","ast-disable-related-posts":"","theme-transparent-header-meta":"","adv-header-id-meta":"","stick-header-meta":"","header-above-stick-meta":"","header-main-stick-meta":"","header-below-stick-meta":"","astra-migrate-meta-layouts":"default","ast-page-background-enabled":"default","ast-page-background-meta":{"desktop":{"background-color":"","background-image":"","background-repeat":"repeat","background-position":"center center","background-size":"auto","background-attachment":"scroll","background-type":"","background-media":"","overlay-type":"","overlay-color":"","overlay-opacity":"","overlay-gradient":""},"tablet":{"background-color":"","background-image":"","background-repeat":"repeat","background-position":"center center","background-size":"auto","background-attachment":"scroll","background-type":"","background-media":"","overlay-type":"","overlay-color":"","overlay-opacity":"","overlay-gradient":""},"mobile":{"background-color":"","background-image":"","background-repeat":"repeat","background-position":"center center","background-size":"auto","background-attachment":"scroll","background-type":"","background-media":"","overlay-type":"","overlay-color":"","overlay-opacity":"","overlay-gradient":""}},"ast-content-background-meta":{"desktop":{"background-color":"var(--ast-global-color-5)","background-image":"","background-repeat":"repeat","background-position":"center center","background-size":"auto","background-attachment":"scroll","background-type":"","background-media":"","overlay-type":"","overlay-color":"","overlay-opacity":"","overlay-gradient":""},"tablet":{"background-color":"var(--ast-global-color-5)","background-image":"","background-repeat":"repeat","background-position":"center center","background-size":"auto","background-attachment":"scroll","background-type":"","background-media":"","overlay-type":"","overlay-color":"","overlay-opacity":"","overlay-gradient":""},"mobile":{"background-color":"var(--ast-global-color-5)","background-image":"","background-repeat":"repeat","background-position":"center center","background-size":"auto","background-attachment":"scroll","background-type":"","background-media":"","overlay-type":"","overlay-color":"","overlay-opacity":"","overlay-gradient":""}},"footnotes":""},"aioseo_notices":[],"_links":{"self":[{"href":"https:\/\/thinkdifferently-actdifferently.eu\/ro\/wp-json\/wp\/v2\/pages\/26895"}],"collection":[{"href":"https:\/\/thinkdifferently-actdifferently.eu\/ro\/wp-json\/wp\/v2\/pages"}],"about":[{"href":"https:\/\/thinkdifferently-actdifferently.eu\/ro\/wp-json\/wp\/v2\/types\/page"}],"author":[{"embeddable":true,"href":"https:\/\/thinkdifferently-actdifferently.eu\/ro\/wp-json\/wp\/v2\/users\/1"}],"replies":[{"embeddable":true,"href":"https:\/\/thinkdifferently-actdifferently.eu\/ro\/wp-json\/wp\/v2\/comments?post=26895"}],"version-history":[{"count":7,"href":"https:\/\/thinkdifferently-actdifferently.eu\/ro\/wp-json\/wp\/v2\/pages\/26895\/revisions"}],"predecessor-version":[{"id":27590,"href":"https:\/\/thinkdifferently-actdifferently.eu\/ro\/wp-json\/wp\/v2\/pages\/26895\/revisions\/27590"}],"wp:attachment":[{"href":"https:\/\/thinkdifferently-actdifferently.eu\/ro\/wp-json\/wp\/v2\/media?parent=26895"}],"curies":[{"name":"wp","href":"https:\/\/api.w.org\/{rel}","templated":true}]}}