{"id":26629,"date":"2023-02-22T11:02:25","date_gmt":"2023-02-22T11:02:25","guid":{"rendered":"https:\/\/thinkdifferently-actdifferently.eu\/?page_id=26629"},"modified":"2023-12-07T21:23:42","modified_gmt":"2023-12-07T19:23:42","slug":"chapter-2","status":"publish","type":"page","link":"https:\/\/thinkdifferently-actdifferently.eu\/ro\/chapter-2\/","title":{"rendered":"Capitolul 2"},"content":{"rendered":"<div data-elementor-type=\"wp-page\" data-elementor-id=\"26629\" class=\"elementor elementor-26629\">\n\t\t\t\t\t\t<section class=\"elementor-section elementor-top-section elementor-element elementor-element-8d2ad21 elementor-section-boxed elementor-section-height-default elementor-section-height-default\" data-id=\"8d2ad21\" data-element_type=\"section\">\n\t\t\t\t\t\t<div class=\"elementor-container elementor-column-gap-default\">\n\t\t\t\t\t<div class=\"elementor-column elementor-col-100 elementor-top-column elementor-element elementor-element-5a790ff\" data-id=\"5a790ff\" data-element_type=\"column\">\n\t\t\t<div class=\"elementor-widget-wrap elementor-element-populated\">\n\t\t\t\t\t\t<div class=\"elementor-element elementor-element-1485f52 elementor-widget elementor-widget-heading\" data-id=\"1485f52\" data-element_type=\"widget\" data-settings=\"{&quot;_animation&quot;:&quot;none&quot;}\" data-widget_type=\"heading.default\">\n\t\t\t\t<div class=\"elementor-widget-container\">\n\t\t\t\t\t<h2 class=\"elementor-heading-title elementor-size-default\">Capitolul 2<\/h2>\t\t\t\t<\/div>\n\t\t\t\t<\/div>\n\t\t\t\t<div class=\"elementor-element elementor-element-28e5158 elementor-widget elementor-widget-text-editor\" data-id=\"28e5158\" data-element_type=\"widget\" data-widget_type=\"text-editor.default\">\n\t\t\t\t<div class=\"elementor-widget-container\">\n\t\t\t\t\t\t\t\t\t<p>\u00cen lumea de ast\u0103zi, \u00een care provoc\u0103rile de mediu sunt mari, conceptul de economie circular\u0103 a ap\u0103rut ca o solu\u021bie viabil\u0103 pentru a aborda deficitul de resurse, generarea de de\u0219euri \u0219i schimb\u0103rile climatice. Acest capitol \u00ee\u0219i propune s\u0103 ofere o \u00een\u021belegere cuprinz\u0103toare a principiilor economiei circulare \u0219i a strategiilor practice pentru a le pune \u00een aplicare \u00een via\u021ba de zi cu zi, \u00een \u00eentreprinderi \u0219i \u00een comunit\u0103\u021bi.\u00a0<\/p><p>Acest capitol privind \"Economia circular\u0103 pentru un mediu mai s\u0103n\u0103tos\" \u00ee\u0219i propune s\u0103 ofere cititorilor o \u00een\u021belegere cuprinz\u0103toare a principiilor economiei circulare \u0219i a strategiilor practice. Acesta \u00eencepe cu o explorare a conceptului de zero de\u0219euri \u00een cadrul economiei circulare. Unit\u0103\u021bile ulterioare acoper\u0103 principiile economiei circulare \u0219i rolul economiei circulare \u00een politicile UE \u0219i prezint\u0103 bunele practici \u00een domeniu. Unitatea final\u0103 subliniaz\u0103 rolul transformator al economiei circulare \u00een ora\u0219e. La finalul parcurgerii acestui capitol, cititorii vor fi \u00eenzestra\u021bi cu cuno\u0219tin\u021be \u0219i inspira\u021bie pentru a \u00eembr\u0103\u021bi\u0219a principiile economiei circulare \u0219i pentru a contribui la un mediu mai s\u0103n\u0103tos.<\/p>\t\t\t\t\t\t\t\t<\/div>\n\t\t\t\t<\/div>\n\t\t\t\t<div class=\"elementor-element elementor-element-1e9f530 ekit-blog-posts--bg-hover bg-hover-classic elementor-invisible elementor-widget elementor-widget-elementskit-blog-posts\" data-id=\"1e9f530\" data-element_type=\"widget\" data-settings=\"{&quot;_animation&quot;:&quot;fadeInUp&quot;}\" data-widget_type=\"elementskit-blog-posts.default\">\n\t\t\t\t<div class=\"elementor-widget-container\">\n\t\t\t\t\t<div class=\"ekit-wid-con\" >        <div id=\"post-items--1e9f530\" class=\"row post-items\">\n                    <div class=\"col-lg-6 col-md-6\">\n\n                                    <div class=\"elementskit-post-image-card\">\n                        <div class=\"elementskit-entry-header\">\n                            \n                            \n\t\t\t\t\t\t\t\t\t\t\t\t\t<\/div><!-- .elementskit-entry-header END -->\n\n\t\t\t\t\t\t<div class=\"elementskit-post-body\">\n\t\t\t\t\t\t\t\n\t\t\t\t\t\t\t\t\t\t\t\t\t\t\t\t\t\t\t\t\t\t\t\t\t\t\t\t\t\t\n\t\t\t\t\t\t\t\t\n\t\t\t\t\t\t\t\t\t\t\t\t\t\t\t\t\t\t\t\t\t<h2 class=\"entry-title\">\n\t\t\t\t\t<a href=\"https:\/\/thinkdifferently-actdifferently.eu\/ro\/the-concept-of-zero-waste-in-circular-economy\/\">\n\t\t\t\t\t\tPrima lec\u021bie\t\t\t\t\t<\/a>\n\t\t\t\t<\/h2>\n\t\t\t\t\t\t\t\t\t\t\t\t\t\t\t\t\t\t\t\t\t\t\t\t\t\t\t\t\t\t\t\t\t\t\t\t\t\t\t\t\t\t<p>Conceptul de zero de\u0219euri \u00een...<\/p>\n\t\t\t\t\t\t\t\t\t\t\t\t\t\t\t\t\t\t\t\t\t\t                                                            <div class=\"btn-wraper\">\n                                    \n                                                                            <a class=\"elementskit-btn whitespace--normal\" id=\"\" href=\"https:\/\/thinkdifferently-actdifferently.eu\/ro\/the-concept-of-zero-waste-in-circular-economy\/\">\n                                        \t                                            Afla\u021bi mai multe                                         <\/a>\n                                                                    <\/div>\n                                                    <\/div><!-- .elementskit-post-body END -->\n                    <\/div>\n                \n            <\/div>\n                    <div class=\"col-lg-6 col-md-6\">\n\n                                    <div class=\"elementskit-post-image-card\">\n                        <div class=\"elementskit-entry-header\">\n                            \n                            \n\t\t\t\t\t\t\t\t\t\t\t\t\t<\/div><!-- .elementskit-entry-header END -->\n\n\t\t\t\t\t\t<div class=\"elementskit-post-body\">\n\t\t\t\t\t\t\t\n\t\t\t\t\t\t\t\t\t\t\t\t\t\t\t\t\t\t\t\t\t\t\t\t\t\t\t\t\t\t\n\t\t\t\t\t\t\t\t\n\t\t\t\t\t\t\t\t\t\t\t\t\t\t\t\t\t\t\t\t\t<h2 class=\"entry-title\">\n\t\t\t\t\t<a href=\"https:\/\/thinkdifferently-actdifferently.eu\/ro\/strategies-for-achieving-zero-waste\/\">\n\t\t\t\t\t\tA doua lec\u021bie\t\t\t\t\t<\/a>\n\t\t\t\t<\/h2>\n\t\t\t\t\t\t\t\t\t\t\t\t\t\t\t\t\t\t\t\t\t\t\t\t\t\t\t\t\t\t\t\t\t\t\t\t\t\t\t\t\t\t<p>Strategii pentru atingerea unui nivel zero de reducere a de\u0219eurilor...<\/p>\n\t\t\t\t\t\t\t\t\t\t\t\t\t\t\t\t\t\t\t\t\t\t                                                            <div class=\"btn-wraper\">\n                                    \n                                                                            <a class=\"elementskit-btn whitespace--normal\" id=\"\" href=\"https:\/\/thinkdifferently-actdifferently.eu\/ro\/strategies-for-achieving-zero-waste\/\">\n                                        \t                                            Afla\u021bi mai multe                                         <\/a>\n                                                                    <\/div>\n                                                    <\/div><!-- .elementskit-post-body END -->\n                    <\/div>\n                \n            <\/div>\n                    <div class=\"col-lg-6 col-md-6\">\n\n                                    <div class=\"elementskit-post-image-card\">\n                        <div class=\"elementskit-entry-header\">\n                            \n                            \n\t\t\t\t\t\t\t\t\t\t\t\t\t<\/div><!-- .elementskit-entry-header END -->\n\n\t\t\t\t\t\t<div class=\"elementskit-post-body\">\n\t\t\t\t\t\t\t\n\t\t\t\t\t\t\t\t\t\t\t\t\t\t\t\t\t\t\t\t\t\t\t\t\t\t\t\t\t\t\n\t\t\t\t\t\t\t\t\n\t\t\t\t\t\t\t\t\t\t\t\t\t\t\t\t\t\t\t\t\t<h2 class=\"entry-title\">\n\t\t\t\t\t<a href=\"https:\/\/thinkdifferently-actdifferently.eu\/ro\/principles-of-circular-economy\/\">\n\t\t\t\t\t\tA treia lec\u021bie\t\t\t\t\t<\/a>\n\t\t\t\t<\/h2>\n\t\t\t\t\t\t\t\t\t\t\t\t\t\t\t\t\t\t\t\t\t\t\t\t\t\t\t\t\t\t\t\t\t\t\t\t\t\t\t\t\t\t<p>Principiile economiei circulare Importan\u021ba \u0219i...<\/p>\n\t\t\t\t\t\t\t\t\t\t\t\t\t\t\t\t\t\t\t\t\t\t                                                            <div class=\"btn-wraper\">\n                                    \n                                                                            <a class=\"elementskit-btn whitespace--normal\" id=\"\" href=\"https:\/\/thinkdifferently-actdifferently.eu\/ro\/principles-of-circular-economy\/\">\n                                        \t                                            Afla\u021bi mai multe                                         <\/a>\n                                                                    <\/div>\n                                                    <\/div><!-- .elementskit-post-body END -->\n                    <\/div>\n                \n            <\/div>\n                    <div class=\"col-lg-6 col-md-6\">\n\n                                    <div class=\"elementskit-post-image-card\">\n                        <div class=\"elementskit-entry-header\">\n                            \n                            \n\t\t\t\t\t\t\t\t\t\t\t\t\t<\/div><!-- .elementskit-entry-header END -->\n\n\t\t\t\t\t\t<div class=\"elementskit-post-body\">\n\t\t\t\t\t\t\t\n\t\t\t\t\t\t\t\t\t\t\t\t\t\t\t\t\t\t\t\t\t\t\t\t\t\t\t\t\t\t\n\t\t\t\t\t\t\t\t\n\t\t\t\t\t\t\t\t\t\t\t\t\t\t\t\t\t\t\t\t\t<h2 class=\"entry-title\">\n\t\t\t\t\t<a href=\"https:\/\/thinkdifferently-actdifferently.eu\/ro\/circular-economy-in-eu-policies\/\">\n\t\t\t\t\t\tLec\u021bia a patra\t\t\t\t\t<\/a>\n\t\t\t\t<\/h2>\n\t\t\t\t\t\t\t\t\t\t\t\t\t\t\t\t\t\t\t\t\t\t\t\t\t\t\t\t\t\t\t\t\t\t\t\t\t\t\t\t\t\t<p>Economia circular\u0103 \u00een politicile UE Prezentare general\u0103...<\/p>\n\t\t\t\t\t\t\t\t\t\t\t\t\t\t\t\t\t\t\t\t\t\t                                                            <div class=\"btn-wraper\">\n                                    \n                                                                            <a class=\"elementskit-btn whitespace--normal\" id=\"\" href=\"https:\/\/thinkdifferently-actdifferently.eu\/ro\/circular-economy-in-eu-policies\/\">\n                                        \t                                            Afla\u021bi mai multe                                         <\/a>\n                                                                    <\/div>\n                                                    <\/div><!-- .elementskit-post-body END -->\n                    <\/div>\n                \n            <\/div>\n                    <div class=\"col-lg-6 col-md-6\">\n\n                                    <div class=\"elementskit-post-image-card\">\n                        <div class=\"elementskit-entry-header\">\n                            \n                            \n\t\t\t\t\t\t\t\t\t\t\t\t\t<\/div><!-- .elementskit-entry-header END -->\n\n\t\t\t\t\t\t<div class=\"elementskit-post-body\">\n\t\t\t\t\t\t\t\n\t\t\t\t\t\t\t\t\t\t\t\t\t\t\t\t\t\t\t\t\t\t\t\t\t\t\t\t\t\t\n\t\t\t\t\t\t\t\t\n\t\t\t\t\t\t\t\t\t\t\t\t\t\t\t\t\t\t\t\t\t<h2 class=\"entry-title\">\n\t\t\t\t\t<a href=\"https:\/\/thinkdifferently-actdifferently.eu\/ro\/good-practices-in-the-field-of-circular-economy\/\">\n\t\t\t\t\t\tA cincea lec\u021bie\t\t\t\t\t<\/a>\n\t\t\t\t<\/h2>\n\t\t\t\t\t\t\t\t\t\t\t\t\t\t\t\t\t\t\t\t\t\t\t\t\t\t\t\t\t\t\t\t\t\t\t\t\t\t\t\t\t\t<p>Bune practici \u00een domeniul...<\/p>\n\t\t\t\t\t\t\t\t\t\t\t\t\t\t\t\t\t\t\t\t\t\t                                                            <div class=\"btn-wraper\">\n                                    \n                                                                            <a class=\"elementskit-btn whitespace--normal\" id=\"\" href=\"https:\/\/thinkdifferently-actdifferently.eu\/ro\/good-practices-in-the-field-of-circular-economy\/\">\n                                        \t                                            Afla\u021bi mai multe                                         <\/a>\n                                                                    <\/div>\n                                                    <\/div><!-- .elementskit-post-body END -->\n                    <\/div>\n                \n            <\/div>\n                <\/div>\n       <\/div>\t\t\t\t<\/div>\n\t\t\t\t<\/div>\n\t\t\t\t\t<\/div>\n\t\t<\/div>\n\t\t\t\t\t<\/div>\n\t\t<\/section>\n\t\t\t\t<section class=\"elementor-section elementor-top-section elementor-element elementor-element-491963a elementor-section-boxed elementor-section-height-default elementor-section-height-default\" data-id=\"491963a\" data-element_type=\"section\">\n\t\t\t\t\t\t<div class=\"elementor-container elementor-column-gap-default\">\n\t\t\t\t\t<div class=\"elementor-column elementor-col-100 elementor-top-column elementor-element elementor-element-d54ee44\" data-id=\"d54ee44\" data-element_type=\"column\">\n\t\t\t<div class=\"elementor-widget-wrap elementor-element-populated\">\n\t\t\t\t\t\t<section class=\"elementor-section elementor-inner-section elementor-element elementor-element-b193d5d elementor-section-boxed elementor-section-height-default elementor-section-height-default\" data-id=\"b193d5d\" data-element_type=\"section\">\n\t\t\t\t\t\t<div class=\"elementor-container elementor-column-gap-default\">\n\t\t\t\t\t<div class=\"elementor-column elementor-col-100 elementor-inner-column elementor-element elementor-element-2aaaba5\" data-id=\"2aaaba5\" data-element_type=\"column\">\n\t\t\t<div class=\"elementor-widget-wrap elementor-element-populated\">\n\t\t\t\t\t\t<div class=\"elementor-element elementor-element-647d57f englishtest elementor-position-top elementor-widget elementor-widget-image-box\" data-id=\"647d57f\" data-element_type=\"widget\" data-widget_type=\"image-box.default\">\n\t\t\t\t<div class=\"elementor-widget-container\">\n\t\t\t\t\t<div class=\"elementor-image-box-wrapper\"><figure class=\"elementor-image-box-img\"><a href=\"\/wp-content\/uploads\/EN-Chapter2.pdf\" target=\"_blank\" tabindex=\"-1\"><img decoding=\"async\" width=\"207\" height=\"228\" src=\"https:\/\/thinkdifferently-actdifferently.eu\/wp-content\/uploads\/2022\/10\/erasmus_logo_verde.svg\" class=\"attachment-full size-full wp-image-10\" alt=\"\" \/><\/a><\/figure><div class=\"elementor-image-box-content\"><h3 class=\"elementor-image-box-title\"><a href=\"\/wp-content\/uploads\/EN-Chapter2.pdf\" target=\"_blank\">English version<\/a><\/h3><p class=\"elementor-image-box-description\">Click here to download <br> <b>CHAPTER 2<\/b><br>\n<\/p><\/div><\/div>\t\t\t\t<\/div>\n\t\t\t\t<\/div>\n\t\t\t\t<div class=\"elementor-element elementor-element-d1472d3 pttest elementor-position-top elementor-widget elementor-widget-image-box\" data-id=\"d1472d3\" data-element_type=\"widget\" data-widget_type=\"image-box.default\">\n\t\t\t\t<div class=\"elementor-widget-container\">\n\t\t\t\t\t<div class=\"elementor-image-box-wrapper\"><figure class=\"elementor-image-box-img\"><a href=\"\/wp-content\/uploads\/PT-Chapter2.pdf\" target=\"_blank\" tabindex=\"-1\"><img decoding=\"async\" width=\"207\" height=\"228\" src=\"https:\/\/thinkdifferently-actdifferently.eu\/wp-content\/uploads\/2022\/10\/erasmus_logo_verde.svg\" class=\"attachment-full size-full wp-image-10\" alt=\"\" \/><\/a><\/figure><div class=\"elementor-image-box-content\"><h3 class=\"elementor-image-box-title\"><a href=\"\/wp-content\/uploads\/PT-Chapter2.pdf\" target=\"_blank\">Portugu\u00eas<\/a><\/h3><p class=\"elementor-image-box-description\">Clique aqui para baixar <br> <b>CAP\u00cdTULO 2<\/b><br>\n<\/p><\/div><\/div>\t\t\t\t<\/div>\n\t\t\t\t<\/div>\n\t\t\t\t<div class=\"elementor-element elementor-element-488acdf croatiantest elementor-position-top elementor-widget elementor-widget-image-box\" data-id=\"488acdf\" data-element_type=\"widget\" data-widget_type=\"image-box.default\">\n\t\t\t\t<div class=\"elementor-widget-container\">\n\t\t\t\t\t<div class=\"elementor-image-box-wrapper\"><figure class=\"elementor-image-box-img\"><a href=\"\/wp-content\/uploads\/CR-Chapter2.pdf\" target=\"_blank\" tabindex=\"-1\"><img decoding=\"async\" width=\"207\" height=\"228\" src=\"https:\/\/thinkdifferently-actdifferently.eu\/wp-content\/uploads\/2022\/10\/erasmus_logo_verde.svg\" class=\"attachment-full size-full wp-image-10\" alt=\"\" \/><\/a><\/figure><div class=\"elementor-image-box-content\"><h3 class=\"elementor-image-box-title\"><a href=\"\/wp-content\/uploads\/CR-Chapter2.pdf\" target=\"_blank\">Hrvatski<\/a><\/h3><p class=\"elementor-image-box-description\">Kliknite ovdje za preuzimanje <br> <b>2. POGLAVLJA<\/b><br>\n<\/p><\/div><\/div>\t\t\t\t<\/div>\n\t\t\t\t<\/div>\n\t\t\t\t<div class=\"elementor-element elementor-element-760573d greektest elementor-position-top elementor-widget elementor-widget-image-box\" data-id=\"760573d\" data-element_type=\"widget\" data-widget_type=\"image-box.default\">\n\t\t\t\t<div class=\"elementor-widget-container\">\n\t\t\t\t\t<div class=\"elementor-image-box-wrapper\"><figure class=\"elementor-image-box-img\"><a href=\"\/wp-content\/uploads\/GR-Chapter2.pdf\" target=\"_blank\" tabindex=\"-1\"><img decoding=\"async\" width=\"207\" height=\"228\" src=\"https:\/\/thinkdifferently-actdifferently.eu\/wp-content\/uploads\/2022\/10\/erasmus_logo_verde.svg\" class=\"attachment-full size-full wp-image-10\" alt=\"\" \/><\/a><\/figure><div class=\"elementor-image-box-content\"><h3 class=\"elementor-image-box-title\"><a href=\"\/wp-content\/uploads\/GR-Chapter2.pdf\" target=\"_blank\">\u0395\u03bb\u03bb\u03b7\u03bd\u03b9\u03ba\u03ac<\/a><\/h3><p class=\"elementor-image-box-description\">\u039a\u03ac\u03bd\u03c4\u03b5 \u03ba\u03bb\u03b9\u03ba \u03b5\u03b4\u03ce \u03b3\u03b9\u03b1 \u03bb\u03ae\u03c8\u03b7 \u03c4\u03bf\u03c5 <br> <b>\u039a\u0395\u03a6\u0391\u039b\u0391\u0399\u039f 2<\/b><br>\n<\/p><\/div><\/div>\t\t\t\t<\/div>\n\t\t\t\t<\/div>\n\t\t\t\t<div class=\"elementor-element elementor-element-5640a2d spanishtest elementor-position-top elementor-widget elementor-widget-image-box\" data-id=\"5640a2d\" data-element_type=\"widget\" data-widget_type=\"image-box.default\">\n\t\t\t\t<div class=\"elementor-widget-container\">\n\t\t\t\t\t<div class=\"elementor-image-box-wrapper\"><figure class=\"elementor-image-box-img\"><a href=\"\/wp-content\/uploads\/SP-Chapter2.pdf\" target=\"_blank\" tabindex=\"-1\"><img decoding=\"async\" width=\"207\" height=\"228\" src=\"https:\/\/thinkdifferently-actdifferently.eu\/wp-content\/uploads\/2022\/10\/erasmus_logo_verde.svg\" class=\"attachment-full size-full wp-image-10\" alt=\"\" \/><\/a><\/figure><div class=\"elementor-image-box-content\"><h3 class=\"elementor-image-box-title\"><a href=\"\/wp-content\/uploads\/SP-Chapter2.pdf\" target=\"_blank\">Espa\u00f1ol<\/a><\/h3><p class=\"elementor-image-box-description\">Haga clic aqu\u00ed para descargar <br> <b>CAP\u00cdTULO 2<\/b><br>\n<\/p><\/div><\/div>\t\t\t\t<\/div>\n\t\t\t\t<\/div>\n\t\t\t\t<div class=\"elementor-element elementor-element-9e0f477 rotest elementor-position-top elementor-widget elementor-widget-image-box\" data-id=\"9e0f477\" data-element_type=\"widget\" data-widget_type=\"image-box.default\">\n\t\t\t\t<div class=\"elementor-widget-container\">\n\t\t\t\t\t<div class=\"elementor-image-box-wrapper\"><figure class=\"elementor-image-box-img\"><a href=\"\/wp-content\/uploads\/RO-Chapter2.pdf\" target=\"_blank\" tabindex=\"-1\"><img decoding=\"async\" width=\"207\" height=\"228\" src=\"https:\/\/thinkdifferently-actdifferently.eu\/wp-content\/uploads\/2022\/10\/erasmus_logo_verde.svg\" class=\"attachment-full size-full wp-image-10\" alt=\"\" \/><\/a><\/figure><div class=\"elementor-image-box-content\"><h3 class=\"elementor-image-box-title\"><a href=\"\/wp-content\/uploads\/RO-Chapter2.pdf\" target=\"_blank\">Rom\u00e2n\u0103<\/a><\/h3><p class=\"elementor-image-box-description\">Face\u021bi clic aici pentru a desc\u0103rca <br> <b>CAPITOLUL 2<\/b><br><\/p><\/div><\/div>\t\t\t\t<\/div>\n\t\t\t\t<\/div>\n\t\t\t\t<div class=\"elementor-element elementor-element-354987f elementor-widget elementor-widget-html\" data-id=\"354987f\" data-element_type=\"widget\" data-widget_type=\"html.default\">\n\t\t\t\t<div class=\"elementor-widget-container\">\n\t\t\t\t\t<style>\n    .translatepress-en_US .croatiantest  {\ndisplay: none !important;\n}\n.translatepress-en_US .greektest  {\ndisplay: none !important;\n}\n.translatepress-en_US .spanishtest  {\ndisplay: none !important;\n}\n.translatepress-en_US .pttest  {\ndisplay: none !important;\n}\n.translatepress-en_US .rotest  {\ndisplay: none !important;\n}\n.translatepress-hr .englishtest {\ndisplay: none !important;\n}\n.translatepress-hr .greektest {\ndisplay: none !important;\n}\n.translatepress-hr .spanishtest {\ndisplay: none !important;\n}\n.translatepress-hr .rotest {\ndisplay: none !important;\n}\n.translatepress-hr .pttest {\ndisplay: none !important;\n}\n.translatepress-el .englishtest {\ndisplay: none !important;\n}\n.translatepress-el .croatiantest {\ndisplay: none !important;\n}\n.translatepress-el .spanishtest {\ndisplay: none !important;\n}\n.translatepress-el .rotest {\ndisplay: none !important;\n}\n.translatepress-el .pttest {\ndisplay: none !important;\n}\n.translatepress-es_ES .croatiantest {\ndisplay: none !important;\n}\n.translatepress-es_ES .englishtest {\ndisplay: none !important;\n}\n.translatepress-es_ES .greektest {\ndisplay: none !important;\n}\n.translatepress-es_ES .rotest {\ndisplay: none !important;\n}\n.translatepress-es_ES .pttest {\ndisplay: none !important;\n}\n\n\n.translatepress-pt_PT .croatiantest {\ndisplay: none !important;\n}\n.translatepress-pt_PT .englishtest {\ndisplay: none !important;\n}\n.translatepress-pt_PT .greektest {\ndisplay: none !important;\n}\n.translatepress-pt_PT .rotest {\ndisplay: none !important;\n}\n.translatepress-pt_PT .spanishtest {\ndisplay: none !important;\n}\n\n\n.translatepress-ro_RO .croatiantest {\ndisplay: none !important;\n}\n.translatepress-ro_RO .englishtest {\ndisplay: none !important;\n}\n.translatepress-ro_RO .greektest {\ndisplay: none !important;\n}\n.translatepress-ro_RO .pttest {\ndisplay: none !important;\n}\n.translatepress-ro_RO .spanishtest {\ndisplay: none !important;\n}\n<\/style>\t\t\t\t<\/div>\n\t\t\t\t<\/div>\n\t\t\t\t\t<\/div>\n\t\t<\/div>\n\t\t\t\t\t<\/div>\n\t\t<\/section>\n\t\t\t\t\t<\/div>\n\t\t<\/div>\n\t\t\t\t\t<\/div>\n\t\t<\/section>\n\t\t\t\t<\/div>","protected":false},"excerpt":{"rendered":"<p>Chapter 2 In today&#8217;s world, where environmental challenges loom large, the concept of circular economy has emerged as a powerful solution to address resource scarcity, waste generation, and climate change. This chapter aims to provide a comprehensive understanding of circular economy principles and practical strategies to implement them in your daily life, businesses, and communities.\u00a0 [&hellip;]<\/p>","protected":false},"author":1,"featured_media":0,"parent":0,"menu_order":0,"comment_status":"closed","ping_status":"closed","template":"","meta":{"site-sidebar-layout":"no-sidebar","site-content-layout":"page-builder","ast-site-content-layout":"default","site-content-style":"default","site-sidebar-style":"default","ast-global-header-display":"","ast-banner-title-visibility":"","ast-main-header-display":"","ast-hfb-above-header-display":"","ast-hfb-below-header-display":"","ast-hfb-mobile-header-display":"","site-post-title":"disabled","ast-breadcrumbs-content":"","ast-featured-img":"disabled","footer-sml-layout":"","ast-disable-related-posts":"","theme-transparent-header-meta":"","adv-header-id-meta":"","stick-header-meta":"","header-above-stick-meta":"","header-main-stick-meta":"","header-below-stick-meta":"","astra-migrate-meta-layouts":"default","ast-page-background-enabled":"default","ast-page-background-meta":{"desktop":{"background-color":"","background-image":"","background-repeat":"repeat","background-position":"center center","background-size":"auto","background-attachment":"scroll","background-type":"","background-media":"","overlay-type":"","overlay-color":"","overlay-opacity":"","overlay-gradient":""},"tablet":{"background-color":"","background-image":"","background-repeat":"repeat","background-position":"center center","background-size":"auto","background-attachment":"scroll","background-type":"","background-media":"","overlay-type":"","overlay-color":"","overlay-opacity":"","overlay-gradient":""},"mobile":{"background-color":"","background-image":"","background-repeat":"repeat","background-position":"center center","background-size":"auto","background-attachment":"scroll","background-type":"","background-media":"","overlay-type":"","overlay-color":"","overlay-opacity":"","overlay-gradient":""}},"ast-content-background-meta":{"desktop":{"background-color":"var(--ast-global-color-5)","background-image":"","background-repeat":"repeat","background-position":"center center","background-size":"auto","background-attachment":"scroll","background-type":"","background-media":"","overlay-type":"","overlay-color":"","overlay-opacity":"","overlay-gradient":""},"tablet":{"background-color":"var(--ast-global-color-5)","background-image":"","background-repeat":"repeat","background-position":"center center","background-size":"auto","background-attachment":"scroll","background-type":"","background-media":"","overlay-type":"","overlay-color":"","overlay-opacity":"","overlay-gradient":""},"mobile":{"background-color":"var(--ast-global-color-5)","background-image":"","background-repeat":"repeat","background-position":"center center","background-size":"auto","background-attachment":"scroll","background-type":"","background-media":"","overlay-type":"","overlay-color":"","overlay-opacity":"","overlay-gradient":""}},"footnotes":""},"aioseo_notices":[],"_links":{"self":[{"href":"https:\/\/thinkdifferently-actdifferently.eu\/ro\/wp-json\/wp\/v2\/pages\/26629"}],"collection":[{"href":"https:\/\/thinkdifferently-actdifferently.eu\/ro\/wp-json\/wp\/v2\/pages"}],"about":[{"href":"https:\/\/thinkdifferently-actdifferently.eu\/ro\/wp-json\/wp\/v2\/types\/page"}],"author":[{"embeddable":true,"href":"https:\/\/thinkdifferently-actdifferently.eu\/ro\/wp-json\/wp\/v2\/users\/1"}],"replies":[{"embeddable":true,"href":"https:\/\/thinkdifferently-actdifferently.eu\/ro\/wp-json\/wp\/v2\/comments?post=26629"}],"version-history":[{"count":25,"href":"https:\/\/thinkdifferently-actdifferently.eu\/ro\/wp-json\/wp\/v2\/pages\/26629\/revisions"}],"predecessor-version":[{"id":27652,"href":"https:\/\/thinkdifferently-actdifferently.eu\/ro\/wp-json\/wp\/v2\/pages\/26629\/revisions\/27652"}],"wp:attachment":[{"href":"https:\/\/thinkdifferently-actdifferently.eu\/ro\/wp-json\/wp\/v2\/media?parent=26629"}],"curies":[{"name":"wp","href":"https:\/\/api.w.org\/{rel}","templated":true}]}}