{"id":26166,"date":"2023-01-24T21:08:04","date_gmt":"2023-01-24T21:08:04","guid":{"rendered":"https:\/\/thinkdifferently-actdifferently.eu\/?page_id=26166"},"modified":"2023-11-09T13:32:03","modified_gmt":"2023-11-09T11:32:03","slug":"for-trainers","status":"publish","type":"page","link":"https:\/\/thinkdifferently-actdifferently.eu\/ro\/for-trainers\/","title":{"rendered":"Pentru formatori"},"content":{"rendered":"<div data-elementor-type=\"wp-page\" data-elementor-id=\"26166\" class=\"elementor elementor-26166\">\n\t\t\t\t\t\t<section class=\"elementor-section elementor-top-section elementor-element elementor-element-6bc8171 elementor-section-boxed elementor-section-height-default elementor-section-height-default\" data-id=\"6bc8171\" data-element_type=\"section\">\n\t\t\t\t\t\t<div class=\"elementor-container elementor-column-gap-default\">\n\t\t\t\t\t<div class=\"elementor-column elementor-col-100 elementor-top-column elementor-element elementor-element-f2480c7\" data-id=\"f2480c7\" data-element_type=\"column\" data-settings=\"{&quot;background_background&quot;:&quot;classic&quot;}\">\n\t\t\t<div class=\"elementor-widget-wrap elementor-element-populated\">\n\t\t\t\t\t\t<div class=\"elementor-element elementor-element-0b2027f elementor-widget elementor-widget-heading\" data-id=\"0b2027f\" data-element_type=\"widget\" data-widget_type=\"heading.default\">\n\t\t\t\t<div class=\"elementor-widget-container\">\n\t\t\t\t\t<h2 class=\"elementor-heading-title elementor-size-default\">METHODOLOGICAL PART 1<\/h2>\t\t\t\t<\/div>\n\t\t\t\t<\/div>\n\t\t\t\t<section class=\"elementor-section elementor-inner-section elementor-element elementor-element-5370bda elementor-section-boxed elementor-section-height-default elementor-section-height-default\" data-id=\"5370bda\" data-element_type=\"section\">\n\t\t\t\t\t\t<div class=\"elementor-container elementor-column-gap-default\">\n\t\t\t\t\t<div class=\"elementor-column elementor-col-50 elementor-inner-column elementor-element elementor-element-c2d016c\" data-id=\"c2d016c\" data-element_type=\"column\">\n\t\t\t<div class=\"elementor-widget-wrap elementor-element-populated\">\n\t\t\t\t\t\t<div class=\"elementor-element elementor-element-1ad90f5 elementor-widget elementor-widget-heading\" data-id=\"1ad90f5\" data-element_type=\"widget\" data-widget_type=\"heading.default\">\n\t\t\t\t<div class=\"elementor-widget-container\">\n\t\t\t\t\t<h2 class=\"elementor-heading-title elementor-size-default\">Introducere<\/h2>\t\t\t\t<\/div>\n\t\t\t\t<\/div>\n\t\t\t\t<div class=\"elementor-element elementor-element-fd166f8 elementor-widget elementor-widget-heading\" data-id=\"fd166f8\" data-element_type=\"widget\" data-widget_type=\"heading.default\">\n\t\t\t\t<div class=\"elementor-widget-container\">\n\t\t\t\t\t<h5 class=\"elementor-heading-title elementor-size-default translation-block\">Atelierul de instruire legat de impactul activit\u0103\u021bilor zilnice asupra mediului a fost conceput pentru a se desf\u0103\u0219ura pe durata unei sesiuni de cel pu\u021bin 3 ore. P\u0103rin\u021bii\/bunicii \u00eenso\u021bi\u021bi de copii\/nepo\u021bi vor participa la activit\u0103\u021bi. Asocierea p\u0103rin\u021bi\/bunici - copii\/nepo\u021bi are rolul de a crea o punte \u00eentre genera\u021bii pentru a atinge un obiectiv comun: o atitudine mai prietenoas\u0103 a familiilor fa\u021b\u0103 de mediu. Activit\u0103\u021bile de instruire se vor concentra pe triada:<\/h5>\t\t\t\t<\/div>\n\t\t\t\t<\/div>\n\t\t\t\t\t<\/div>\n\t\t<\/div>\n\t\t\t\t<div class=\"elementor-column elementor-col-50 elementor-inner-column elementor-element elementor-element-1c79bfa\" data-id=\"1c79bfa\" data-element_type=\"column\">\n\t\t\t<div class=\"elementor-widget-wrap elementor-element-populated\">\n\t\t\t\t\t\t<div class=\"elementor-element elementor-element-f77f934 elementor-widget elementor-widget-heading\" data-id=\"f77f934\" data-element_type=\"widget\" data-widget_type=\"heading.default\">\n\t\t\t\t<div class=\"elementor-widget-container\">\n\t\t\t\t\t<h2 class=\"elementor-heading-title elementor-size-default\">Con\u0219tientizare-Motivare-Implicare\n<\/h2>\t\t\t\t<\/div>\n\t\t\t\t<\/div>\n\t\t\t\t<div class=\"elementor-element elementor-element-e5312c1 elementor-widget elementor-widget-heading\" data-id=\"e5312c1\" data-element_type=\"widget\" data-widget_type=\"heading.default\">\n\t\t\t\t<div class=\"elementor-widget-container\">\n\t\t\t\t\t<h5 class=\"elementor-heading-title elementor-size-default translation-block\">Spa\u021biul \u00een care vor avea loc activit\u0103\u021bile fa\u021b\u0103 \u00een fa\u021b\u0103 va fi organizat pentru a permite munca \u00een echip\u0103 \u0219i va fi dotat cu un proiector video.\nActivit\u0103\u021bile de instruire au fost organizate \u00een 2 module separate printr-o pauz\u0103 de 10 minute. Activit\u0103\u021bile \u00een care adul\u021bii\/copiii vor lucra ca echip\u0103, precum \u0219i activit\u0103\u021bile \u00een care membrii unei familii vor colabora au fost selecta\u021bi.\nModulul 1 a fost structurat \u00een 2 secven\u021be care dureaz\u0103 85 de minute: cunoa\u0219te-\u021bi mediul \u0219i utilizarea resurselor naturale.\nModulul 2 a fost structurat \u00een 2 secven\u021be care au durat 85 de minute: poluare cu de\u0219euri menajere \u0219i amprent\u0103 de carbon.<\/h5>\t\t\t\t<\/div>\n\t\t\t\t<\/div>\n\t\t\t\t\t<\/div>\n\t\t<\/div>\n\t\t\t\t\t<\/div>\n\t\t<\/section>\n\t\t\t\t<section class=\"elementor-section elementor-inner-section elementor-element elementor-element-7aea90e elementor-section-boxed elementor-section-height-default elementor-section-height-default\" data-id=\"7aea90e\" data-element_type=\"section\">\n\t\t\t\t\t\t<div class=\"elementor-container elementor-column-gap-default\">\n\t\t\t\t\t<div class=\"elementor-column elementor-col-50 elementor-inner-column elementor-element elementor-element-63a0dc5\" data-id=\"63a0dc5\" data-element_type=\"column\">\n\t\t\t<div class=\"elementor-widget-wrap elementor-element-populated\">\n\t\t\t\t\t\t<div class=\"elementor-element elementor-element-01b170c elementor-mobile-align-center elementor-align-center elementor-widget elementor-widget-button\" data-id=\"01b170c\" data-element_type=\"widget\" data-widget_type=\"button.default\">\n\t\t\t\t<div class=\"elementor-widget-container\">\n\t\t\t\t\t\t\t\t\t<div class=\"elementor-button-wrapper\">\n\t\t\t\t\t<a class=\"elementor-button elementor-button-link elementor-size-sm\" href=\"https:\/\/thinkdifferently-actdifferently.eu\/ro\/module1\/\">\n\t\t\t\t\t\t<span class=\"elementor-button-content-wrapper\">\n\t\t\t\t\t\t\t\t\t<span class=\"elementor-button-text\">MODULUL 1<\/span>\n\t\t\t\t\t<\/span>\n\t\t\t\t\t<\/a>\n\t\t\t\t<\/div>\n\t\t\t\t\t\t\t\t<\/div>\n\t\t\t\t<\/div>\n\t\t\t\t\t<\/div>\n\t\t<\/div>\n\t\t\t\t<div class=\"elementor-column elementor-col-50 elementor-inner-column elementor-element elementor-element-0571e56\" data-id=\"0571e56\" data-element_type=\"column\">\n\t\t\t<div class=\"elementor-widget-wrap elementor-element-populated\">\n\t\t\t\t\t\t<div class=\"elementor-element elementor-element-5455798 elementor-mobile-align-center elementor-align-center elementor-widget elementor-widget-button\" data-id=\"5455798\" data-element_type=\"widget\" data-widget_type=\"button.default\">\n\t\t\t\t<div class=\"elementor-widget-container\">\n\t\t\t\t\t\t\t\t\t<div class=\"elementor-button-wrapper\">\n\t\t\t\t\t<a class=\"elementor-button elementor-button-link elementor-size-sm\" href=\"https:\/\/thinkdifferently-actdifferently.eu\/ro\/module2\/\">\n\t\t\t\t\t\t<span class=\"elementor-button-content-wrapper\">\n\t\t\t\t\t\t\t\t\t<span class=\"elementor-button-text\">MODULUL 2<\/span>\n\t\t\t\t\t<\/span>\n\t\t\t\t\t<\/a>\n\t\t\t\t<\/div>\n\t\t\t\t\t\t\t\t<\/div>\n\t\t\t\t<\/div>\n\t\t\t\t\t<\/div>\n\t\t<\/div>\n\t\t\t\t\t<\/div>\n\t\t<\/section>\n\t\t\t\t\t<\/div>\n\t\t<\/div>\n\t\t\t\t\t<\/div>\n\t\t<\/section>\n\t\t\t\t<section class=\"elementor-section elementor-top-section elementor-element elementor-element-ee9adc9 elementor-section-boxed elementor-section-height-default elementor-section-height-default\" data-id=\"ee9adc9\" data-element_type=\"section\">\n\t\t\t\t\t\t<div class=\"elementor-container elementor-column-gap-default\">\n\t\t\t\t\t<div class=\"elementor-column elementor-col-100 elementor-top-column elementor-element elementor-element-e22c114\" data-id=\"e22c114\" data-element_type=\"column\">\n\t\t\t<div class=\"elementor-widget-wrap elementor-element-populated\">\n\t\t\t\t\t\t<div class=\"elementor-element elementor-element-c0ada19 elementor-widget elementor-widget-heading\" data-id=\"c0ada19\" data-element_type=\"widget\" data-widget_type=\"heading.default\">\n\t\t\t\t<div class=\"elementor-widget-container\">\n\t\t\t\t\t<h2 class=\"elementor-heading-title elementor-size-default\">METHODOLOGICAL PART 2<\/h2>\t\t\t\t<\/div>\n\t\t\t\t<\/div>\n\t\t\t\t<section class=\"elementor-section elementor-inner-section elementor-element elementor-element-d42367e elementor-section-boxed elementor-section-height-default elementor-section-height-default\" data-id=\"d42367e\" data-element_type=\"section\">\n\t\t\t\t\t\t<div class=\"elementor-container elementor-column-gap-default\">\n\t\t\t\t\t<div class=\"elementor-column elementor-col-50 elementor-inner-column elementor-element elementor-element-be660d5\" data-id=\"be660d5\" data-element_type=\"column\">\n\t\t\t<div class=\"elementor-widget-wrap elementor-element-populated\">\n\t\t\t\t\t\t<div class=\"elementor-element elementor-element-5807f46 elementor-widget elementor-widget-heading\" data-id=\"5807f46\" data-element_type=\"widget\" data-widget_type=\"heading.default\">\n\t\t\t\t<div class=\"elementor-widget-container\">\n\t\t\t\t\t<h2 class=\"elementor-heading-title elementor-size-default\">Introducere<\/h2>\t\t\t\t<\/div>\n\t\t\t\t<\/div>\n\t\t\t\t<div class=\"elementor-element elementor-element-18101bf elementor-widget elementor-widget-heading\" data-id=\"18101bf\" data-element_type=\"widget\" data-widget_type=\"heading.default\">\n\t\t\t\t<div class=\"elementor-widget-container\">\n\t\t\t\t\t<h5 class=\"elementor-heading-title elementor-size-default\">Atelierul de formare este centrat pe \u00een\u021belegerea \u0219i formarea deprinderilor care s\u0103 faciliteze adoptarea principiilor economiei circulare \u00een via\u021ba de zi cu zi a familiilor. El a fost conceput pentru a se desf\u0103\u0219ura pe durata unei sesiuni de cel pu\u021bin 3 ore iar cursan\u021bii sunt reprezenta\u021bi de p\u0103rin\u021bi\/bunici \u00eenso\u021bi\u021bi de copii\/nepo\u021bi. Asocierea p\u0103rin\u021bi\/bunici - copii\/nepo\u021bi are rolul de a crea o punte \u00eentre genera\u021bii pentru a atinge un obiectiv comun: o atitudine mai prietenoas\u0103 a familiilor fa\u021b\u0103 de mediu. Activit\u0103\u021bile de instruire se vor concentra pe triada:<\/h5>\t\t\t\t<\/div>\n\t\t\t\t<\/div>\n\t\t\t\t\t<\/div>\n\t\t<\/div>\n\t\t\t\t<div class=\"elementor-column elementor-col-50 elementor-inner-column elementor-element elementor-element-988613b\" data-id=\"988613b\" data-element_type=\"column\">\n\t\t\t<div class=\"elementor-widget-wrap elementor-element-populated\">\n\t\t\t\t\t\t<div class=\"elementor-element elementor-element-54ad8fa elementor-widget elementor-widget-heading\" data-id=\"54ad8fa\" data-element_type=\"widget\" data-widget_type=\"heading.default\">\n\t\t\t\t<div class=\"elementor-widget-container\">\n\t\t\t\t\t<h2 class=\"elementor-heading-title elementor-size-default\">Con\u0219tientizare-Motivare-Implicare\n<\/h2>\t\t\t\t<\/div>\n\t\t\t\t<\/div>\n\t\t\t\t<div class=\"elementor-element elementor-element-dc2cd62 elementor-widget elementor-widget-heading\" data-id=\"dc2cd62\" data-element_type=\"widget\" data-widget_type=\"heading.default\">\n\t\t\t\t<div class=\"elementor-widget-container\">\n\t\t\t\t\t<h5 class=\"elementor-heading-title elementor-size-default translation-block\">The space where face-to-face activities will take place will be organized to allow for teamwork and will be equipped with a video projector.\r\nThe training activities were organized in 2 modules separated by a 10-minute break. In some activities adults \/ children will work as a single team and in others or work on families. <br>\r\nModule 1 was structured in 2 sequences lasting 85 minutes: Climate Change and Linear Economy versus Circular Economy.<br>\r\nModule 2 was structured in 2 sequences that lasted 85 minutes: Circular economy in companies and Circularity at home.<\/h5>\t\t\t\t<\/div>\n\t\t\t\t<\/div>\n\t\t\t\t\t<\/div>\n\t\t<\/div>\n\t\t\t\t\t<\/div>\n\t\t<\/section>\n\t\t\t\t<section class=\"elementor-section elementor-inner-section elementor-element elementor-element-3263137 elementor-section-boxed elementor-section-height-default elementor-section-height-default\" data-id=\"3263137\" data-element_type=\"section\">\n\t\t\t\t\t\t<div class=\"elementor-container elementor-column-gap-default\">\n\t\t\t\t\t<div class=\"elementor-column elementor-col-50 elementor-inner-column elementor-element elementor-element-6efbed0\" data-id=\"6efbed0\" data-element_type=\"column\">\n\t\t\t<div class=\"elementor-widget-wrap elementor-element-populated\">\n\t\t\t\t\t\t<div class=\"elementor-element elementor-element-0897f4a elementor-mobile-align-center elementor-align-center elementor-widget elementor-widget-button\" data-id=\"0897f4a\" data-element_type=\"widget\" data-widget_type=\"button.default\">\n\t\t\t\t<div class=\"elementor-widget-container\">\n\t\t\t\t\t\t\t\t\t<div class=\"elementor-button-wrapper\">\n\t\t\t\t\t<a class=\"elementor-button elementor-button-link elementor-size-sm\" href=\"https:\/\/thinkdifferently-actdifferently.eu\/ro\/module2-1\/\">\n\t\t\t\t\t\t<span class=\"elementor-button-content-wrapper\">\n\t\t\t\t\t\t\t\t\t<span class=\"elementor-button-text\">MODULUL 1<\/span>\n\t\t\t\t\t<\/span>\n\t\t\t\t\t<\/a>\n\t\t\t\t<\/div>\n\t\t\t\t\t\t\t\t<\/div>\n\t\t\t\t<\/div>\n\t\t\t\t\t<\/div>\n\t\t<\/div>\n\t\t\t\t<div class=\"elementor-column elementor-col-50 elementor-inner-column elementor-element elementor-element-30c5c8a\" data-id=\"30c5c8a\" data-element_type=\"column\">\n\t\t\t<div class=\"elementor-widget-wrap elementor-element-populated\">\n\t\t\t\t\t\t<div class=\"elementor-element elementor-element-f294579 elementor-mobile-align-center elementor-align-center elementor-widget elementor-widget-button\" data-id=\"f294579\" data-element_type=\"widget\" data-widget_type=\"button.default\">\n\t\t\t\t<div class=\"elementor-widget-container\">\n\t\t\t\t\t\t\t\t\t<div class=\"elementor-button-wrapper\">\n\t\t\t\t\t<a class=\"elementor-button elementor-button-link elementor-size-sm\" href=\"https:\/\/thinkdifferently-actdifferently.eu\/ro\/module2-2\/\">\n\t\t\t\t\t\t<span class=\"elementor-button-content-wrapper\">\n\t\t\t\t\t\t\t\t\t<span class=\"elementor-button-text\">MODULUL 2<\/span>\n\t\t\t\t\t<\/span>\n\t\t\t\t\t<\/a>\n\t\t\t\t<\/div>\n\t\t\t\t\t\t\t\t<\/div>\n\t\t\t\t<\/div>\n\t\t\t\t\t<\/div>\n\t\t<\/div>\n\t\t\t\t\t<\/div>\n\t\t<\/section>\n\t\t\t\t\t<\/div>\n\t\t<\/div>\n\t\t\t\t\t<\/div>\n\t\t<\/section>\n\t\t\t\t<\/div>","protected":false},"excerpt":{"rendered":"<p>METHODOLOGICAL PART 1 Introduction The training workshop related to The impact of daily activities on the environment chapter was designed to take place during a session of at least 3 hours. Parents\/grandparents accompanied by children\/grandchildren will participate in the activities. The association of parents\/grandparents &#8211; children\/grandchildren has the role of creating a bridge between generations [&hellip;]<\/p>","protected":false},"author":1,"featured_media":0,"parent":0,"menu_order":0,"comment_status":"closed","ping_status":"closed","template":"","meta":{"site-sidebar-layout":"no-sidebar","site-content-layout":"page-builder","ast-site-content-layout":"default","site-content-style":"default","site-sidebar-style":"default","ast-global-header-display":"","ast-banner-title-visibility":"","ast-main-header-display":"","ast-hfb-above-header-display":"","ast-hfb-below-header-display":"","ast-hfb-mobile-header-display":"","site-post-title":"disabled","ast-breadcrumbs-content":"","ast-featured-img":"disabled","footer-sml-layout":"","ast-disable-related-posts":"","theme-transparent-header-meta":"","adv-header-id-meta":"","stick-header-meta":"","header-above-stick-meta":"","header-main-stick-meta":"","header-below-stick-meta":"","astra-migrate-meta-layouts":"default","ast-page-background-enabled":"default","ast-page-background-meta":{"desktop":{"background-color":"","background-image":"","background-repeat":"repeat","background-position":"center center","background-size":"auto","background-attachment":"scroll","background-type":"","background-media":"","overlay-type":"","overlay-color":"","overlay-opacity":"","overlay-gradient":""},"tablet":{"background-color":"","background-image":"","background-repeat":"repeat","background-position":"center center","background-size":"auto","background-attachment":"scroll","background-type":"","background-media":"","overlay-type":"","overlay-color":"","overlay-opacity":"","overlay-gradient":""},"mobile":{"background-color":"","background-image":"","background-repeat":"repeat","background-position":"center center","background-size":"auto","background-attachment":"scroll","background-type":"","background-media":"","overlay-type":"","overlay-color":"","overlay-opacity":"","overlay-gradient":""}},"ast-content-background-meta":{"desktop":{"background-color":"var(--ast-global-color-5)","background-image":"","background-repeat":"repeat","background-position":"center center","background-size":"auto","background-attachment":"scroll","background-type":"","background-media":"","overlay-type":"","overlay-color":"","overlay-opacity":"","overlay-gradient":""},"tablet":{"background-color":"var(--ast-global-color-5)","background-image":"","background-repeat":"repeat","background-position":"center center","background-size":"auto","background-attachment":"scroll","background-type":"","background-media":"","overlay-type":"","overlay-color":"","overlay-opacity":"","overlay-gradient":""},"mobile":{"background-color":"var(--ast-global-color-5)","background-image":"","background-repeat":"repeat","background-position":"center center","background-size":"auto","background-attachment":"scroll","background-type":"","background-media":"","overlay-type":"","overlay-color":"","overlay-opacity":"","overlay-gradient":""}},"footnotes":""},"aioseo_notices":[],"_links":{"self":[{"href":"https:\/\/thinkdifferently-actdifferently.eu\/ro\/wp-json\/wp\/v2\/pages\/26166"}],"collection":[{"href":"https:\/\/thinkdifferently-actdifferently.eu\/ro\/wp-json\/wp\/v2\/pages"}],"about":[{"href":"https:\/\/thinkdifferently-actdifferently.eu\/ro\/wp-json\/wp\/v2\/types\/page"}],"author":[{"embeddable":true,"href":"https:\/\/thinkdifferently-actdifferently.eu\/ro\/wp-json\/wp\/v2\/users\/1"}],"replies":[{"embeddable":true,"href":"https:\/\/thinkdifferently-actdifferently.eu\/ro\/wp-json\/wp\/v2\/comments?post=26166"}],"version-history":[{"count":71,"href":"https:\/\/thinkdifferently-actdifferently.eu\/ro\/wp-json\/wp\/v2\/pages\/26166\/revisions"}],"predecessor-version":[{"id":27593,"href":"https:\/\/thinkdifferently-actdifferently.eu\/ro\/wp-json\/wp\/v2\/pages\/26166\/revisions\/27593"}],"wp:attachment":[{"href":"https:\/\/thinkdifferently-actdifferently.eu\/ro\/wp-json\/wp\/v2\/media?parent=26166"}],"curies":[{"name":"wp","href":"https:\/\/api.w.org\/{rel}","templated":true}]}}