{"id":25918,"date":"2023-01-11T20:47:30","date_gmt":"2023-01-11T20:47:30","guid":{"rendered":"https:\/\/thinkdifferently-actdifferently.eu\/?page_id=25918"},"modified":"2023-11-09T13:30:16","modified_gmt":"2023-11-09T11:30:16","slug":"how-you-can-reduce-plastic-pollution","status":"publish","type":"page","link":"https:\/\/thinkdifferently-actdifferently.eu\/ro\/how-you-can-reduce-plastic-pollution\/","title":{"rendered":"<strong>How you can reduce plastic pollution?<\/strong>"},"content":{"rendered":"<div data-elementor-type=\"wp-page\" data-elementor-id=\"25918\" class=\"elementor elementor-25918\">\n\t\t\t\t\t\t<section class=\"elementor-section elementor-top-section elementor-element elementor-element-2debcc1 elementor-section-boxed elementor-section-height-default elementor-section-height-default\" data-id=\"2debcc1\" data-element_type=\"section\" data-settings=\"{&quot;shape_divider_top&quot;:&quot;mountains&quot;}\">\n\t\t\t\t\t<div class=\"elementor-shape elementor-shape-top\" data-negative=\"false\">\n\t\t\t<svg xmlns=\"http:\/\/www.w3.org\/2000\/svg\" viewbox=\"0 0 1000 100\" preserveaspectratio=\"none\">\n\t<path class=\"elementor-shape-fill\" opacity=\"0.33\" d=\"M473,67.3c-203.9,88.3-263.1-34-320.3,0C66,119.1,0,59.7,0,59.7V0h1000v59.7 c0,0-62.1,26.1-94.9,29.3c-32.8,3.3-62.8-12.3-75.8-22.1C806,49.6,745.3,8.7,694.9,4.7S492.4,59,473,67.3z\"\/>\n\t<path class=\"elementor-shape-fill\" opacity=\"0.66\" d=\"M734,67.3c-45.5,0-77.2-23.2-129.1-39.1c-28.6-8.7-150.3-10.1-254,39.1 s-91.7-34.4-149.2,0C115.7,118.3,0,39.8,0,39.8V0h1000v36.5c0,0-28.2-18.5-92.1-18.5C810.2,18.1,775.7,67.3,734,67.3z\"\/>\n\t<path class=\"elementor-shape-fill\" d=\"M766.1,28.9c-200-57.5-266,65.5-395.1,19.5C242,1.8,242,5.4,184.8,20.6C128,35.8,132.3,44.9,89.9,52.5C28.6,63.7,0,0,0,0 h1000c0,0-9.9,40.9-83.6,48.1S829.6,47,766.1,28.9z\"\/>\n<\/svg>\t\t<\/div>\n\t\t\t\t\t<div class=\"elementor-container elementor-column-gap-default\">\n\t\t\t\t\t<div class=\"elementor-column elementor-col-100 elementor-top-column elementor-element elementor-element-ebadc0c\" data-id=\"ebadc0c\" data-element_type=\"column\">\n\t\t\t<div class=\"elementor-widget-wrap elementor-element-populated\">\n\t\t\t\t\t\t<div class=\"elementor-element elementor-element-376499d elementor-widget elementor-widget-heading\" data-id=\"376499d\" data-element_type=\"widget\" data-widget_type=\"heading.default\">\n\t\t\t\t<div class=\"elementor-widget-container\">\n\t\t\t\t\t<h2 class=\"elementor-heading-title elementor-size-default\">Cum pute\u021bi reduce poluarea cu plastic?<\/h2>\t\t\t\t<\/div>\n\t\t\t\t<\/div>\n\t\t\t\t<div class=\"elementor-element elementor-element-db0ecf0 elementor-widget elementor-widget-heading\" data-id=\"db0ecf0\" data-element_type=\"widget\" data-widget_type=\"heading.default\">\n\t\t\t\t<div class=\"elementor-widget-container\">\n\t\t\t\t\t<h3 class=\"elementor-heading-title elementor-size-default\">1. Cump\u0103r\u0103 mai multe alimente \u00een vrac \u0219i mai pu\u021bine produse ambalate!<\/h3>\t\t\t\t<\/div>\n\t\t\t\t<\/div>\n\t\t\t\t<div class=\"elementor-element elementor-element-c915bbc elementor-widget elementor-widget-heading\" data-id=\"c915bbc\" data-element_type=\"widget\" data-widget_type=\"heading.default\">\n\t\t\t\t<div class=\"elementor-widget-container\">\n\t\t\t\t\t<h4 class=\"elementor-heading-title elementor-size-default\"><a href=\"https:\/\/www.iberdrola.com\/sustainability\/buy-in-bulk-to-reduce-plastic\">Supermarketurile sunt pline cu recipiente de unic\u0103 folosin\u021b\u0103 (t\u0103vi din polistiren, sticle PET, ambalaje tetra, recipiente din plastic etc.). Dar exist\u0103 o alternativ\u0103: tot mai multe magazine ofer\u0103 posibilitatea de a cump\u0103ra \u00een vrac. <p style=\"color: grey;text-align: center\">  Click aici pentru a afla mai multe <\/p><\/a><\/h4>\t\t\t\t<\/div>\n\t\t\t\t<\/div>\n\t\t\t\t<div class=\"elementor-element elementor-element-4519f6a elementor-widget elementor-widget-heading\" data-id=\"4519f6a\" data-element_type=\"widget\" data-widget_type=\"heading.default\">\n\t\t\t\t<div class=\"elementor-widget-container\">\n\t\t\t\t\t<h3 class=\"elementor-heading-title elementor-size-default\">2. Dac\u0103 mergi la cump\u0103r\u0103turi, nu uita s\u0103 iei o saco\u0219\u0103 de p\u00e2nz\u0103!<\/h3>\t\t\t\t<\/div>\n\t\t\t\t<\/div>\n\t\t\t\t<div class=\"elementor-element elementor-element-e96ae97 elementor-widget elementor-widget-heading\" data-id=\"e96ae97\" data-element_type=\"widget\" data-widget_type=\"heading.default\">\n\t\t\t\t<div class=\"elementor-widget-container\">\n\t\t\t\t\t<h4 class=\"elementor-heading-title elementor-size-default\">Dac\u0103 atunci c\u00e2nd mergem la cump\u0103r\u0103turi vom folosi saco\u0219e reutilizabile (p\u00e2nz\u0103, sfoar\u0103 sau r\u0103chit\u0103) s\u0103n\u0103tatea planetei noastre se va \u00eembun\u0103t\u0103\u021bi. De acum aminte\u0219te-\u021bi s\u0103 iei una cu tine c\u00e2nd ie\u0219i din cas\u0103.<\/h4>\t\t\t\t<\/div>\n\t\t\t\t<\/div>\n\t\t\t\t<div class=\"elementor-element elementor-element-d8efa7d elementor-widget elementor-widget-heading\" data-id=\"d8efa7d\" data-element_type=\"widget\" data-widget_type=\"heading.default\">\n\t\t\t\t<div class=\"elementor-widget-container\">\n\t\t\t\t\t<h3 class=\"elementor-heading-title elementor-size-default\">3. Renun\u021b\u0103 la folosirea paharelor de plastic pentru cafea!<\/h3>\t\t\t\t<\/div>\n\t\t\t\t<\/div>\n\t\t\t\t<div class=\"elementor-element elementor-element-5b63668 elementor-widget elementor-widget-heading\" data-id=\"5b63668\" data-element_type=\"widget\" data-widget_type=\"heading.default\">\n\t\t\t\t<div class=\"elementor-widget-container\">\n\t\t\t\t\t<h4 class=\"elementor-heading-title elementor-size-default\">\u0218tiu c\u0103 este dificil s\u0103 faci asta atunci c\u00e2nd c\u0103l\u0103tore\u0219ti. De aceea \u00ee\u021bi propun s\u0103 renun\u021bi la acestea atunci c\u00e2nd e\u0219ti la serviciu sau la \u0219coal\u0103. O variant\u0103 mai soft este aceea a folosirii paharelor de carton, dar \u0219i acestea au \u00een con\u021binutul lor plastic (chiar dac\u0103 \u00een cantit\u0103\u021bi reduse). Cel mai bine este dac\u0103 folose\u0219ti pahare sau c\u0103ni de sticl\u0103 sau ceramic\u0103.<\/h4>\t\t\t\t<\/div>\n\t\t\t\t<\/div>\n\t\t\t\t<div class=\"elementor-element elementor-element-5489b1a elementor-widget elementor-widget-heading\" data-id=\"5489b1a\" data-element_type=\"widget\" data-widget_type=\"heading.default\">\n\t\t\t\t<div class=\"elementor-widget-container\">\n\t\t\t\t\t<h3 class=\"elementor-heading-title elementor-size-default\">4. Folose\u0219te propria sticl\u0103 de ap\u0103 reutilizabil\u0103!<\/h3>\t\t\t\t<\/div>\n\t\t\t\t<\/div>\n\t\t\t\t<div class=\"elementor-element elementor-element-ea61508 elementor-widget elementor-widget-heading\" data-id=\"ea61508\" data-element_type=\"widget\" data-widget_type=\"heading.default\">\n\t\t\t\t<div class=\"elementor-widget-container\">\n\t\t\t\t\t<h4 class=\"elementor-heading-title elementor-size-default\">Po\u021bi alege s\u0103 folose\u0219ti sticle de plastic reutilizabile pe care s\u0103 le utilizezi mai mult timp. Dac\u0103 nu este prea incomod po\u021bi folosi ambalaje de sticl\u0103.<\/h4>\t\t\t\t<\/div>\n\t\t\t\t<\/div>\n\t\t\t\t<div class=\"elementor-element elementor-element-22c0dc9 elementor-widget elementor-widget-heading\" data-id=\"22c0dc9\" data-element_type=\"widget\" data-widget_type=\"heading.default\">\n\t\t\t\t<div class=\"elementor-widget-container\">\n\t\t\t\t\t<h3 class=\"elementor-heading-title elementor-size-default\">5. Spune NU tac\u00e2murilor din plastic!<\/h3>\t\t\t\t<\/div>\n\t\t\t\t<\/div>\n\t\t\t\t<div class=\"elementor-element elementor-element-be589f1 elementor-widget elementor-widget-heading\" data-id=\"be589f1\" data-element_type=\"widget\" data-widget_type=\"heading.default\">\n\t\t\t\t<div class=\"elementor-widget-container\">\n\t\t\t\t\t<h4 class=\"elementor-heading-title elementor-size-default\">Exist\u0103 alternative la aceste obiecte care sunt de unic\u0103 folosin\u021b\u0103: cele produse din lemn, din metal care pot \u0219i refolosibile sau chiar din plastic compostabil.<\/h4>\t\t\t\t<\/div>\n\t\t\t\t<\/div>\n\t\t\t\t<div class=\"elementor-element elementor-element-03ba221 elementor-widget elementor-widget-heading\" data-id=\"03ba221\" data-element_type=\"widget\" data-widget_type=\"heading.default\">\n\t\t\t\t<div class=\"elementor-widget-container\">\n\t\t\t\t\t<h3 class=\"elementor-heading-title elementor-size-default\"> 6. Renun\u021b\u0103 la paiele din plastic!<\/h3>\t\t\t\t<\/div>\n\t\t\t\t<\/div>\n\t\t\t\t<div class=\"elementor-element elementor-element-c73783b elementor-widget elementor-widget-heading\" data-id=\"c73783b\" data-element_type=\"widget\" data-widget_type=\"heading.default\">\n\t\t\t\t<div class=\"elementor-widget-container\">\n\t\t\t\t\t<h4 class=\"elementor-heading-title elementor-size-default\">Paiele \u0219i agitatoarele din plastic sunt obiecte de unic\u0103 folosin\u021b\u0103 care dup\u0103 utilizare polueaz\u0103 mediul. Po\u021bi folosi ca alternativ\u0103 pe cele de h\u00e2rtie sau ... s\u0103 renun\u021bi la ele. Nu este deloc dificil.<\/h4>\t\t\t\t<\/div>\n\t\t\t\t<\/div>\n\t\t\t\t<div class=\"elementor-element elementor-element-384a201 elementor-widget elementor-widget-heading\" data-id=\"384a201\" data-element_type=\"widget\" data-widget_type=\"heading.default\">\n\t\t\t\t<div class=\"elementor-widget-container\">\n\t\t\t\t\t<h3 class=\"elementor-heading-title elementor-size-default\">7. Renun\u021b\u0103 la folia de plastic!<\/h3>\t\t\t\t<\/div>\n\t\t\t\t<\/div>\n\t\t\t\t<div class=\"elementor-element elementor-element-d7db2b1 elementor-widget elementor-widget-heading\" data-id=\"d7db2b1\" data-element_type=\"widget\" data-widget_type=\"heading.default\">\n\t\t\t\t<div class=\"elementor-widget-container\">\n\t\t\t\t\t<h4 class=\"elementor-heading-title elementor-size-default\"><a href=\"https:\/\/www.youtube.com\/watch?v=rNMThH_Hg10&#038;t=52s&#038;ab_channel=eRaft%20\">Spre deosebire de folia alimentar\u0103 care nu poate fi reciclat\u0103, folia de hartie este reciclabil\u0103. Deci, dac\u0103 utiliza\u021bi folie, asigura\u021bi-v\u0103 c\u0103 o pune\u021bi \u00een co\u0219ul de reciclare dup\u0103 utilizare! O alt\u0103 alternativ\u0103 sunt noile folii ecologice cu cear\u0103 de albine . Fabricate din bumbac 100%, r\u0103\u0219in\u0103 de pin, ulei de jojoba \u0219i cear\u0103 de albine local\u0103, sunt 100% naturale \u0219i ecologice. Acest lucru \u00eenseamn\u0103 c\u0103 niciun d\u0103un\u0103tor nu va p\u0103trunde \u00een alimente c\u00e2t timp sunt depozitate, sunt reutilizabile \u0219i compostabile, oprind poluarea cu plastic. \u00cen plus, vin \u00een modele distractive!\n<p style=\"color: grey;text-align: center\">  Click aici pentru a afla mai multe <\/p><\/a><\/h4>\t\t\t\t<\/div>\n\t\t\t\t<\/div>\n\t\t\t\t<div class=\"elementor-element elementor-element-701f725 elementor-widget elementor-widget-heading\" data-id=\"701f725\" data-element_type=\"widget\" data-widget_type=\"heading.default\">\n\t\t\t\t<div class=\"elementor-widget-container\">\n\t\t\t\t\t<h3 class=\"elementor-heading-title elementor-size-default\">8. Aten\u021bie la plicule\u021bele de ceai!<\/h3>\t\t\t\t<\/div>\n\t\t\t\t<\/div>\n\t\t\t\t<div class=\"elementor-element elementor-element-c135302 elementor-widget elementor-widget-heading\" data-id=\"c135302\" data-element_type=\"widget\" data-widget_type=\"heading.default\">\n\t\t\t\t<div class=\"elementor-widget-container\">\n\t\t\t\t\t<h4 class=\"elementor-heading-title elementor-size-default\"><a href=\"https:\/\/www.theguardian.com\/environment\/2018\/feb\/28\/pg-tips-announces-switch-to-plastic-free-fully-biodegradable-teabags\">Utiliza\u021bi ceai din frunze vrac cu un filtru de ceai \u00een loc de pungi de ceai care sunt sigilate cu plastic. Aruncarea plicule\u021belor de ceai poate contribui la problema polu\u0103rii. \u00cenmuierea unei pungi de ceai din plastic poate elibera 11,6 miliarde de particule microplastice \u00eentr-o cea\u0219c\u0103 de ceai. Lucrurile se schimb\u0103, totu\u0219i: recent au ap\u0103rut plicule\u021be de ceai biodegradabile.  \n<p style=\"color: grey;text-align: center\">  Click aici pentru a afla mai multe <\/p><\/a><\/h4>\t\t\t\t<\/div>\n\t\t\t\t<\/div>\n\t\t\t\t<div class=\"elementor-element elementor-element-e23a761 elementor-widget elementor-widget-heading\" data-id=\"e23a761\" data-element_type=\"widget\" data-widget_type=\"heading.default\">\n\t\t\t\t<div class=\"elementor-widget-container\">\n\t\t\t\t\t<h3 class=\"elementor-heading-title elementor-size-default\">9. Opteaz\u0103 pentru sticle de vin cu dopuri de plut\u0103!<\/h3>\t\t\t\t<\/div>\n\t\t\t\t<\/div>\n\t\t\t\t<div class=\"elementor-element elementor-element-3a6b1ae elementor-widget elementor-widget-heading\" data-id=\"3a6b1ae\" data-element_type=\"widget\" data-widget_type=\"heading.default\">\n\t\t\t\t<div class=\"elementor-widget-container\">\n\t\t\t\t\t<h4 class=\"elementor-heading-title elementor-size-default\">Alege sticle de vin cu dopuri din pluta naturala in loc de dopuri din plastic sau capace metalice cu filet (care contin BPA, un produs chimic industrial folosit la fabricarea anumitor materiale plastice).<\/h4>\t\t\t\t<\/div>\n\t\t\t\t<\/div>\n\t\t\t\t<div class=\"elementor-element elementor-element-dc2e611 elementor-widget elementor-widget-heading\" data-id=\"dc2e611\" data-element_type=\"widget\" data-widget_type=\"heading.default\">\n\t\t\t\t<div class=\"elementor-widget-container\">\n\t\t\t\t\t<h3 class=\"elementor-heading-title elementor-size-default\">10. Alege recipientele pentru alimente din sticl\u0103 sau o\u021bel!<\/h3>\t\t\t\t<\/div>\n\t\t\t\t<\/div>\n\t\t\t\t<div class=\"elementor-element elementor-element-d712540 elementor-widget elementor-widget-heading\" data-id=\"d712540\" data-element_type=\"widget\" data-widget_type=\"heading.default\">\n\t\t\t\t<div class=\"elementor-widget-container\">\n\t\t\t\t\t<h4 class=\"elementor-heading-title elementor-size-default\">Dac\u0103 m\u0103n\u00e2nci la serviciu\/scoal\u0103, posibil s\u0103 folose\u0219ti o cutie de plastic pentru transportul alimentelor. \u00ce\u021bi suger\u0103m s\u0103  schimbi rutina \u0219i s\u0103 optezi pentru recipiente din sticl\u0103 sau din o\u021bel inoxidabil. Nu numai c\u0103 planeta o va aprecia, dar \u0219i s\u0103n\u0103tatea ta, deoarece unele dintre aceste recipiente din plastic pot elibera substan\u021be nocive.<\/h4>\t\t\t\t<\/div>\n\t\t\t\t<\/div>\n\t\t\t\t<div class=\"elementor-element elementor-element-6c0d727 elementor-widget elementor-widget-heading\" data-id=\"6c0d727\" data-element_type=\"widget\" data-widget_type=\"heading.default\">\n\t\t\t\t<div class=\"elementor-widget-container\">\n\t\t\t\t\t<h3 class=\"elementor-heading-title elementor-size-default\">11. C\u00e2nd sp\u0103la\u021bi folosi\u021bi c\u00eerlige de lemn \u00een locul celor de plastic!<\/h3>\t\t\t\t<\/div>\n\t\t\t\t<\/div>\n\t\t\t\t<div class=\"elementor-element elementor-element-48a0369 elementor-widget elementor-widget-heading\" data-id=\"48a0369\" data-element_type=\"widget\" data-widget_type=\"heading.default\">\n\t\t\t\t<div class=\"elementor-widget-container\">\n\t\t\t\t\t<h4 class=\"elementor-heading-title elementor-size-default\">Chiar \u0219i cele mai mici ac\u021biuni pot avea un impact pozitiv major asupra planetei noastre. De exemplu, ceva la fel de rutinic precum ag\u0103\u021batul hainelor la uscat poate deveni un act extraordinar dac\u0103 trecem de la c\u00e2rlige de plastic la cele de lemn.<\/h4>\t\t\t\t<\/div>\n\t\t\t\t<\/div>\n\t\t\t\t\t<\/div>\n\t\t<\/div>\n\t\t\t\t\t<\/div>\n\t\t<\/section>\n\t\t\t\t<\/div>","protected":false},"excerpt":{"rendered":"<p>How can you reduce plastic pollution? 1. Buy more bulk food and less packaged food! Supermarkets are filled with disposable containers (polystyrene trays, PET bottles, tetra packs, plastic containers, etc.). But there is an alternative: more and more stores offer the possibility of buying in bulk. Click here to find out more 2. If you [&hellip;]<\/p>","protected":false},"author":1,"featured_media":0,"parent":0,"menu_order":0,"comment_status":"closed","ping_status":"closed","template":"","meta":{"site-sidebar-layout":"no-sidebar","site-content-layout":"page-builder","ast-site-content-layout":"default","site-content-style":"default","site-sidebar-style":"default","ast-global-header-display":"","ast-banner-title-visibility":"","ast-main-header-display":"","ast-hfb-above-header-display":"","ast-hfb-below-header-display":"","ast-hfb-mobile-header-display":"","site-post-title":"disabled","ast-breadcrumbs-content":"","ast-featured-img":"disabled","footer-sml-layout":"","ast-disable-related-posts":"","theme-transparent-header-meta":"","adv-header-id-meta":"","stick-header-meta":"","header-above-stick-meta":"","header-main-stick-meta":"","header-below-stick-meta":"","astra-migrate-meta-layouts":"default","ast-page-background-enabled":"default","ast-page-background-meta":{"desktop":{"background-color":"","background-image":"","background-repeat":"repeat","background-position":"center center","background-size":"auto","background-attachment":"scroll","background-type":"","background-media":"","overlay-type":"","overlay-color":"","overlay-opacity":"","overlay-gradient":""},"tablet":{"background-color":"","background-image":"","background-repeat":"repeat","background-position":"center center","background-size":"auto","background-attachment":"scroll","background-type":"","background-media":"","overlay-type":"","overlay-color":"","overlay-opacity":"","overlay-gradient":""},"mobile":{"background-color":"","background-image":"","background-repeat":"repeat","background-position":"center center","background-size":"auto","background-attachment":"scroll","background-type":"","background-media":"","overlay-type":"","overlay-color":"","overlay-opacity":"","overlay-gradient":""}},"ast-content-background-meta":{"desktop":{"background-color":"var(--ast-global-color-5)","background-image":"","background-repeat":"repeat","background-position":"center center","background-size":"auto","background-attachment":"scroll","background-type":"","background-media":"","overlay-type":"","overlay-color":"","overlay-opacity":"","overlay-gradient":""},"tablet":{"background-color":"var(--ast-global-color-5)","background-image":"","background-repeat":"repeat","background-position":"center center","background-size":"auto","background-attachment":"scroll","background-type":"","background-media":"","overlay-type":"","overlay-color":"","overlay-opacity":"","overlay-gradient":""},"mobile":{"background-color":"var(--ast-global-color-5)","background-image":"","background-repeat":"repeat","background-position":"center center","background-size":"auto","background-attachment":"scroll","background-type":"","background-media":"","overlay-type":"","overlay-color":"","overlay-opacity":"","overlay-gradient":""}},"footnotes":""},"aioseo_notices":[],"_links":{"self":[{"href":"https:\/\/thinkdifferently-actdifferently.eu\/ro\/wp-json\/wp\/v2\/pages\/25918"}],"collection":[{"href":"https:\/\/thinkdifferently-actdifferently.eu\/ro\/wp-json\/wp\/v2\/pages"}],"about":[{"href":"https:\/\/thinkdifferently-actdifferently.eu\/ro\/wp-json\/wp\/v2\/types\/page"}],"author":[{"embeddable":true,"href":"https:\/\/thinkdifferently-actdifferently.eu\/ro\/wp-json\/wp\/v2\/users\/1"}],"replies":[{"embeddable":true,"href":"https:\/\/thinkdifferently-actdifferently.eu\/ro\/wp-json\/wp\/v2\/comments?post=25918"}],"version-history":[{"count":19,"href":"https:\/\/thinkdifferently-actdifferently.eu\/ro\/wp-json\/wp\/v2\/pages\/25918\/revisions"}],"predecessor-version":[{"id":27584,"href":"https:\/\/thinkdifferently-actdifferently.eu\/ro\/wp-json\/wp\/v2\/pages\/25918\/revisions\/27584"}],"wp:attachment":[{"href":"https:\/\/thinkdifferently-actdifferently.eu\/ro\/wp-json\/wp\/v2\/media?parent=25918"}],"curies":[{"name":"wp","href":"https:\/\/api.w.org\/{rel}","templated":true}]}}