{"id":26880,"date":"2023-08-28T13:59:10","date_gmt":"2023-08-28T13:59:10","guid":{"rendered":"https:\/\/thinkdifferently-actdifferently.eu\/?page_id=26880"},"modified":"2023-11-09T13:30:55","modified_gmt":"2023-11-09T11:30:55","slug":"benefits-of-the-circular-economy","status":"publish","type":"page","link":"https:\/\/thinkdifferently-actdifferently.eu\/hr\/benefits-of-the-circular-economy\/","title":{"rendered":"Prednosti kru\u017ene ekonomije:"},"content":{"rendered":"<div data-elementor-type=\"wp-page\" data-elementor-id=\"26880\" class=\"elementor elementor-26880\">\n\t\t\t\t\t\t<section class=\"elementor-section elementor-top-section elementor-element elementor-element-2debcc1 elementor-section-boxed elementor-section-height-default elementor-section-height-default\" data-id=\"2debcc1\" data-element_type=\"section\">\n\t\t\t\t\t\t\t<div class=\"elementor-background-overlay\"><\/div>\n\t\t\t\t\t\t\t<div class=\"elementor-container elementor-column-gap-default\">\n\t\t\t\t\t<div class=\"elementor-column elementor-col-100 elementor-top-column elementor-element elementor-element-ebadc0c\" data-id=\"ebadc0c\" data-element_type=\"column\">\n\t\t\t<div class=\"elementor-widget-wrap elementor-element-populated\">\n\t\t\t\t\t\t<div class=\"elementor-element elementor-element-376499d elementor-widget elementor-widget-heading\" data-id=\"376499d\" data-element_type=\"widget\" data-widget_type=\"heading.default\">\n\t\t\t\t<div class=\"elementor-widget-container\">\n\t\t\t\t\t<h2 class=\"elementor-heading-title elementor-size-default\">Prednosti kru\u017ene ekonomije: \n<\/h2>\t\t\t\t<\/div>\n\t\t\t\t<\/div>\n\t\t\t\t<div class=\"elementor-element elementor-element-db0ecf0 elementor-widget elementor-widget-heading\" data-id=\"db0ecf0\" data-element_type=\"widget\" data-widget_type=\"heading.default\">\n\t\t\t\t<div class=\"elementor-widget-container\">\n\t\t\t\t\t<h3 class=\"elementor-heading-title elementor-size-default\">1. Manje sme\u0107a i one\u010di\u0161\u0107enja:<\/h3>\t\t\t\t<\/div>\n\t\t\t\t<\/div>\n\t\t\t\t<div class=\"elementor-element elementor-element-c915bbc elementor-widget elementor-widget-heading\" data-id=\"c915bbc\" data-element_type=\"widget\" data-widget_type=\"heading.default\">\n\t\t\t\t<div class=\"elementor-widget-container\">\n\t\t\t\t\t<h4 class=\"elementor-heading-title elementor-size-default\">U kru\u017enoj ekonomiji poku\u0161avamo stvarati stvari koje se mogu koristiti iznova i iznova. To zna\u010di da \u0107e biti manje sme\u0107a oko nas, \u0161to poma\u017ee o\u010duvati \u010dist i lijep okoli\u0161.<\/h4>\t\t\t\t<\/div>\n\t\t\t\t<\/div>\n\t\t\t\t<div class=\"elementor-element elementor-element-4519f6a elementor-widget elementor-widget-heading\" data-id=\"4519f6a\" data-element_type=\"widget\" data-widget_type=\"heading.default\">\n\t\t\t\t<div class=\"elementor-widget-container\">\n\t\t\t\t\t<h3 class=\"elementor-heading-title elementor-size-default\">2. \u010cuvanje resursa:<\/h3>\t\t\t\t<\/div>\n\t\t\t\t<\/div>\n\t\t\t\t<div class=\"elementor-element elementor-element-e96ae97 elementor-widget elementor-widget-heading\" data-id=\"e96ae97\" data-element_type=\"widget\" data-widget_type=\"heading.default\">\n\t\t\t\t<div class=\"elementor-widget-container\">\n\t\t\t\t\t<h4 class=\"elementor-heading-title elementor-size-default\">Umjesto da tro\u0161imo puno novih materijala za izradu novih stvari, koristimo ono \u0161to ve\u0107 imamo. To nam poma\u017ee u\u0161tedjeti resurse poput drve\u0107a, vode i energije, osiguravaju\u0107i da ima dovoljno za sve i za dugo vremena.<\/h4>\t\t\t\t<\/div>\n\t\t\t\t<\/div>\n\t\t\t\t<div class=\"elementor-element elementor-element-d8efa7d elementor-widget elementor-widget-heading\" data-id=\"d8efa7d\" data-element_type=\"widget\" data-widget_type=\"heading.default\">\n\t\t\t\t<div class=\"elementor-widget-container\">\n\t\t\t\t\t<h3 class=\"elementor-heading-title elementor-size-default\">3. \u010cuvanje \u017eivotinja i prirode:<\/h3>\t\t\t\t<\/div>\n\t\t\t\t<\/div>\n\t\t\t\t<div class=\"elementor-element elementor-element-5b63668 elementor-widget elementor-widget-heading\" data-id=\"5b63668\" data-element_type=\"widget\" data-widget_type=\"heading.default\">\n\t\t\t\t<div class=\"elementor-widget-container\">\n\t\t\t\t\t<h4 class=\"elementor-heading-title elementor-size-default\">Smanjenjem otpada i one\u010di\u0161\u0107enja \u010duvamo domove \u017eivotinja i biljaka. Na taj na\u010din svi slatki stvorenja i prekrasna priroda oko nas mogu ostati sigurni i napredovati.\n<\/h4>\t\t\t\t<\/div>\n\t\t\t\t<\/div>\n\t\t\t\t<div class=\"elementor-element elementor-element-5489b1a elementor-widget elementor-widget-heading\" data-id=\"5489b1a\" data-element_type=\"widget\" data-widget_type=\"heading.default\">\n\t\t\t\t<div class=\"elementor-widget-container\">\n\t\t\t\t\t<h3 class=\"elementor-heading-title elementor-size-default\">4. Stvaranje novih poslova:<\/h3>\t\t\t\t<\/div>\n\t\t\t\t<\/div>\n\t\t\t\t<div class=\"elementor-element elementor-element-ea61508 elementor-widget elementor-widget-heading\" data-id=\"ea61508\" data-element_type=\"widget\" data-widget_type=\"heading.default\">\n\t\t\t\t<div class=\"elementor-widget-container\">\n\t\t\t\t\t<h4 class=\"elementor-heading-title elementor-size-default\">Kru\u017ena ekonomija zahtijeva ljude koji \u0107e prikupljati i reciklirati materijale. To stvara nove poslove za ljude, a oni mogu pomo\u0107i u\u010diniti svijet boljim mjestom brinu\u0107i se o okoli\u0161u.\n<\/h4>\t\t\t\t<\/div>\n\t\t\t\t<\/div>\n\t\t\t\t<div class=\"elementor-element elementor-element-22c0dc9 elementor-widget elementor-widget-heading\" data-id=\"22c0dc9\" data-element_type=\"widget\" data-widget_type=\"heading.default\">\n\t\t\t\t<div class=\"elementor-widget-container\">\n\t\t\t\t\t<h3 class=\"elementor-heading-title elementor-size-default\">5. \u0160tednja novca:<\/h3>\t\t\t\t<\/div>\n\t\t\t\t<\/div>\n\t\t\t\t<div class=\"elementor-element elementor-element-be589f1 elementor-widget elementor-widget-heading\" data-id=\"be589f1\" data-element_type=\"widget\" data-widget_type=\"heading.default\">\n\t\t\t\t<div class=\"elementor-widget-container\">\n\t\t\t\t\t<h4 class=\"elementor-heading-title elementor-size-default\">Kada ponovno koristimo stvari, ne moramo uvijek kupovati nove. To nam poma\u017ee u\u0161tedjeti novac i koristiti ga za druge zabavne stvari poput putovanja ili kupnje igra\u010daka.<\/h4>\t\t\t\t<\/div>\n\t\t\t\t<\/div>\n\t\t\t\t<div class=\"elementor-element elementor-element-03ba221 elementor-widget elementor-widget-heading\" data-id=\"03ba221\" data-element_type=\"widget\" data-widget_type=\"heading.default\">\n\t\t\t\t<div class=\"elementor-widget-container\">\n\t\t\t\t\t<h3 class=\"elementor-heading-title elementor-size-default\"> 6. Izmi\u0161ljanje zabavnih stvari:<\/h3>\t\t\t\t<\/div>\n\t\t\t\t<\/div>\n\t\t\t\t<div class=\"elementor-element elementor-element-c73783b elementor-widget elementor-widget-heading\" data-id=\"c73783b\" data-element_type=\"widget\" data-widget_type=\"heading.default\">\n\t\t\t\t<div class=\"elementor-widget-container\">\n\t\t\t\t\t<h4 class=\"elementor-heading-title elementor-size-default\">Da bi stvari du\u017ee trajale, moramo biti kreativni i smi\u0161ljati pametne ideje. To mo\u017ee dovesti do zanimljivih izuma i inovacija koje \u010dine \u017eivot lak\u0161im i uzbudljivijim.\n<\/h4>\t\t\t\t<\/div>\n\t\t\t\t<\/div>\n\t\t\t\t<div class=\"elementor-element elementor-element-384a201 elementor-widget elementor-widget-heading\" data-id=\"384a201\" data-element_type=\"widget\" data-widget_type=\"heading.default\">\n\t\t\t\t<div class=\"elementor-widget-container\">\n\t\t\t\t\t<h3 class=\"elementor-heading-title elementor-size-default\">7. Pomo\u0107 drugima:<\/h3>\t\t\t\t<\/div>\n\t\t\t\t<\/div>\n\t\t\t\t<div class=\"elementor-element elementor-element-d7db2b1 elementor-widget elementor-widget-heading\" data-id=\"d7db2b1\" data-element_type=\"widget\" data-widget_type=\"heading.default\">\n\t\t\t\t<div class=\"elementor-widget-container\">\n\t\t\t\t\t<h4 class=\"elementor-heading-title elementor-size-default\">Ponekad darujemo stvari koje nam vi\u0161e nisu potrebne drugima koji ih mogu koristiti. To ih usre\u0107uje, a mi se osje\u0107amo dobro jer poma\u017eemo ljudima u potrebi.\n<\/h4>\t\t\t\t<\/div>\n\t\t\t\t<\/div>\n\t\t\t\t<div class=\"elementor-element elementor-element-701f725 elementor-widget elementor-widget-heading\" data-id=\"701f725\" data-element_type=\"widget\" data-widget_type=\"heading.default\">\n\t\t\t\t<div class=\"elementor-widget-container\">\n\t\t\t\t\t<h3 class=\"elementor-heading-title elementor-size-default\">8. Stvaranje prijateljstava:<\/h3>\t\t\t\t<\/div>\n\t\t\t\t<\/div>\n\t\t\t\t<div class=\"elementor-element elementor-element-c135302 elementor-widget elementor-widget-heading\" data-id=\"c135302\" data-element_type=\"widget\" data-widget_type=\"heading.default\">\n\t\t\t\t<div class=\"elementor-widget-container\">\n\t\t\t\t\t<h4 class=\"elementor-heading-title elementor-size-default\">Kru\u017ena ekonomija temelji se na timskom radu. Ljudi zajedno rade na recikliranju i smanjenju otpada. To nam poma\u017ee stvarati nova prijateljstva i izgraditi sna\u017enu zajednicu.<\/h4>\t\t\t\t<\/div>\n\t\t\t\t<\/div>\n\t\t\t\t\t<\/div>\n\t\t<\/div>\n\t\t\t\t\t<\/div>\n\t\t<\/section>\n\t\t\t\t<\/div>","protected":false},"excerpt":{"rendered":"<p>Benefits of the circular economy 1. Less Trash and Pollution In the circular economy, we try to make things that can be used again and again. This means there will be less trash and garbage around us, which helps to keep the environment clean and beautiful. 2. Saving Resources Instead of using up a lot [&hellip;]<\/p>","protected":false},"author":1,"featured_media":0,"parent":0,"menu_order":0,"comment_status":"closed","ping_status":"closed","template":"","meta":{"site-sidebar-layout":"no-sidebar","site-content-layout":"page-builder","ast-site-content-layout":"default","site-content-style":"default","site-sidebar-style":"default","ast-global-header-display":"","ast-banner-title-visibility":"","ast-main-header-display":"","ast-hfb-above-header-display":"","ast-hfb-below-header-display":"","ast-hfb-mobile-header-display":"","site-post-title":"disabled","ast-breadcrumbs-content":"","ast-featured-img":"disabled","footer-sml-layout":"","ast-disable-related-posts":"","theme-transparent-header-meta":"","adv-header-id-meta":"","stick-header-meta":"","header-above-stick-meta":"","header-main-stick-meta":"","header-below-stick-meta":"","astra-migrate-meta-layouts":"default","ast-page-background-enabled":"default","ast-page-background-meta":{"desktop":{"background-color":"","background-image":"","background-repeat":"repeat","background-position":"center center","background-size":"auto","background-attachment":"scroll","background-type":"","background-media":"","overlay-type":"","overlay-color":"","overlay-opacity":"","overlay-gradient":""},"tablet":{"background-color":"","background-image":"","background-repeat":"repeat","background-position":"center center","background-size":"auto","background-attachment":"scroll","background-type":"","background-media":"","overlay-type":"","overlay-color":"","overlay-opacity":"","overlay-gradient":""},"mobile":{"background-color":"","background-image":"","background-repeat":"repeat","background-position":"center center","background-size":"auto","background-attachment":"scroll","background-type":"","background-media":"","overlay-type":"","overlay-color":"","overlay-opacity":"","overlay-gradient":""}},"ast-content-background-meta":{"desktop":{"background-color":"var(--ast-global-color-5)","background-image":"","background-repeat":"repeat","background-position":"center center","background-size":"auto","background-attachment":"scroll","background-type":"","background-media":"","overlay-type":"","overlay-color":"","overlay-opacity":"","overlay-gradient":""},"tablet":{"background-color":"var(--ast-global-color-5)","background-image":"","background-repeat":"repeat","background-position":"center center","background-size":"auto","background-attachment":"scroll","background-type":"","background-media":"","overlay-type":"","overlay-color":"","overlay-opacity":"","overlay-gradient":""},"mobile":{"background-color":"var(--ast-global-color-5)","background-image":"","background-repeat":"repeat","background-position":"center center","background-size":"auto","background-attachment":"scroll","background-type":"","background-media":"","overlay-type":"","overlay-color":"","overlay-opacity":"","overlay-gradient":""}},"footnotes":""},"aioseo_notices":[],"_links":{"self":[{"href":"https:\/\/thinkdifferently-actdifferently.eu\/hr\/wp-json\/wp\/v2\/pages\/26880"}],"collection":[{"href":"https:\/\/thinkdifferently-actdifferently.eu\/hr\/wp-json\/wp\/v2\/pages"}],"about":[{"href":"https:\/\/thinkdifferently-actdifferently.eu\/hr\/wp-json\/wp\/v2\/types\/page"}],"author":[{"embeddable":true,"href":"https:\/\/thinkdifferently-actdifferently.eu\/hr\/wp-json\/wp\/v2\/users\/1"}],"replies":[{"embeddable":true,"href":"https:\/\/thinkdifferently-actdifferently.eu\/hr\/wp-json\/wp\/v2\/comments?post=26880"}],"version-history":[{"count":13,"href":"https:\/\/thinkdifferently-actdifferently.eu\/hr\/wp-json\/wp\/v2\/pages\/26880\/revisions"}],"predecessor-version":[{"id":27587,"href":"https:\/\/thinkdifferently-actdifferently.eu\/hr\/wp-json\/wp\/v2\/pages\/26880\/revisions\/27587"}],"wp:attachment":[{"href":"https:\/\/thinkdifferently-actdifferently.eu\/hr\/wp-json\/wp\/v2\/media?parent=26880"}],"curies":[{"name":"wp","href":"https:\/\/api.w.org\/{rel}","templated":true}]}}