{"id":26624,"date":"2023-02-22T10:58:59","date_gmt":"2023-02-22T10:58:59","guid":{"rendered":"https:\/\/thinkdifferently-actdifferently.eu\/?page_id=26624"},"modified":"2023-12-07T00:12:58","modified_gmt":"2023-12-06T22:12:58","slug":"chapter-1","status":"publish","type":"page","link":"https:\/\/thinkdifferently-actdifferently.eu\/hr\/chapter-1\/","title":{"rendered":"Prvi dio"},"content":{"rendered":"<div data-elementor-type=\"wp-page\" data-elementor-id=\"26624\" class=\"elementor elementor-26624\">\n\t\t\t\t\t\t<section class=\"elementor-section elementor-top-section elementor-element elementor-element-741b7da elementor-section-boxed elementor-section-height-default elementor-section-height-default elementor-invisible\" data-id=\"741b7da\" data-element_type=\"section\" data-settings=\"{&quot;background_background&quot;:&quot;classic&quot;,&quot;shape_divider_bottom&quot;:&quot;waves&quot;,&quot;animation&quot;:&quot;fadeIn&quot;}\">\n\t\t\t\t\t<div class=\"elementor-shape elementor-shape-bottom\" data-negative=\"false\">\n\t\t\t<svg xmlns=\"http:\/\/www.w3.org\/2000\/svg\" viewbox=\"0 0 1000 100\" preserveaspectratio=\"none\">\n\t<path class=\"elementor-shape-fill\" d=\"M421.9,6.5c22.6-2.5,51.5,0.4,75.5,5.3c23.6,4.9,70.9,23.5,100.5,35.7c75.8,32.2,133.7,44.5,192.6,49.7\tc23.6,2.1,48.7,3.5,103.4-2.5c54.7-6,106.2-25.6,106.2-25.6V0H0v30.3c0,0,72,32.6,158.4,30.5c39.2-0.7,92.8-6.7,134-22.4\tc21.2-8.1,52.2-18.2,79.7-24.2C399.3,7.9,411.6,7.5,421.9,6.5z\"\/>\n<\/svg>\t\t<\/div>\n\t\t\t\t\t<div class=\"elementor-container elementor-column-gap-default\">\n\t\t\t\t\t<div class=\"elementor-column elementor-col-100 elementor-top-column elementor-element elementor-element-932ea86\" data-id=\"932ea86\" data-element_type=\"column\">\n\t\t\t<div class=\"elementor-widget-wrap elementor-element-populated\">\n\t\t\t\t\t\t<div class=\"elementor-element elementor-element-c00fce0 elementor-invisible elementor-widget elementor-widget-heading\" data-id=\"c00fce0\" data-element_type=\"widget\" data-settings=\"{&quot;_animation&quot;:&quot;bounceInRight&quot;}\" data-widget_type=\"heading.default\">\n\t\t\t\t<div class=\"elementor-widget-container\">\n\t\t\t\t\t<h2 class=\"elementor-heading-title elementor-size-default\">Prvi dio<\/h2>\t\t\t\t<\/div>\n\t\t\t\t<\/div>\n\t\t\t\t<div class=\"elementor-element elementor-element-6fb9ecd ekit-blog-posts--bg-hover bg-hover-classic elementor-invisible elementor-widget elementor-widget-elementskit-blog-posts\" data-id=\"6fb9ecd\" data-element_type=\"widget\" data-settings=\"{&quot;_animation&quot;:&quot;fadeInUp&quot;}\" data-widget_type=\"elementskit-blog-posts.default\">\n\t\t\t\t<div class=\"elementor-widget-container\">\n\t\t\t\t\t<div class=\"ekit-wid-con\" >        <div id=\"post-items--6fb9ecd\" class=\"row post-items\">\n                    <div class=\"col-lg-6 col-md-6\">\n\n                                    <div class=\"elementskit-post-image-card\">\n                        <div class=\"elementskit-entry-header\">\n                            \n                            \n\t\t\t\t\t\t\t\t\t\t\t\t\t<\/div><!-- .elementskit-entry-header END -->\n\n\t\t\t\t\t\t<div class=\"elementskit-post-body\">\n\t\t\t\t\t\t\t\n\t\t\t\t\t\t\t\t\t\t\t\t\t\t\t\t\t\t\t\t\t\t\t\t\t\t\t\t\t\t\n\t\t\t\t\t\t\t\t\n\t\t\t\t\t\t\t\t\t\t\t\t\t\t\t\t\t\t\t\t\t<h2 class=\"entry-title\">\n\t\t\t\t\t<a href=\"https:\/\/thinkdifferently-actdifferently.eu\/hr\/firstlesson\/\">\n\t\t\t\t\t\tPrva lekcija\t\t\t\t\t<\/a>\n\t\t\t\t<\/h2>\n\t\t\t\t\t\t\t\t\t\t\t\t\t\t\t\t\t\t\t\t\t\t\t\t\t\t\t\t\t\t\t\t\t\t\t\t\t\t\t\t\t\t<p>Okoli\u0161 i prostor koji smo...<\/p>\n\t\t\t\t\t\t\t\t\t\t\t\t\t\t\t\t\t\t\t\t\t\t                                                            <div class=\"btn-wraper\">\n                                    \n                                                                            <a class=\"elementskit-btn whitespace--normal\" id=\"\" href=\"https:\/\/thinkdifferently-actdifferently.eu\/hr\/firstlesson\/\">\n                                        \t                                            U\u010di vi\u0161e                                         <\/a>\n                                                                    <\/div>\n                                                    <\/div><!-- .elementskit-post-body END -->\n                    <\/div>\n                \n            <\/div>\n                    <div class=\"col-lg-6 col-md-6\">\n\n                                    <div class=\"elementskit-post-image-card\">\n                        <div class=\"elementskit-entry-header\">\n                            \n                            \n\t\t\t\t\t\t\t\t\t\t\t\t\t<\/div><!-- .elementskit-entry-header END -->\n\n\t\t\t\t\t\t<div class=\"elementskit-post-body\">\n\t\t\t\t\t\t\t\n\t\t\t\t\t\t\t\t\t\t\t\t\t\t\t\t\t\t\t\t\t\t\t\t\t\t\t\t\t\t\n\t\t\t\t\t\t\t\t\n\t\t\t\t\t\t\t\t\t\t\t\t\t\t\t\t\t\t\t\t\t<h2 class=\"entry-title\">\n\t\t\t\t\t<a href=\"https:\/\/thinkdifferently-actdifferently.eu\/hr\/secondlesson\/\">\n\t\t\t\t\t\tDruga lekcija\t\t\t\t\t<\/a>\n\t\t\t\t<\/h2>\n\t\t\t\t\t\t\t\t\t\t\t\t\t\t\t\t\t\t\t\t\t\t\t\t\t\t\t\t\t\t\t\t\t\t\t\t\t\t\t\t\t\t<p>Potro\u0161nja prirodnih resursa...<\/p>\n\t\t\t\t\t\t\t\t\t\t\t\t\t\t\t\t\t\t\t\t\t\t                                                            <div class=\"btn-wraper\">\n                                    \n                                                                            <a class=\"elementskit-btn whitespace--normal\" id=\"\" href=\"https:\/\/thinkdifferently-actdifferently.eu\/hr\/secondlesson\/\">\n                                        \t                                            U\u010di vi\u0161e                                         <\/a>\n                                                                    <\/div>\n                                                    <\/div><!-- .elementskit-post-body END -->\n                    <\/div>\n                \n            <\/div>\n                    <div class=\"col-lg-6 col-md-6\">\n\n                                    <div class=\"elementskit-post-image-card\">\n                        <div class=\"elementskit-entry-header\">\n                            \n                            \n\t\t\t\t\t\t\t\t\t\t\t\t\t<\/div><!-- .elementskit-entry-header END -->\n\n\t\t\t\t\t\t<div class=\"elementskit-post-body\">\n\t\t\t\t\t\t\t\n\t\t\t\t\t\t\t\t\t\t\t\t\t\t\t\t\t\t\t\t\t\t\t\t\t\t\t\t\t\t\n\t\t\t\t\t\t\t\t\n\t\t\t\t\t\t\t\t\t\t\t\t\t\t\t\t\t\t\t\t\t<h2 class=\"entry-title\">\n\t\t\t\t\t<a href=\"https:\/\/thinkdifferently-actdifferently.eu\/hr\/thirdlesson\/\">\n\t\t\t\t\t\tTre\u0107a lekcija\t\t\t\t\t<\/a>\n\t\t\t\t<\/h2>\n\t\t\t\t\t\t\t\t\t\t\t\t\t\t\t\t\t\t\t\t\t\t\t\t\t\t\t\t\t\t\t\t\t\t\t\t\t\t\t\t\t\t<p>Uglji\u010dni dioksid i uglji\u010dni otisak kako...<\/p>\n\t\t\t\t\t\t\t\t\t\t\t\t\t\t\t\t\t\t\t\t\t\t                                                            <div class=\"btn-wraper\">\n                                    \n                                                                            <a class=\"elementskit-btn whitespace--normal\" id=\"\" href=\"https:\/\/thinkdifferently-actdifferently.eu\/hr\/thirdlesson\/\">\n                                        \t                                            U\u010di vi\u0161e                                         <\/a>\n                                                                    <\/div>\n                                                    <\/div><!-- .elementskit-post-body END -->\n                    <\/div>\n                \n            <\/div>\n                    <div class=\"col-lg-6 col-md-6\">\n\n                                    <div class=\"elementskit-post-image-card\">\n                        <div class=\"elementskit-entry-header\">\n                            \n                            \n\t\t\t\t\t\t\t\t\t\t\t\t\t<\/div><!-- .elementskit-entry-header END -->\n\n\t\t\t\t\t\t<div class=\"elementskit-post-body\">\n\t\t\t\t\t\t\t\n\t\t\t\t\t\t\t\t\t\t\t\t\t\t\t\t\t\t\t\t\t\t\t\t\t\t\t\t\t\t\n\t\t\t\t\t\t\t\t\n\t\t\t\t\t\t\t\t\t\t\t\t\t\t\t\t\t\t\t\t\t<h2 class=\"entry-title\">\n\t\t\t\t\t<a href=\"https:\/\/thinkdifferently-actdifferently.eu\/hr\/fourthlesson\/\">\n\t\t\t\t\t\t\u010cetvrta lekcija\t\t\t\t\t<\/a>\n\t\t\t\t<\/h2>\n\t\t\t\t\t\t\t\t\t\t\t\t\t\t\t\t\t\t\t\t\t\t\t\t\t\t\t\t\t\t\t\t\t\t\t\t\t\t\t\t\t\t<p>Zaga\u0111enje ku\u0107nim otpadom Vrste...<\/p>\n\t\t\t\t\t\t\t\t\t\t\t\t\t\t\t\t\t\t\t\t\t\t                                                            <div class=\"btn-wraper\">\n                                    \n                                                                            <a class=\"elementskit-btn whitespace--normal\" id=\"\" href=\"https:\/\/thinkdifferently-actdifferently.eu\/hr\/fourthlesson\/\">\n                                        \t                                            U\u010di vi\u0161e                                         <\/a>\n                                                                    <\/div>\n                                                    <\/div><!-- .elementskit-post-body END -->\n                    <\/div>\n                \n            <\/div>\n                    <div class=\"col-lg-6 col-md-6\">\n\n                                    <div class=\"elementskit-post-image-card\">\n                        <div class=\"elementskit-entry-header\">\n                            \n                            \n\t\t\t\t\t\t\t\t\t\t\t\t\t<\/div><!-- .elementskit-entry-header END -->\n\n\t\t\t\t\t\t<div class=\"elementskit-post-body\">\n\t\t\t\t\t\t\t\n\t\t\t\t\t\t\t\t\t\t\t\t\t\t\t\t\t\t\t\t\t\t\t\t\t\t\t\t\t\t\n\t\t\t\t\t\t\t\t\n\t\t\t\t\t\t\t\t\t\t\t\t\t\t\t\t\t\t\t\t\t<h2 class=\"entry-title\">\n\t\t\t\t\t<a href=\"https:\/\/thinkdifferently-actdifferently.eu\/hr\/fifth-lesson\/\">\n\t\t\t\t\t\tPeta lekcija\t\t\t\t\t<\/a>\n\t\t\t\t<\/h2>\n\t\t\t\t\t\t\t\t\t\t\t\t\t\t\t\t\t\t\t\t\t\t\t\t\t\t\t\t\t\t\t\t\t\t\t\t\t\t\t\t\t\t<p>U\u010dinci komunalnog one\u010di\u0161\u0107enja urbani...<\/p>\n\t\t\t\t\t\t\t\t\t\t\t\t\t\t\t\t\t\t\t\t\t\t                                                            <div class=\"btn-wraper\">\n                                    \n                                                                            <a class=\"elementskit-btn whitespace--normal\" id=\"\" href=\"https:\/\/thinkdifferently-actdifferently.eu\/hr\/fifth-lesson\/\">\n                                        \t                                            U\u010di vi\u0161e                                         <\/a>\n                                                                    <\/div>\n                                                    <\/div><!-- .elementskit-post-body END -->\n                    <\/div>\n                \n            <\/div>\n                    <div class=\"col-lg-6 col-md-6\">\n\n                                    <div class=\"elementskit-post-image-card\">\n                        <div class=\"elementskit-entry-header\">\n                            \n                            \n\t\t\t\t\t\t\t\t\t\t\t\t\t<\/div><!-- .elementskit-entry-header END -->\n\n\t\t\t\t\t\t<div class=\"elementskit-post-body\">\n\t\t\t\t\t\t\t\n\t\t\t\t\t\t\t\t\t\t\t\t\t\t\t\t\t\t\t\t\t\t\t\t\t\t\t\t\t\t\n\t\t\t\t\t\t\t\t\n\t\t\t\t\t\t\t\t\t\t\t\t\t\t\t\t\t\t\t\t\t<h2 class=\"entry-title\">\n\t\t\t\t\t<a href=\"https:\/\/thinkdifferently-actdifferently.eu\/hr\/sixth-lesson\/\">\n\t\t\t\t\t\t\u0160esta lekcija\t\t\t\t\t<\/a>\n\t\t\t\t<\/h2>\n\t\t\t\t\t\t\t\t\t\t\t\t\t\t\t\t\t\t\t\t\t\t\t\t\t\t\t\t\t\t\t\t\t\t\t\t\t\t\t\t\t\t<p>U\u010dinci komunalnog one\u010di\u0161\u0107enja A...<\/p>\n\t\t\t\t\t\t\t\t\t\t\t\t\t\t\t\t\t\t\t\t\t\t                                                            <div class=\"btn-wraper\">\n                                    \n                                                                            <a class=\"elementskit-btn whitespace--normal\" id=\"\" href=\"https:\/\/thinkdifferently-actdifferently.eu\/hr\/sixth-lesson\/\">\n                                        \t                                            U\u010di vi\u0161e                                         <\/a>\n                                                                    <\/div>\n                                                    <\/div><!-- .elementskit-post-body END -->\n                    <\/div>\n                \n            <\/div>\n                <\/div>\n       <\/div>\t\t\t\t<\/div>\n\t\t\t\t<\/div>\n\t\t\t\t<section class=\"elementor-section elementor-inner-section elementor-element elementor-element-6f907b2 elementor-section-boxed elementor-section-height-default elementor-section-height-default\" data-id=\"6f907b2\" data-element_type=\"section\">\n\t\t\t\t\t\t<div class=\"elementor-container elementor-column-gap-default\">\n\t\t\t\t\t<div class=\"elementor-column elementor-col-100 elementor-inner-column elementor-element elementor-element-1b63083\" data-id=\"1b63083\" data-element_type=\"column\">\n\t\t\t<div class=\"elementor-widget-wrap elementor-element-populated\">\n\t\t\t\t\t\t<div class=\"elementor-element elementor-element-fc6f891 englishtest elementor-position-top elementor-widget elementor-widget-image-box\" data-id=\"fc6f891\" data-element_type=\"widget\" data-widget_type=\"image-box.default\">\n\t\t\t\t<div class=\"elementor-widget-container\">\n\t\t\t\t\t<div class=\"elementor-image-box-wrapper\"><figure class=\"elementor-image-box-img\"><a href=\"\/wp-content\/uploads\/EN-Chapter1.pdf\" target=\"_blank\" tabindex=\"-1\"><img decoding=\"async\" width=\"207\" height=\"228\" src=\"https:\/\/thinkdifferently-actdifferently.eu\/wp-content\/uploads\/2022\/10\/erasmus_logo_verde.svg\" class=\"attachment-full size-full wp-image-10\" alt=\"\" \/><\/a><\/figure><div class=\"elementor-image-box-content\"><h3 class=\"elementor-image-box-title\"><a href=\"\/wp-content\/uploads\/EN-Chapter1.pdf\" target=\"_blank\">English version<\/a><\/h3><p class=\"elementor-image-box-description\">Click here to download <br> <b>CHAPTER 1<\/b><br>\nThe impact of daily activities on the \nenvironment<\/p><\/div><\/div>\t\t\t\t<\/div>\n\t\t\t\t<\/div>\n\t\t\t\t<div class=\"elementor-element elementor-element-f06b512 pttest elementor-position-top elementor-widget elementor-widget-image-box\" data-id=\"f06b512\" data-element_type=\"widget\" data-widget_type=\"image-box.default\">\n\t\t\t\t<div class=\"elementor-widget-container\">\n\t\t\t\t\t<div class=\"elementor-image-box-wrapper\"><figure class=\"elementor-image-box-img\"><a href=\"\/wp-content\/uploads\/PT-Chapter1.pdf\" target=\"_blank\" tabindex=\"-1\"><img decoding=\"async\" width=\"207\" height=\"228\" src=\"https:\/\/thinkdifferently-actdifferently.eu\/wp-content\/uploads\/2022\/10\/erasmus_logo_verde.svg\" class=\"attachment-full size-full wp-image-10\" alt=\"\" \/><\/a><\/figure><div class=\"elementor-image-box-content\"><h3 class=\"elementor-image-box-title\"><a href=\"\/wp-content\/uploads\/PT-Chapter1.pdf\" target=\"_blank\">Portugu\u00eas<\/a><\/h3><p class=\"elementor-image-box-description\">Clique aqui para baixar <br> <b>CAP\u00cdTULO 1<\/b><br>\nO impacto das atividades di\u00e1rias no\nambiente<\/p><\/div><\/div>\t\t\t\t<\/div>\n\t\t\t\t<\/div>\n\t\t\t\t<div class=\"elementor-element elementor-element-e33ede2 croatiantest elementor-position-top elementor-widget elementor-widget-image-box\" data-id=\"e33ede2\" data-element_type=\"widget\" data-widget_type=\"image-box.default\">\n\t\t\t\t<div class=\"elementor-widget-container\">\n\t\t\t\t\t<div class=\"elementor-image-box-wrapper\"><figure class=\"elementor-image-box-img\"><a href=\"\/wp-content\/uploads\/CR-Chapter1.pdf\" target=\"_blank\" tabindex=\"-1\"><img decoding=\"async\" width=\"207\" height=\"228\" src=\"https:\/\/thinkdifferently-actdifferently.eu\/wp-content\/uploads\/2022\/10\/erasmus_logo_verde.svg\" class=\"attachment-full size-full wp-image-10\" alt=\"\" \/><\/a><\/figure><div class=\"elementor-image-box-content\"><h3 class=\"elementor-image-box-title\"><a href=\"\/wp-content\/uploads\/CR-Chapter1.pdf\" target=\"_blank\">Hrvatski<\/a><\/h3><p class=\"elementor-image-box-description\">Kliknite ovdje za preuzimanje <br> <b>1. POGLAVLJA<\/b><br>\nUtjecaj svakodnevnih aktivnosti na\nokoli\u0161<\/p><\/div><\/div>\t\t\t\t<\/div>\n\t\t\t\t<\/div>\n\t\t\t\t<div class=\"elementor-element elementor-element-73c2606 greektest elementor-position-top elementor-widget elementor-widget-image-box\" data-id=\"73c2606\" data-element_type=\"widget\" data-widget_type=\"image-box.default\">\n\t\t\t\t<div class=\"elementor-widget-container\">\n\t\t\t\t\t<div class=\"elementor-image-box-wrapper\"><figure class=\"elementor-image-box-img\"><a href=\"\/wp-content\/uploads\/GR-Chapter1.pdf\" target=\"_blank\" tabindex=\"-1\"><img decoding=\"async\" width=\"207\" height=\"228\" src=\"https:\/\/thinkdifferently-actdifferently.eu\/wp-content\/uploads\/2022\/10\/erasmus_logo_verde.svg\" class=\"attachment-full size-full wp-image-10\" alt=\"\" \/><\/a><\/figure><div class=\"elementor-image-box-content\"><h3 class=\"elementor-image-box-title\"><a href=\"\/wp-content\/uploads\/GR-Chapter1.pdf\" target=\"_blank\">\u0395\u03bb\u03bb\u03b7\u03bd\u03b9\u03ba\u03ac<\/a><\/h3><p class=\"elementor-image-box-description\">\u039a\u03ac\u03bd\u03c4\u03b5 \u03ba\u03bb\u03b9\u03ba \u03b5\u03b4\u03ce \u03b3\u03b9\u03b1 \u03bb\u03ae\u03c8\u03b7 \u03c4\u03bf\u03c5 <br> <b>\u039a\u0395\u03a6\u0391\u039b\u0391\u0399\u039f 1<\/b><br>\n\u039f \u03b1\u03bd\u03c4\u03af\u03ba\u03c4\u03c5\u03c0\u03bf\u03c2 \u03c4\u03c9\u03bd \u03ba\u03b1\u03b8\u03b7\u03bc\u03b5\u03c1\u03b9\u03bd\u03ce\u03bd \u03b4\u03c1\u03b1\u03c3\u03c4\u03b7\u03c1\u03b9\u03bf\u03c4\u03ae\u03c4\u03c9\u03bd \u03c3\u03c4\u03bf\n\u03c0\u03b5\u03c1\u03b9\u03b2\u03ac\u03bb\u03bb\u03bf\u03bd<\/p><\/div><\/div>\t\t\t\t<\/div>\n\t\t\t\t<\/div>\n\t\t\t\t<div class=\"elementor-element elementor-element-03332cc spanishtest elementor-position-top elementor-widget elementor-widget-image-box\" data-id=\"03332cc\" data-element_type=\"widget\" data-widget_type=\"image-box.default\">\n\t\t\t\t<div class=\"elementor-widget-container\">\n\t\t\t\t\t<div class=\"elementor-image-box-wrapper\"><figure class=\"elementor-image-box-img\"><a href=\"\/wp-content\/uploads\/SP-Chapter1.pdf\" target=\"_blank\" tabindex=\"-1\"><img decoding=\"async\" width=\"207\" height=\"228\" src=\"https:\/\/thinkdifferently-actdifferently.eu\/wp-content\/uploads\/2022\/10\/erasmus_logo_verde.svg\" class=\"attachment-full size-full wp-image-10\" alt=\"\" \/><\/a><\/figure><div class=\"elementor-image-box-content\"><h3 class=\"elementor-image-box-title\"><a href=\"\/wp-content\/uploads\/SP-Chapter1.pdf\" target=\"_blank\">Espa\u00f1ol<\/a><\/h3><p class=\"elementor-image-box-description\">Haga clic aqu\u00ed para descargar <br> <b>CAP\u00cdTULO 1<\/b><br>\nEl impacto de las actividades diarias en el\nambiente<\/p><\/div><\/div>\t\t\t\t<\/div>\n\t\t\t\t<\/div>\n\t\t\t\t<div class=\"elementor-element elementor-element-78a474a rotest elementor-position-top elementor-widget elementor-widget-image-box\" data-id=\"78a474a\" data-element_type=\"widget\" data-widget_type=\"image-box.default\">\n\t\t\t\t<div class=\"elementor-widget-container\">\n\t\t\t\t\t<div class=\"elementor-image-box-wrapper\"><figure class=\"elementor-image-box-img\"><a href=\"\/wp-content\/uploads\/RO-Chapter1.pdf\" target=\"_blank\" tabindex=\"-1\"><img decoding=\"async\" width=\"207\" height=\"228\" src=\"https:\/\/thinkdifferently-actdifferently.eu\/wp-content\/uploads\/2022\/10\/erasmus_logo_verde.svg\" class=\"attachment-full size-full wp-image-10\" alt=\"\" \/><\/a><\/figure><div class=\"elementor-image-box-content\"><h3 class=\"elementor-image-box-title\"><a href=\"\/wp-content\/uploads\/RO-Chapter1.pdf\" target=\"_blank\">Rom\u00e2n\u0103<\/a><\/h3><p class=\"elementor-image-box-description\">Face\u021bi clic aici pentru a desc\u0103rca <br> <b>CAPITOLUL 1<\/b><br>\nImpactul activit\u0103\u021bilor zilnice asupra\nmediu inconjurator<\/p><\/div><\/div>\t\t\t\t<\/div>\n\t\t\t\t<\/div>\n\t\t\t\t<div class=\"elementor-element elementor-element-983d0a5 elementor-widget elementor-widget-html\" data-id=\"983d0a5\" data-element_type=\"widget\" data-widget_type=\"html.default\">\n\t\t\t\t<div class=\"elementor-widget-container\">\n\t\t\t\t\t<style>\n    .translatepress-en_US .croatiantest  {\ndisplay: none !important;\n}\n.translatepress-en_US .greektest  {\ndisplay: none !important;\n}\n.translatepress-en_US .spanishtest  {\ndisplay: none !important;\n}\n.translatepress-en_US .pttest  {\ndisplay: none !important;\n}\n.translatepress-en_US .rotest  {\ndisplay: none !important;\n}\n.translatepress-hr .englishtest {\ndisplay: none !important;\n}\n.translatepress-hr .greektest {\ndisplay: none !important;\n}\n.translatepress-hr .spanishtest {\ndisplay: none !important;\n}\n.translatepress-hr .rotest {\ndisplay: none !important;\n}\n.translatepress-hr .pttest {\ndisplay: none !important;\n}\n.translatepress-el .englishtest {\ndisplay: none !important;\n}\n.translatepress-el .croatiantest {\ndisplay: none !important;\n}\n.translatepress-el .spanishtest {\ndisplay: none !important;\n}\n.translatepress-el .rotest {\ndisplay: none !important;\n}\n.translatepress-el .pttest {\ndisplay: none !important;\n}\n.translatepress-es_ES .croatiantest {\ndisplay: none !important;\n}\n.translatepress-es_ES .englishtest {\ndisplay: none !important;\n}\n.translatepress-es_ES .greektest {\ndisplay: none !important;\n}\n.translatepress-es_ES .rotest {\ndisplay: none !important;\n}\n.translatepress-es_ES .pttest {\ndisplay: none !important;\n}\n\n\n.translatepress-pt_PT .croatiantest {\ndisplay: none !important;\n}\n.translatepress-pt_PT .englishtest {\ndisplay: none !important;\n}\n.translatepress-pt_PT .greektest {\ndisplay: none !important;\n}\n.translatepress-pt_PT .rotest {\ndisplay: none !important;\n}\n.translatepress-pt_PT .spanishtest {\ndisplay: none !important;\n}\n\n\n.translatepress-ro_RO .croatiantest {\ndisplay: none !important;\n}\n.translatepress-ro_RO .englishtest {\ndisplay: none !important;\n}\n.translatepress-ro_RO .greektest {\ndisplay: none !important;\n}\n.translatepress-ro_RO .pttest {\ndisplay: none !important;\n}\n.translatepress-ro_RO .spanishtest {\ndisplay: none !important;\n}\n<\/style>\t\t\t\t<\/div>\n\t\t\t\t<\/div>\n\t\t\t\t\t<\/div>\n\t\t<\/div>\n\t\t\t\t\t<\/div>\n\t\t<\/section>\n\t\t\t\t\t<\/div>\n\t\t<\/div>\n\t\t\t\t\t<\/div>\n\t\t<\/section>\n\t\t\t\t<\/div>","protected":false},"excerpt":{"rendered":"<p>Chapter 1 First Lesson The environment and the space we&hellip; Learn more Second Lesson Consumption of Natural Resources Natural Resources&hellip; Learn more Third lesson Carbon Dioxide and Carbon Footprint How&hellip; Learn more Fourth Lesson Pollution with Household Waste Types of&hellip; Learn more Fifth Lesson The Effects of Municipal Pollution Urban&hellip; Learn more Sixth Lesson The [&hellip;]<\/p>","protected":false},"author":1,"featured_media":0,"parent":0,"menu_order":0,"comment_status":"closed","ping_status":"closed","template":"","meta":{"site-sidebar-layout":"no-sidebar","site-content-layout":"page-builder","ast-site-content-layout":"default","site-content-style":"default","site-sidebar-style":"default","ast-global-header-display":"","ast-banner-title-visibility":"","ast-main-header-display":"","ast-hfb-above-header-display":"","ast-hfb-below-header-display":"","ast-hfb-mobile-header-display":"","site-post-title":"disabled","ast-breadcrumbs-content":"","ast-featured-img":"disabled","footer-sml-layout":"","ast-disable-related-posts":"","theme-transparent-header-meta":"","adv-header-id-meta":"","stick-header-meta":"","header-above-stick-meta":"","header-main-stick-meta":"","header-below-stick-meta":"","astra-migrate-meta-layouts":"default","ast-page-background-enabled":"default","ast-page-background-meta":{"desktop":{"background-color":"","background-image":"","background-repeat":"repeat","background-position":"center center","background-size":"auto","background-attachment":"scroll","background-type":"","background-media":"","overlay-type":"","overlay-color":"","overlay-opacity":"","overlay-gradient":""},"tablet":{"background-color":"","background-image":"","background-repeat":"repeat","background-position":"center center","background-size":"auto","background-attachment":"scroll","background-type":"","background-media":"","overlay-type":"","overlay-color":"","overlay-opacity":"","overlay-gradient":""},"mobile":{"background-color":"","background-image":"","background-repeat":"repeat","background-position":"center center","background-size":"auto","background-attachment":"scroll","background-type":"","background-media":"","overlay-type":"","overlay-color":"","overlay-opacity":"","overlay-gradient":""}},"ast-content-background-meta":{"desktop":{"background-color":"var(--ast-global-color-5)","background-image":"","background-repeat":"repeat","background-position":"center center","background-size":"auto","background-attachment":"scroll","background-type":"","background-media":"","overlay-type":"","overlay-color":"","overlay-opacity":"","overlay-gradient":""},"tablet":{"background-color":"var(--ast-global-color-5)","background-image":"","background-repeat":"repeat","background-position":"center center","background-size":"auto","background-attachment":"scroll","background-type":"","background-media":"","overlay-type":"","overlay-color":"","overlay-opacity":"","overlay-gradient":""},"mobile":{"background-color":"var(--ast-global-color-5)","background-image":"","background-repeat":"repeat","background-position":"center center","background-size":"auto","background-attachment":"scroll","background-type":"","background-media":"","overlay-type":"","overlay-color":"","overlay-opacity":"","overlay-gradient":""}},"footnotes":""},"aioseo_notices":[],"_links":{"self":[{"href":"https:\/\/thinkdifferently-actdifferently.eu\/hr\/wp-json\/wp\/v2\/pages\/26624"}],"collection":[{"href":"https:\/\/thinkdifferently-actdifferently.eu\/hr\/wp-json\/wp\/v2\/pages"}],"about":[{"href":"https:\/\/thinkdifferently-actdifferently.eu\/hr\/wp-json\/wp\/v2\/types\/page"}],"author":[{"embeddable":true,"href":"https:\/\/thinkdifferently-actdifferently.eu\/hr\/wp-json\/wp\/v2\/users\/1"}],"replies":[{"embeddable":true,"href":"https:\/\/thinkdifferently-actdifferently.eu\/hr\/wp-json\/wp\/v2\/comments?post=26624"}],"version-history":[{"count":13,"href":"https:\/\/thinkdifferently-actdifferently.eu\/hr\/wp-json\/wp\/v2\/pages\/26624\/revisions"}],"predecessor-version":[{"id":27649,"href":"https:\/\/thinkdifferently-actdifferently.eu\/hr\/wp-json\/wp\/v2\/pages\/26624\/revisions\/27649"}],"wp:attachment":[{"href":"https:\/\/thinkdifferently-actdifferently.eu\/hr\/wp-json\/wp\/v2\/media?parent=26624"}],"curies":[{"name":"wp","href":"https:\/\/api.w.org\/{rel}","templated":true}]}}