{"id":25918,"date":"2023-01-11T20:47:30","date_gmt":"2023-01-11T20:47:30","guid":{"rendered":"https:\/\/thinkdifferently-actdifferently.eu\/?page_id=25918"},"modified":"2023-11-09T13:30:16","modified_gmt":"2023-11-09T11:30:16","slug":"how-you-can-reduce-plastic-pollution","status":"publish","type":"page","link":"https:\/\/thinkdifferently-actdifferently.eu\/hr\/how-you-can-reduce-plastic-pollution\/","title":{"rendered":"<strong>How you can reduce plastic pollution?<\/strong>"},"content":{"rendered":"<div data-elementor-type=\"wp-page\" data-elementor-id=\"25918\" class=\"elementor elementor-25918\">\n\t\t\t\t\t\t<section class=\"elementor-section elementor-top-section elementor-element elementor-element-2debcc1 elementor-section-boxed elementor-section-height-default elementor-section-height-default\" data-id=\"2debcc1\" data-element_type=\"section\" data-settings=\"{&quot;shape_divider_top&quot;:&quot;mountains&quot;}\">\n\t\t\t\t\t<div class=\"elementor-shape elementor-shape-top\" data-negative=\"false\">\n\t\t\t<svg xmlns=\"http:\/\/www.w3.org\/2000\/svg\" viewbox=\"0 0 1000 100\" preserveaspectratio=\"none\">\n\t<path class=\"elementor-shape-fill\" opacity=\"0.33\" d=\"M473,67.3c-203.9,88.3-263.1-34-320.3,0C66,119.1,0,59.7,0,59.7V0h1000v59.7 c0,0-62.1,26.1-94.9,29.3c-32.8,3.3-62.8-12.3-75.8-22.1C806,49.6,745.3,8.7,694.9,4.7S492.4,59,473,67.3z\"\/>\n\t<path class=\"elementor-shape-fill\" opacity=\"0.66\" d=\"M734,67.3c-45.5,0-77.2-23.2-129.1-39.1c-28.6-8.7-150.3-10.1-254,39.1 s-91.7-34.4-149.2,0C115.7,118.3,0,39.8,0,39.8V0h1000v36.5c0,0-28.2-18.5-92.1-18.5C810.2,18.1,775.7,67.3,734,67.3z\"\/>\n\t<path class=\"elementor-shape-fill\" d=\"M766.1,28.9c-200-57.5-266,65.5-395.1,19.5C242,1.8,242,5.4,184.8,20.6C128,35.8,132.3,44.9,89.9,52.5C28.6,63.7,0,0,0,0 h1000c0,0-9.9,40.9-83.6,48.1S829.6,47,766.1,28.9z\"\/>\n<\/svg>\t\t<\/div>\n\t\t\t\t\t<div class=\"elementor-container elementor-column-gap-default\">\n\t\t\t\t\t<div class=\"elementor-column elementor-col-100 elementor-top-column elementor-element elementor-element-ebadc0c\" data-id=\"ebadc0c\" data-element_type=\"column\">\n\t\t\t<div class=\"elementor-widget-wrap elementor-element-populated\">\n\t\t\t\t\t\t<div class=\"elementor-element elementor-element-376499d elementor-widget elementor-widget-heading\" data-id=\"376499d\" data-element_type=\"widget\" data-widget_type=\"heading.default\">\n\t\t\t\t<div class=\"elementor-widget-container\">\n\t\t\t\t\t<h2 class=\"elementor-heading-title elementor-size-default\">Kako mo\u017eete smanjiti zaga\u0111enje plastikom?<\/h2>\t\t\t\t<\/div>\n\t\t\t\t<\/div>\n\t\t\t\t<div class=\"elementor-element elementor-element-db0ecf0 elementor-widget elementor-widget-heading\" data-id=\"db0ecf0\" data-element_type=\"widget\" data-widget_type=\"heading.default\">\n\t\t\t\t<div class=\"elementor-widget-container\">\n\t\t\t\t\t<h3 class=\"elementor-heading-title elementor-size-default\">1.\tKupujte vi\u0161e hrane u rinfuzi, a manje pakirane hrane!<\/h3>\t\t\t\t<\/div>\n\t\t\t\t<\/div>\n\t\t\t\t<div class=\"elementor-element elementor-element-c915bbc elementor-widget elementor-widget-heading\" data-id=\"c915bbc\" data-element_type=\"widget\" data-widget_type=\"heading.default\">\n\t\t\t\t<div class=\"elementor-widget-container\">\n\t\t\t\t\t<h4 class=\"elementor-heading-title elementor-size-default\"><a href=\"https:\/\/www.iberdrola.com\/sustainability\/buy-in-bulk-to-reduce-plastic\">Supermarketi su prepuni jednokratnih ambala\u017ea (polistirenske posude, PET boce, tetrapaci,\nplasti\u010dne posude itd.). No, postoji alternativa: sve vi\u0161e trgovina nudi mogu\u0107nost kupovine u\nrinfuzi. <p style=\"color: grey;text-align: center\">  Posjetite link za vi\u0161e informacija <\/p><\/a><\/h4>\t\t\t\t<\/div>\n\t\t\t\t<\/div>\n\t\t\t\t<div class=\"elementor-element elementor-element-4519f6a elementor-widget elementor-widget-heading\" data-id=\"4519f6a\" data-element_type=\"widget\" data-widget_type=\"heading.default\">\n\t\t\t\t<div class=\"elementor-widget-container\">\n\t\t\t\t\t<h3 class=\"elementor-heading-title elementor-size-default\">2.\tAko planirate i\u0107i u kupovinu, ne zaboravite platnenu torbu!<\/h3>\t\t\t\t<\/div>\n\t\t\t\t<\/div>\n\t\t\t\t<div class=\"elementor-element elementor-element-e96ae97 elementor-widget elementor-widget-heading\" data-id=\"e96ae97\" data-element_type=\"widget\" data-widget_type=\"heading.default\">\n\t\t\t\t<div class=\"elementor-widget-container\">\n\t\t\t\t\t<h4 class=\"elementor-heading-title elementor-size-default\">Ako prilikom kupovine koristimo vi\u0161ekratne vre\u0107ice (platnene, pletene ili ko\u0161are), pobolj\u0161at \u0107e se zdravlje na\u0161eg planeta. Odsad pa nadalje, sjetite se ponijeti jednu sa sobom kad god odlazite od ku\u0107e.<\/h4>\t\t\t\t<\/div>\n\t\t\t\t<\/div>\n\t\t\t\t<div class=\"elementor-element elementor-element-d8efa7d elementor-widget elementor-widget-heading\" data-id=\"d8efa7d\" data-element_type=\"widget\" data-widget_type=\"heading.default\">\n\t\t\t\t<div class=\"elementor-widget-container\">\n\t\t\t\t\t<h3 class=\"elementor-heading-title elementor-size-default\">3.\tPrestanite koristiti koristiti plasti\u010dne \u0161alice za kavu!<\/h3>\t\t\t\t<\/div>\n\t\t\t\t<\/div>\n\t\t\t\t<div class=\"elementor-element elementor-element-5b63668 elementor-widget elementor-widget-heading\" data-id=\"5b63668\" data-element_type=\"widget\" data-widget_type=\"heading.default\">\n\t\t\t\t<div class=\"elementor-widget-container\">\n\t\t\t\t\t<h4 class=\"elementor-heading-title elementor-size-default\">Znamo da je to te\u0161ko kada putujete. Zato preporu\u010dujemo da ih prestanete koristiti kada ste na poslu ili u \u0161koli. Manje \u0161tetna opcija su \u0161alice od kartona, no one tako\u0111er sadr\u017ee plastiku (\u010dak i ako su koli\u010dine male). Najbolje je koristiti staklene ili kerami\u010dke \u010da\u0161e ili \u0161alice.<\/h4>\t\t\t\t<\/div>\n\t\t\t\t<\/div>\n\t\t\t\t<div class=\"elementor-element elementor-element-5489b1a elementor-widget elementor-widget-heading\" data-id=\"5489b1a\" data-element_type=\"widget\" data-widget_type=\"heading.default\">\n\t\t\t\t<div class=\"elementor-widget-container\">\n\t\t\t\t\t<h3 class=\"elementor-heading-title elementor-size-default\">4.\tKoristite vi\u0161ekratnu bocu za vodu!<\/h3>\t\t\t\t<\/div>\n\t\t\t\t<\/div>\n\t\t\t\t<div class=\"elementor-element elementor-element-ea61508 elementor-widget elementor-widget-heading\" data-id=\"ea61508\" data-element_type=\"widget\" data-widget_type=\"heading.default\">\n\t\t\t\t<div class=\"elementor-widget-container\">\n\t\t\t\t\t<h4 class=\"elementor-heading-title elementor-size-default\">Mo\u017eete odabrati vi\u0161ekratne plasti\u010dne boce koje vam mogu dugo potrajati. Ako vam nije nezgodno, mo\u017eete koristiti i staklene.<\/h4>\t\t\t\t<\/div>\n\t\t\t\t<\/div>\n\t\t\t\t<div class=\"elementor-element elementor-element-22c0dc9 elementor-widget elementor-widget-heading\" data-id=\"22c0dc9\" data-element_type=\"widget\" data-widget_type=\"heading.default\">\n\t\t\t\t<div class=\"elementor-widget-container\">\n\t\t\t\t\t<h3 class=\"elementor-heading-title elementor-size-default\">5.\tRecite NE plasti\u010dnom priboru za jelo!<\/h3>\t\t\t\t<\/div>\n\t\t\t\t<\/div>\n\t\t\t\t<div class=\"elementor-element elementor-element-be589f1 elementor-widget elementor-widget-heading\" data-id=\"be589f1\" data-element_type=\"widget\" data-widget_type=\"heading.default\">\n\t\t\t\t<div class=\"elementor-widget-container\">\n\t\t\t\t\t<h4 class=\"elementor-heading-title elementor-size-default\">Postoje alternative ovim jednokratnim predmetima: oni napravljeni od drva ili metala koji se tako\u0111er mogu ponovno koristiti, ili \u010dak od kompostabilne plastike.<\/h4>\t\t\t\t<\/div>\n\t\t\t\t<\/div>\n\t\t\t\t<div class=\"elementor-element elementor-element-03ba221 elementor-widget elementor-widget-heading\" data-id=\"03ba221\" data-element_type=\"widget\" data-widget_type=\"heading.default\">\n\t\t\t\t<div class=\"elementor-widget-container\">\n\t\t\t\t\t<h3 class=\"elementor-heading-title elementor-size-default\"> 6.\tOdrecite se plasti\u010dnih slamki!<\/h3>\t\t\t\t<\/div>\n\t\t\t\t<\/div>\n\t\t\t\t<div class=\"elementor-element elementor-element-c73783b elementor-widget elementor-widget-heading\" data-id=\"c73783b\" data-element_type=\"widget\" data-widget_type=\"heading.default\">\n\t\t\t\t<div class=\"elementor-widget-container\">\n\t\t\t\t\t<h4 class=\"elementor-heading-title elementor-size-default\">Plasti\u010dne slamke i mije\u0161alice za kavu jednokratni su predmeti koji nakon uporabe mogu one\u010distiti okoli\u0161. Alternativa su papirnate ili\u2026potpuno odricanje od istih. To uop\u0107e nije te\u0161ko.<\/h4>\t\t\t\t<\/div>\n\t\t\t\t<\/div>\n\t\t\t\t<div class=\"elementor-element elementor-element-384a201 elementor-widget elementor-widget-heading\" data-id=\"384a201\" data-element_type=\"widget\" data-widget_type=\"heading.default\">\n\t\t\t\t<div class=\"elementor-widget-container\">\n\t\t\t\t\t<h3 class=\"elementor-heading-title elementor-size-default\">7.\tOdrecite se plasti\u010dne folije!<\/h3>\t\t\t\t<\/div>\n\t\t\t\t<\/div>\n\t\t\t\t<div class=\"elementor-element elementor-element-d7db2b1 elementor-widget elementor-widget-heading\" data-id=\"d7db2b1\" data-element_type=\"widget\" data-widget_type=\"heading.default\">\n\t\t\t\t<div class=\"elementor-widget-container\">\n\t\t\t\t\t<h4 class=\"elementor-heading-title elementor-size-default\"><a href=\"https:\/\/www.youtube.com\/watch?v=rNMThH_Hg10&#038;t=52s&#038;ab_channel=eRaft%20\">Za razliku od plasti\u010dne folije koja se ne mo\u017ee reciklirati, papirnata mo\u017ee. Stoga, ako koristite plasti\u010dnu foliju za umatanje, nakon uporabe je obavezno odlo\u017eite u spremnik za recikla\u017eu! Druga mogu\u0107nost su nove ekolo\u0161ke folije od p\u010delinjeg voska. Napravljene su od 100%-tnog pamuka, borove smole, ulja jojobe i lokalnog p\u010delinjeg voska i 100% su prirodne i ekolo\u0161ki prihvatljive. To zna\u010di da nikakve \u0161teto\u010dine ne\u0107e do\u0107i do hrane dok je u posudi, vi\u0161ekratne su i kompostabilne \u010dime se zaustavlja one\u010di\u0161\u0107enje plastikom. Uz to, dolaze u raznim zabavnim uzorcima!\n<p style=\"color: grey;text-align: center\">  Posjetite link za vi\u0161e informacija <\/p><\/a><\/h4>\t\t\t\t<\/div>\n\t\t\t\t<\/div>\n\t\t\t\t<div class=\"elementor-element elementor-element-701f725 elementor-widget elementor-widget-heading\" data-id=\"701f725\" data-element_type=\"widget\" data-widget_type=\"heading.default\">\n\t\t\t\t<div class=\"elementor-widget-container\">\n\t\t\t\t\t<h3 class=\"elementor-heading-title elementor-size-default\">8.\tOprezno s vre\u0107icama za \u010daj!<\/h3>\t\t\t\t<\/div>\n\t\t\t\t<\/div>\n\t\t\t\t<div class=\"elementor-element elementor-element-c135302 elementor-widget elementor-widget-heading\" data-id=\"c135302\" data-element_type=\"widget\" data-widget_type=\"heading.default\">\n\t\t\t\t<div class=\"elementor-widget-container\">\n\t\t\t\t\t<h4 class=\"elementor-heading-title elementor-size-default\"><a href=\"https:\/\/www.theguardian.com\/environment\/2018\/feb\/28\/pg-tips-announces-switch-to-plastic-free-fully-biodegradable-teabags\">Koristite \u010daj u rinfuzi i cjediljku za \u010daj umjesto vre\u0107ica \u010daja koje su zatvorene plastikom. Bacanje\nvre\u0107ica za \u010daj mo\u017ee doprinijeti problemu one\u010di\u0161\u0107enja. Namakanje vre\u0107ice \u010daja mo\u017ee otpustiti\n11,6 milijarda \u010destica mikroplastike u jednu \u0161alicu \u010daja. Ipak, stvari se mijenjaju: biorazgradive\nvre\u0107ice za \u010daj nedavno su se pojavile.  \n<p style=\"color: grey;text-align: center\">  Posjetite link za vi\u0161e informacija <\/p><\/a><\/h4>\t\t\t\t<\/div>\n\t\t\t\t<\/div>\n\t\t\t\t<div class=\"elementor-element elementor-element-e23a761 elementor-widget elementor-widget-heading\" data-id=\"e23a761\" data-element_type=\"widget\" data-widget_type=\"heading.default\">\n\t\t\t\t<div class=\"elementor-widget-container\">\n\t\t\t\t\t<h3 class=\"elementor-heading-title elementor-size-default\">9. Odaberite vinske boce s plutanim \u010depovima!<\/h3>\t\t\t\t<\/div>\n\t\t\t\t<\/div>\n\t\t\t\t<div class=\"elementor-element elementor-element-3a6b1ae elementor-widget elementor-widget-heading\" data-id=\"3a6b1ae\" data-element_type=\"widget\" data-widget_type=\"heading.default\">\n\t\t\t\t<div class=\"elementor-widget-container\">\n\t\t\t\t\t<h4 class=\"elementor-heading-title elementor-size-default\">Odaberite vinske boce s prirodnim \u010depovima umjesto plasti\u010dnih ili metalnih (koji sadr\u017ee BPA, industrijski element koji se koristi u proizvodnji odre\u0111enih vrsta plastike).<\/h4>\t\t\t\t<\/div>\n\t\t\t\t<\/div>\n\t\t\t\t<div class=\"elementor-element elementor-element-dc2e611 elementor-widget elementor-widget-heading\" data-id=\"dc2e611\" data-element_type=\"widget\" data-widget_type=\"heading.default\">\n\t\t\t\t<div class=\"elementor-widget-container\">\n\t\t\t\t\t<h3 class=\"elementor-heading-title elementor-size-default\">10.\tOdaberite staklene ili \u010deli\u010dne posude!<\/h3>\t\t\t\t<\/div>\n\t\t\t\t<\/div>\n\t\t\t\t<div class=\"elementor-element elementor-element-d712540 elementor-widget elementor-widget-heading\" data-id=\"d712540\" data-element_type=\"widget\" data-widget_type=\"heading.default\">\n\t\t\t\t<div class=\"elementor-widget-container\">\n\t\t\t\t\t<h4 class=\"elementor-heading-title elementor-size-default\">Ako jedete na poslu \/ u \u0161koli, mo\u017eda koristite plasti\u010dnu posudu za hranu. Predla\u017eemo da promijenite tu rutinu i odaberete posude od stakla ili nehr\u0111aju\u0107eg \u010delika. Ne samo da \u0107e Vam planet biti zahvalan, nego i Va\u0161e zdravlje \u2013 jer neke od tih plasti\u010dnih posuda mogu otpustiti \u0161tetne tvari.<\/h4>\t\t\t\t<\/div>\n\t\t\t\t<\/div>\n\t\t\t\t<div class=\"elementor-element elementor-element-6c0d727 elementor-widget elementor-widget-heading\" data-id=\"6c0d727\" data-element_type=\"widget\" data-widget_type=\"heading.default\">\n\t\t\t\t<div class=\"elementor-widget-container\">\n\t\t\t\t\t<h3 class=\"elementor-heading-title elementor-size-default\">11.\tKod pranja rublja koristite drvene kva\u010dice umjesto plasti\u010dnih!<\/h3>\t\t\t\t<\/div>\n\t\t\t\t<\/div>\n\t\t\t\t<div class=\"elementor-element elementor-element-48a0369 elementor-widget elementor-widget-heading\" data-id=\"48a0369\" data-element_type=\"widget\" data-widget_type=\"heading.default\">\n\t\t\t\t<div class=\"elementor-widget-container\">\n\t\t\t\t\t<h4 class=\"elementor-heading-title elementor-size-default\">\u010cak i najmanje aktivnosti mogu imati ogroman pozitivan utjecaj na na\u0161 planet. Naprimjer, laka rutinska aktivnost poput \u0161irenja rublja mo\u017ee postati izniman \u010din ako se s plasti\u010dnih kva\u010dica prebacimo na drvene.<\/h4>\t\t\t\t<\/div>\n\t\t\t\t<\/div>\n\t\t\t\t\t<\/div>\n\t\t<\/div>\n\t\t\t\t\t<\/div>\n\t\t<\/section>\n\t\t\t\t<\/div>","protected":false},"excerpt":{"rendered":"<p>How can you reduce plastic pollution? 1. Buy more bulk food and less packaged food! Supermarkets are filled with disposable containers (polystyrene trays, PET bottles, tetra packs, plastic containers, etc.). But there is an alternative: more and more stores offer the possibility of buying in bulk. Click here to find out more 2. If you [&hellip;]<\/p>","protected":false},"author":1,"featured_media":0,"parent":0,"menu_order":0,"comment_status":"closed","ping_status":"closed","template":"","meta":{"site-sidebar-layout":"no-sidebar","site-content-layout":"page-builder","ast-site-content-layout":"default","site-content-style":"default","site-sidebar-style":"default","ast-global-header-display":"","ast-banner-title-visibility":"","ast-main-header-display":"","ast-hfb-above-header-display":"","ast-hfb-below-header-display":"","ast-hfb-mobile-header-display":"","site-post-title":"disabled","ast-breadcrumbs-content":"","ast-featured-img":"disabled","footer-sml-layout":"","ast-disable-related-posts":"","theme-transparent-header-meta":"","adv-header-id-meta":"","stick-header-meta":"","header-above-stick-meta":"","header-main-stick-meta":"","header-below-stick-meta":"","astra-migrate-meta-layouts":"default","ast-page-background-enabled":"default","ast-page-background-meta":{"desktop":{"background-color":"","background-image":"","background-repeat":"repeat","background-position":"center center","background-size":"auto","background-attachment":"scroll","background-type":"","background-media":"","overlay-type":"","overlay-color":"","overlay-opacity":"","overlay-gradient":""},"tablet":{"background-color":"","background-image":"","background-repeat":"repeat","background-position":"center center","background-size":"auto","background-attachment":"scroll","background-type":"","background-media":"","overlay-type":"","overlay-color":"","overlay-opacity":"","overlay-gradient":""},"mobile":{"background-color":"","background-image":"","background-repeat":"repeat","background-position":"center center","background-size":"auto","background-attachment":"scroll","background-type":"","background-media":"","overlay-type":"","overlay-color":"","overlay-opacity":"","overlay-gradient":""}},"ast-content-background-meta":{"desktop":{"background-color":"var(--ast-global-color-5)","background-image":"","background-repeat":"repeat","background-position":"center center","background-size":"auto","background-attachment":"scroll","background-type":"","background-media":"","overlay-type":"","overlay-color":"","overlay-opacity":"","overlay-gradient":""},"tablet":{"background-color":"var(--ast-global-color-5)","background-image":"","background-repeat":"repeat","background-position":"center center","background-size":"auto","background-attachment":"scroll","background-type":"","background-media":"","overlay-type":"","overlay-color":"","overlay-opacity":"","overlay-gradient":""},"mobile":{"background-color":"var(--ast-global-color-5)","background-image":"","background-repeat":"repeat","background-position":"center center","background-size":"auto","background-attachment":"scroll","background-type":"","background-media":"","overlay-type":"","overlay-color":"","overlay-opacity":"","overlay-gradient":""}},"footnotes":""},"aioseo_notices":[],"_links":{"self":[{"href":"https:\/\/thinkdifferently-actdifferently.eu\/hr\/wp-json\/wp\/v2\/pages\/25918"}],"collection":[{"href":"https:\/\/thinkdifferently-actdifferently.eu\/hr\/wp-json\/wp\/v2\/pages"}],"about":[{"href":"https:\/\/thinkdifferently-actdifferently.eu\/hr\/wp-json\/wp\/v2\/types\/page"}],"author":[{"embeddable":true,"href":"https:\/\/thinkdifferently-actdifferently.eu\/hr\/wp-json\/wp\/v2\/users\/1"}],"replies":[{"embeddable":true,"href":"https:\/\/thinkdifferently-actdifferently.eu\/hr\/wp-json\/wp\/v2\/comments?post=25918"}],"version-history":[{"count":19,"href":"https:\/\/thinkdifferently-actdifferently.eu\/hr\/wp-json\/wp\/v2\/pages\/25918\/revisions"}],"predecessor-version":[{"id":27584,"href":"https:\/\/thinkdifferently-actdifferently.eu\/hr\/wp-json\/wp\/v2\/pages\/25918\/revisions\/27584"}],"wp:attachment":[{"href":"https:\/\/thinkdifferently-actdifferently.eu\/hr\/wp-json\/wp\/v2\/media?parent=25918"}],"curies":[{"name":"wp","href":"https:\/\/api.w.org\/{rel}","templated":true}]}}