{"id":26880,"date":"2023-08-28T13:59:10","date_gmt":"2023-08-28T13:59:10","guid":{"rendered":"https:\/\/thinkdifferently-actdifferently.eu\/?page_id=26880"},"modified":"2023-11-09T13:30:55","modified_gmt":"2023-11-09T11:30:55","slug":"benefits-of-the-circular-economy","status":"publish","type":"page","link":"https:\/\/thinkdifferently-actdifferently.eu\/es\/benefits-of-the-circular-economy\/","title":{"rendered":"Beneficios de la Econom\u00eda circular"},"content":{"rendered":"<div data-elementor-type=\"wp-page\" data-elementor-id=\"26880\" class=\"elementor elementor-26880\">\n\t\t\t\t\t\t<section class=\"elementor-section elementor-top-section elementor-element elementor-element-2debcc1 elementor-section-boxed elementor-section-height-default elementor-section-height-default\" data-id=\"2debcc1\" data-element_type=\"section\">\n\t\t\t\t\t\t\t<div class=\"elementor-background-overlay\"><\/div>\n\t\t\t\t\t\t\t<div class=\"elementor-container elementor-column-gap-default\">\n\t\t\t\t\t<div class=\"elementor-column elementor-col-100 elementor-top-column elementor-element elementor-element-ebadc0c\" data-id=\"ebadc0c\" data-element_type=\"column\">\n\t\t\t<div class=\"elementor-widget-wrap elementor-element-populated\">\n\t\t\t\t\t\t<div class=\"elementor-element elementor-element-376499d elementor-widget elementor-widget-heading\" data-id=\"376499d\" data-element_type=\"widget\" data-widget_type=\"heading.default\">\n\t\t\t\t<div class=\"elementor-widget-container\">\n\t\t\t\t\t<h2 class=\"elementor-heading-title elementor-size-default\">Beneficios de la Econom\u00eda circular \n<\/h2>\t\t\t\t<\/div>\n\t\t\t\t<\/div>\n\t\t\t\t<div class=\"elementor-element elementor-element-db0ecf0 elementor-widget elementor-widget-heading\" data-id=\"db0ecf0\" data-element_type=\"widget\" data-widget_type=\"heading.default\">\n\t\t\t\t<div class=\"elementor-widget-container\">\n\t\t\t\t\t<h3 class=\"elementor-heading-title elementor-size-default\">1. Menos basura y contaminaci\u00f3n:<\/h3>\t\t\t\t<\/div>\n\t\t\t\t<\/div>\n\t\t\t\t<div class=\"elementor-element elementor-element-c915bbc elementor-widget elementor-widget-heading\" data-id=\"c915bbc\" data-element_type=\"widget\" data-widget_type=\"heading.default\">\n\t\t\t\t<div class=\"elementor-widget-container\">\n\t\t\t\t\t<h4 class=\"elementor-heading-title elementor-size-default\">En la econom\u00eda circular, intentamos fabricar cosas que puedan utilizarse una y otra vez. Esto significa que habr\u00e1 menos basura y desperdicios a nuestro alrededor, lo que ayuda a mantener el medio ambiente limpio y hermoso.<\/h4>\t\t\t\t<\/div>\n\t\t\t\t<\/div>\n\t\t\t\t<div class=\"elementor-element elementor-element-4519f6a elementor-widget elementor-widget-heading\" data-id=\"4519f6a\" data-element_type=\"widget\" data-widget_type=\"heading.default\">\n\t\t\t\t<div class=\"elementor-widget-container\">\n\t\t\t\t\t<h3 class=\"elementor-heading-title elementor-size-default\">2. Ahorro de recursos:<\/h3>\t\t\t\t<\/div>\n\t\t\t\t<\/div>\n\t\t\t\t<div class=\"elementor-element elementor-element-e96ae97 elementor-widget elementor-widget-heading\" data-id=\"e96ae97\" data-element_type=\"widget\" data-widget_type=\"heading.default\">\n\t\t\t\t<div class=\"elementor-widget-container\">\n\t\t\t\t\t<h4 class=\"elementor-heading-title elementor-size-default\">En lugar de utilizar muchos materiales nuevos para hacer cosas nuevas, utilizamos lo que ya tenemos. Esto nos ayuda a ahorrar recursos como \u00e1rboles, agua y energ\u00eda, asegur\u00e1ndonos de que haya suficiente para todos y durante mucho tiempo.<\/h4>\t\t\t\t<\/div>\n\t\t\t\t<\/div>\n\t\t\t\t<div class=\"elementor-element elementor-element-d8efa7d elementor-widget elementor-widget-heading\" data-id=\"d8efa7d\" data-element_type=\"widget\" data-widget_type=\"heading.default\">\n\t\t\t\t<div class=\"elementor-widget-container\">\n\t\t\t\t\t<h3 class=\"elementor-heading-title elementor-size-default\">3. Proteger a los animales y la naturaleza:<\/h3>\t\t\t\t<\/div>\n\t\t\t\t<\/div>\n\t\t\t\t<div class=\"elementor-element elementor-element-5b63668 elementor-widget elementor-widget-heading\" data-id=\"5b63668\" data-element_type=\"widget\" data-widget_type=\"heading.default\">\n\t\t\t\t<div class=\"elementor-widget-container\">\n\t\t\t\t\t<h4 class=\"elementor-heading-title elementor-size-default\">Cuando reducimos los residuos y la contaminaci\u00f3n, protegemos los hogares de animales y plantas. De este modo, todas las simp\u00e1ticas criaturas y la hermosa naturaleza que nos rodea pueden mantenerse a salvo y prosperar.\n<\/h4>\t\t\t\t<\/div>\n\t\t\t\t<\/div>\n\t\t\t\t<div class=\"elementor-element elementor-element-5489b1a elementor-widget elementor-widget-heading\" data-id=\"5489b1a\" data-element_type=\"widget\" data-widget_type=\"heading.default\">\n\t\t\t\t<div class=\"elementor-widget-container\">\n\t\t\t\t\t<h3 class=\"elementor-heading-title elementor-size-default\">4. Crear nuevos puestos de trabajo:<\/h3>\t\t\t\t<\/div>\n\t\t\t\t<\/div>\n\t\t\t\t<div class=\"elementor-element elementor-element-ea61508 elementor-widget elementor-widget-heading\" data-id=\"ea61508\" data-element_type=\"widget\" data-widget_type=\"heading.default\">\n\t\t\t\t<div class=\"elementor-widget-container\">\n\t\t\t\t\t<h4 class=\"elementor-heading-title elementor-size-default\">La econom\u00eda circular necesita personas que recojan y reciclen materiales. Esto crea nuevos puestos de trabajo para las personas, y pueden ayudar a hacer del mundo un lugar mejor cuidando del medio ambiente.\n<\/h4>\t\t\t\t<\/div>\n\t\t\t\t<\/div>\n\t\t\t\t<div class=\"elementor-element elementor-element-22c0dc9 elementor-widget elementor-widget-heading\" data-id=\"22c0dc9\" data-element_type=\"widget\" data-widget_type=\"heading.default\">\n\t\t\t\t<div class=\"elementor-widget-container\">\n\t\t\t\t\t<h3 class=\"elementor-heading-title elementor-size-default\">5. Ahorrar dinero:<\/h3>\t\t\t\t<\/div>\n\t\t\t\t<\/div>\n\t\t\t\t<div class=\"elementor-element elementor-element-be589f1 elementor-widget elementor-widget-heading\" data-id=\"be589f1\" data-element_type=\"widget\" data-widget_type=\"heading.default\">\n\t\t\t\t<div class=\"elementor-widget-container\">\n\t\t\t\t\t<h4 class=\"elementor-heading-title elementor-size-default\">Cuando reutilizamos cosas, no necesitamos comprar otras nuevas todo el tiempo. Esto nos ayuda a ahorrar dinero y utilizarlo para otras cosas divertidas como ir de viaje o comprar juguetes.<\/h4>\t\t\t\t<\/div>\n\t\t\t\t<\/div>\n\t\t\t\t<div class=\"elementor-element elementor-element-03ba221 elementor-widget elementor-widget-heading\" data-id=\"03ba221\" data-element_type=\"widget\" data-widget_type=\"heading.default\">\n\t\t\t\t<div class=\"elementor-widget-container\">\n\t\t\t\t\t<h3 class=\"elementor-heading-title elementor-size-default\"> 6. Inventar cosas chulas:<\/h3>\t\t\t\t<\/div>\n\t\t\t\t<\/div>\n\t\t\t\t<div class=\"elementor-element elementor-element-c73783b elementor-widget elementor-widget-heading\" data-id=\"c73783b\" data-element_type=\"widget\" data-widget_type=\"heading.default\">\n\t\t\t\t<div class=\"elementor-widget-container\">\n\t\t\t\t\t<h4 class=\"elementor-heading-title elementor-size-default\">Para que las cosas duren m\u00e1s, tenemos que ser creativos y tener ideas ingeniosas. Esto puede dar lugar a inventos e innovaciones geniales que hacen la vida m\u00e1s f\u00e1cil y emocionante.\n<\/h4>\t\t\t\t<\/div>\n\t\t\t\t<\/div>\n\t\t\t\t<div class=\"elementor-element elementor-element-384a201 elementor-widget elementor-widget-heading\" data-id=\"384a201\" data-element_type=\"widget\" data-widget_type=\"heading.default\">\n\t\t\t\t<div class=\"elementor-widget-container\">\n\t\t\t\t\t<h3 class=\"elementor-heading-title elementor-size-default\">7. Ayudar a los dem\u00e1s:<\/h3>\t\t\t\t<\/div>\n\t\t\t\t<\/div>\n\t\t\t\t<div class=\"elementor-element elementor-element-d7db2b1 elementor-widget elementor-widget-heading\" data-id=\"d7db2b1\" data-element_type=\"widget\" data-widget_type=\"heading.default\">\n\t\t\t\t<div class=\"elementor-widget-container\">\n\t\t\t\t\t<h4 class=\"elementor-heading-title elementor-size-default\">A veces donamos cosas que ya no necesitamos a otras personas que pueden utilizarlas. Eso les hace felices, y nosotros nos sentimos bien ayudando a gente necesitada.\n<\/h4>\t\t\t\t<\/div>\n\t\t\t\t<\/div>\n\t\t\t\t<div class=\"elementor-element elementor-element-701f725 elementor-widget elementor-widget-heading\" data-id=\"701f725\" data-element_type=\"widget\" data-widget_type=\"heading.default\">\n\t\t\t\t<div class=\"elementor-widget-container\">\n\t\t\t\t\t<h3 class=\"elementor-heading-title elementor-size-default\">8. Hacer amigos:<\/h3>\t\t\t\t<\/div>\n\t\t\t\t<\/div>\n\t\t\t\t<div class=\"elementor-element elementor-element-c135302 elementor-widget elementor-widget-heading\" data-id=\"c135302\" data-element_type=\"widget\" data-widget_type=\"heading.default\">\n\t\t\t\t<div class=\"elementor-widget-container\">\n\t\t\t\t\t<h4 class=\"elementor-heading-title elementor-size-default\">La econom\u00eda circular se basa en el trabajo en equipo. Las personas trabajan juntas para reciclar y reducir los residuos. Esto nos ayuda a hacer nuevos amigos y a construir una comunidad fuerte.community.<\/h4>\t\t\t\t<\/div>\n\t\t\t\t<\/div>\n\t\t\t\t\t<\/div>\n\t\t<\/div>\n\t\t\t\t\t<\/div>\n\t\t<\/section>\n\t\t\t\t<\/div>","protected":false},"excerpt":{"rendered":"<p>Benefits of the circular economy 1. Less Trash and Pollution In the circular economy, we try to make things that can be used again and again. This means there will be less trash and garbage around us, which helps to keep the environment clean and beautiful. 2. Saving Resources Instead of using up a lot [&hellip;]<\/p>","protected":false},"author":1,"featured_media":0,"parent":0,"menu_order":0,"comment_status":"closed","ping_status":"closed","template":"","meta":{"site-sidebar-layout":"no-sidebar","site-content-layout":"page-builder","ast-site-content-layout":"default","site-content-style":"default","site-sidebar-style":"default","ast-global-header-display":"","ast-banner-title-visibility":"","ast-main-header-display":"","ast-hfb-above-header-display":"","ast-hfb-below-header-display":"","ast-hfb-mobile-header-display":"","site-post-title":"disabled","ast-breadcrumbs-content":"","ast-featured-img":"disabled","footer-sml-layout":"","ast-disable-related-posts":"","theme-transparent-header-meta":"","adv-header-id-meta":"","stick-header-meta":"","header-above-stick-meta":"","header-main-stick-meta":"","header-below-stick-meta":"","astra-migrate-meta-layouts":"default","ast-page-background-enabled":"default","ast-page-background-meta":{"desktop":{"background-color":"","background-image":"","background-repeat":"repeat","background-position":"center center","background-size":"auto","background-attachment":"scroll","background-type":"","background-media":"","overlay-type":"","overlay-color":"","overlay-opacity":"","overlay-gradient":""},"tablet":{"background-color":"","background-image":"","background-repeat":"repeat","background-position":"center center","background-size":"auto","background-attachment":"scroll","background-type":"","background-media":"","overlay-type":"","overlay-color":"","overlay-opacity":"","overlay-gradient":""},"mobile":{"background-color":"","background-image":"","background-repeat":"repeat","background-position":"center center","background-size":"auto","background-attachment":"scroll","background-type":"","background-media":"","overlay-type":"","overlay-color":"","overlay-opacity":"","overlay-gradient":""}},"ast-content-background-meta":{"desktop":{"background-color":"var(--ast-global-color-5)","background-image":"","background-repeat":"repeat","background-position":"center center","background-size":"auto","background-attachment":"scroll","background-type":"","background-media":"","overlay-type":"","overlay-color":"","overlay-opacity":"","overlay-gradient":""},"tablet":{"background-color":"var(--ast-global-color-5)","background-image":"","background-repeat":"repeat","background-position":"center center","background-size":"auto","background-attachment":"scroll","background-type":"","background-media":"","overlay-type":"","overlay-color":"","overlay-opacity":"","overlay-gradient":""},"mobile":{"background-color":"var(--ast-global-color-5)","background-image":"","background-repeat":"repeat","background-position":"center center","background-size":"auto","background-attachment":"scroll","background-type":"","background-media":"","overlay-type":"","overlay-color":"","overlay-opacity":"","overlay-gradient":""}},"footnotes":""},"aioseo_notices":[],"_links":{"self":[{"href":"https:\/\/thinkdifferently-actdifferently.eu\/es\/wp-json\/wp\/v2\/pages\/26880"}],"collection":[{"href":"https:\/\/thinkdifferently-actdifferently.eu\/es\/wp-json\/wp\/v2\/pages"}],"about":[{"href":"https:\/\/thinkdifferently-actdifferently.eu\/es\/wp-json\/wp\/v2\/types\/page"}],"author":[{"embeddable":true,"href":"https:\/\/thinkdifferently-actdifferently.eu\/es\/wp-json\/wp\/v2\/users\/1"}],"replies":[{"embeddable":true,"href":"https:\/\/thinkdifferently-actdifferently.eu\/es\/wp-json\/wp\/v2\/comments?post=26880"}],"version-history":[{"count":13,"href":"https:\/\/thinkdifferently-actdifferently.eu\/es\/wp-json\/wp\/v2\/pages\/26880\/revisions"}],"predecessor-version":[{"id":27587,"href":"https:\/\/thinkdifferently-actdifferently.eu\/es\/wp-json\/wp\/v2\/pages\/26880\/revisions\/27587"}],"wp:attachment":[{"href":"https:\/\/thinkdifferently-actdifferently.eu\/es\/wp-json\/wp\/v2\/media?parent=26880"}],"curies":[{"name":"wp","href":"https:\/\/api.w.org\/{rel}","templated":true}]}}