{"id":25918,"date":"2023-01-11T20:47:30","date_gmt":"2023-01-11T20:47:30","guid":{"rendered":"https:\/\/thinkdifferently-actdifferently.eu\/?page_id=25918"},"modified":"2023-11-09T13:30:16","modified_gmt":"2023-11-09T11:30:16","slug":"how-you-can-reduce-plastic-pollution","status":"publish","type":"page","link":"https:\/\/thinkdifferently-actdifferently.eu\/es\/how-you-can-reduce-plastic-pollution\/","title":{"rendered":"<strong>How you can reduce plastic pollution?<\/strong>"},"content":{"rendered":"<div data-elementor-type=\"wp-page\" data-elementor-id=\"25918\" class=\"elementor elementor-25918\">\n\t\t\t\t\t\t<section class=\"elementor-section elementor-top-section elementor-element elementor-element-2debcc1 elementor-section-boxed elementor-section-height-default elementor-section-height-default\" data-id=\"2debcc1\" data-element_type=\"section\" data-settings=\"{&quot;shape_divider_top&quot;:&quot;mountains&quot;}\">\n\t\t\t\t\t<div class=\"elementor-shape elementor-shape-top\" data-negative=\"false\">\n\t\t\t<svg xmlns=\"http:\/\/www.w3.org\/2000\/svg\" viewbox=\"0 0 1000 100\" preserveaspectratio=\"none\">\n\t<path class=\"elementor-shape-fill\" opacity=\"0.33\" d=\"M473,67.3c-203.9,88.3-263.1-34-320.3,0C66,119.1,0,59.7,0,59.7V0h1000v59.7 c0,0-62.1,26.1-94.9,29.3c-32.8,3.3-62.8-12.3-75.8-22.1C806,49.6,745.3,8.7,694.9,4.7S492.4,59,473,67.3z\"\/>\n\t<path class=\"elementor-shape-fill\" opacity=\"0.66\" d=\"M734,67.3c-45.5,0-77.2-23.2-129.1-39.1c-28.6-8.7-150.3-10.1-254,39.1 s-91.7-34.4-149.2,0C115.7,118.3,0,39.8,0,39.8V0h1000v36.5c0,0-28.2-18.5-92.1-18.5C810.2,18.1,775.7,67.3,734,67.3z\"\/>\n\t<path class=\"elementor-shape-fill\" d=\"M766.1,28.9c-200-57.5-266,65.5-395.1,19.5C242,1.8,242,5.4,184.8,20.6C128,35.8,132.3,44.9,89.9,52.5C28.6,63.7,0,0,0,0 h1000c0,0-9.9,40.9-83.6,48.1S829.6,47,766.1,28.9z\"\/>\n<\/svg>\t\t<\/div>\n\t\t\t\t\t<div class=\"elementor-container elementor-column-gap-default\">\n\t\t\t\t\t<div class=\"elementor-column elementor-col-100 elementor-top-column elementor-element elementor-element-ebadc0c\" data-id=\"ebadc0c\" data-element_type=\"column\">\n\t\t\t<div class=\"elementor-widget-wrap elementor-element-populated\">\n\t\t\t\t\t\t<div class=\"elementor-element elementor-element-376499d elementor-widget elementor-widget-heading\" data-id=\"376499d\" data-element_type=\"widget\" data-widget_type=\"heading.default\">\n\t\t\t\t<div class=\"elementor-widget-container\">\n\t\t\t\t\t<h2 class=\"elementor-heading-title elementor-size-default\">\u00bfC\u00f3mo puedes reducir la contaminaci\u00f3n pl\u00e1stica?<\/h2>\t\t\t\t<\/div>\n\t\t\t\t<\/div>\n\t\t\t\t<div class=\"elementor-element elementor-element-db0ecf0 elementor-widget elementor-widget-heading\" data-id=\"db0ecf0\" data-element_type=\"widget\" data-widget_type=\"heading.default\">\n\t\t\t\t<div class=\"elementor-widget-container\">\n\t\t\t\t\t<h3 class=\"elementor-heading-title elementor-size-default\">1. Compra m\u00e1s alimentos a granel y menos envasados.<\/h3>\t\t\t\t<\/div>\n\t\t\t\t<\/div>\n\t\t\t\t<div class=\"elementor-element elementor-element-c915bbc elementor-widget elementor-widget-heading\" data-id=\"c915bbc\" data-element_type=\"widget\" data-widget_type=\"heading.default\">\n\t\t\t\t<div class=\"elementor-widget-container\">\n\t\t\t\t\t<h4 class=\"elementor-heading-title elementor-size-default\"><a href=\"https:\/\/www.iberdrola.com\/sustainability\/buy-in-bulk-to-reduce-plastic\">Los supermercados est\u00e1n llenos de envases desechables (bandejas de poliestireno, botellas de PET, tetra packs, envases de pl\u00e1stico, etc.). Pero hay una alternativa: cada vez m\u00e1s tiendas ofrecen la posibilidad de comprar a granel. <p style=\"color: grey;text-align: center\">  Haz click aqu\u00ed para averiguar m\u00e1s <\/p><\/a><\/h4>\t\t\t\t<\/div>\n\t\t\t\t<\/div>\n\t\t\t\t<div class=\"elementor-element elementor-element-4519f6a elementor-widget elementor-widget-heading\" data-id=\"4519f6a\" data-element_type=\"widget\" data-widget_type=\"heading.default\">\n\t\t\t\t<div class=\"elementor-widget-container\">\n\t\t\t\t\t<h3 class=\"elementor-heading-title elementor-size-default\">2. Si vas de compras, \u00a1no olvides llevarte una bolsa de lona!<\/h3>\t\t\t\t<\/div>\n\t\t\t\t<\/div>\n\t\t\t\t<div class=\"elementor-element elementor-element-e96ae97 elementor-widget elementor-widget-heading\" data-id=\"e96ae97\" data-element_type=\"widget\" data-widget_type=\"heading.default\">\n\t\t\t\t<div class=\"elementor-widget-container\">\n\t\t\t\t\t<h4 class=\"elementor-heading-title elementor-size-default\">Si cuando vamos de compras utilizamos bolsas reutilizables (de lona, cuerda o mimbre) la salud de nuestro planeta mejorar\u00e1. A partir de ahora, acu\u00e9rdate de llevarte una cuando salgas de casa.<\/h4>\t\t\t\t<\/div>\n\t\t\t\t<\/div>\n\t\t\t\t<div class=\"elementor-element elementor-element-d8efa7d elementor-widget elementor-widget-heading\" data-id=\"d8efa7d\" data-element_type=\"widget\" data-widget_type=\"heading.default\">\n\t\t\t\t<div class=\"elementor-widget-container\">\n\t\t\t\t\t<h3 class=\"elementor-heading-title elementor-size-default\">3. Deja de usar vasos de pl\u00e1stico para el caf\u00e9<\/h3>\t\t\t\t<\/div>\n\t\t\t\t<\/div>\n\t\t\t\t<div class=\"elementor-element elementor-element-5b63668 elementor-widget elementor-widget-heading\" data-id=\"5b63668\" data-element_type=\"widget\" data-widget_type=\"heading.default\">\n\t\t\t\t<div class=\"elementor-widget-container\">\n\t\t\t\t\t<h4 class=\"elementor-heading-title elementor-size-default\">S\u00e9 que es dif\u00edcil hacerlo cuando est\u00e1s de viaje. Por eso te sugiero que renuncies a ellos cuando est\u00e9s en el trabajo o en la escuela. Una opci\u00f3n m\u00e1s suave es utilizar vasos de cart\u00f3n, pero tambi\u00e9n contienen pl\u00e1stico (aunque sea en peque\u00f1as cantidades). Lo mejor es que utilices vasos o tazas de cristal o cer\u00e1mica.<\/h4>\t\t\t\t<\/div>\n\t\t\t\t<\/div>\n\t\t\t\t<div class=\"elementor-element elementor-element-5489b1a elementor-widget elementor-widget-heading\" data-id=\"5489b1a\" data-element_type=\"widget\" data-widget_type=\"heading.default\">\n\t\t\t\t<div class=\"elementor-widget-container\">\n\t\t\t\t\t<h3 class=\"elementor-heading-title elementor-size-default\">4. Utiliza tu propia botella de agua reutilizable.<\/h3>\t\t\t\t<\/div>\n\t\t\t\t<\/div>\n\t\t\t\t<div class=\"elementor-element elementor-element-ea61508 elementor-widget elementor-widget-heading\" data-id=\"ea61508\" data-element_type=\"widget\" data-widget_type=\"heading.default\">\n\t\t\t\t<div class=\"elementor-widget-container\">\n\t\t\t\t\t<h4 class=\"elementor-heading-title elementor-size-default\">Puedes optar por utilizar botellas de pl\u00e1stico reutilizables que podr\u00e1s usar durante m\u00e1s tiempo. Si no es demasiado inconveniente puedes utilizar envases de vidrio.<\/h4>\t\t\t\t<\/div>\n\t\t\t\t<\/div>\n\t\t\t\t<div class=\"elementor-element elementor-element-22c0dc9 elementor-widget elementor-widget-heading\" data-id=\"22c0dc9\" data-element_type=\"widget\" data-widget_type=\"heading.default\">\n\t\t\t\t<div class=\"elementor-widget-container\">\n\t\t\t\t\t<h3 class=\"elementor-heading-title elementor-size-default\">5. Di NO a los cubiertos de pl\u00e1stico<\/h3>\t\t\t\t<\/div>\n\t\t\t\t<\/div>\n\t\t\t\t<div class=\"elementor-element elementor-element-be589f1 elementor-widget elementor-widget-heading\" data-id=\"be589f1\" data-element_type=\"widget\" data-widget_type=\"heading.default\">\n\t\t\t\t<div class=\"elementor-widget-container\">\n\t\t\t\t\t<h4 class=\"elementor-heading-title elementor-size-default\">Hay alternativas a estos objetos desechables: los de madera, los de metal que tambi\u00e9n se pueden reutilizar o incluso los de pl\u00e1stico compostable.<\/h4>\t\t\t\t<\/div>\n\t\t\t\t<\/div>\n\t\t\t\t<div class=\"elementor-element elementor-element-03ba221 elementor-widget elementor-widget-heading\" data-id=\"03ba221\" data-element_type=\"widget\" data-widget_type=\"heading.default\">\n\t\t\t\t<div class=\"elementor-widget-container\">\n\t\t\t\t\t<h3 class=\"elementor-heading-title elementor-size-default\"> 6. Renuncia a las pajitas de pl\u00e1stico<\/h3>\t\t\t\t<\/div>\n\t\t\t\t<\/div>\n\t\t\t\t<div class=\"elementor-element elementor-element-c73783b elementor-widget elementor-widget-heading\" data-id=\"c73783b\" data-element_type=\"widget\" data-widget_type=\"heading.default\">\n\t\t\t\t<div class=\"elementor-widget-container\">\n\t\t\t\t\t<h4 class=\"elementor-heading-title elementor-size-default\">Las pajitas y los agitadores de pl\u00e1stico son art\u00edculos desechables que contaminan el medio ambiente despu\u00e9s de su uso. Puedes utilizar pajitas de papel como alternativa o... renunciar a ellas. No es nada dif\u00edcil.<\/h4>\t\t\t\t<\/div>\n\t\t\t\t<\/div>\n\t\t\t\t<div class=\"elementor-element elementor-element-384a201 elementor-widget elementor-widget-heading\" data-id=\"384a201\" data-element_type=\"widget\" data-widget_type=\"heading.default\">\n\t\t\t\t<div class=\"elementor-widget-container\">\n\t\t\t\t\t<h3 class=\"elementor-heading-title elementor-size-default\">7. Deja el film transparente.<\/h3>\t\t\t\t<\/div>\n\t\t\t\t<\/div>\n\t\t\t\t<div class=\"elementor-element elementor-element-d7db2b1 elementor-widget elementor-widget-heading\" data-id=\"d7db2b1\" data-element_type=\"widget\" data-widget_type=\"heading.default\">\n\t\t\t\t<div class=\"elementor-widget-container\">\n\t\t\t\t\t<h4 class=\"elementor-heading-title elementor-size-default\"><a href=\"https:\/\/www.youtube.com\/watch?v=rNMThH_Hg10&#038;t=52s&#038;ab_channel=eRaft%20\">A diferencia del film transparente, que no se puede reciclar, el film de papel es reciclable. As\u00ed que si utiliza film transparente para envolver, aseg\u00farese de tirarlo al contenedor de reciclaje despu\u00e9s de usarlo. Otra alternativa son los nuevos films ecol\u00f3gicos con cera de abeja. Fabricados con algod\u00f3n 100%, resina de pino, aceite de jojoba y cera de abeja local, son 100% naturales y ecol\u00f3gicos. Esto significa que no entrar\u00e1n plagas en los alimentos mientras est\u00e1n almacenados, son reutilizables y compostables, y frenan la contaminaci\u00f3n por pl\u00e1sticos. Adem\u00e1s, vienen en divertidos dise\u00f1os.\n<p style=\"color: grey;text-align: center\">  Haz click aqu\u00ed para averiguar m\u00e1s <\/p><\/a><\/h4>\t\t\t\t<\/div>\n\t\t\t\t<\/div>\n\t\t\t\t<div class=\"elementor-element elementor-element-701f725 elementor-widget elementor-widget-heading\" data-id=\"701f725\" data-element_type=\"widget\" data-widget_type=\"heading.default\">\n\t\t\t\t<div class=\"elementor-widget-container\">\n\t\t\t\t\t<h3 class=\"elementor-heading-title elementor-size-default\">8. \u00a1Cuidado con las bolsitas de t\u00e9!<\/h3>\t\t\t\t<\/div>\n\t\t\t\t<\/div>\n\t\t\t\t<div class=\"elementor-element elementor-element-c135302 elementor-widget elementor-widget-heading\" data-id=\"c135302\" data-element_type=\"widget\" data-widget_type=\"heading.default\">\n\t\t\t\t<div class=\"elementor-widget-container\">\n\t\t\t\t\t<h4 class=\"elementor-heading-title elementor-size-default\"><a href=\"https:\/\/www.theguardian.com\/environment\/2018\/feb\/28\/pg-tips-announces-switch-to-plastic-free-fully-biodegradable-teabags\">Utiliza t\u00e9 de hojas sueltas con un colador en lugar de bolsitas de t\u00e9 selladas con pl\u00e1stico. Tirar las bolsitas de t\u00e9 puede contribuir al problema de la contaminaci\u00f3n. Una bolsa de t\u00e9 de pl\u00e1stico puede liberar 11.600 millones de part\u00edculas micropl\u00e1sticas en una taza de t\u00e9. Pero las cosas est\u00e1n cambiando: recientemente han aparecido bolsitas de t\u00e9 biodegradables.  \n<p style=\"color: grey;text-align: center\">  Haz click aqu\u00ed para averiguar m\u00e1s <\/p><\/a><\/h4>\t\t\t\t<\/div>\n\t\t\t\t<\/div>\n\t\t\t\t<div class=\"elementor-element elementor-element-e23a761 elementor-widget elementor-widget-heading\" data-id=\"e23a761\" data-element_type=\"widget\" data-widget_type=\"heading.default\">\n\t\t\t\t<div class=\"elementor-widget-container\">\n\t\t\t\t\t<h3 class=\"elementor-heading-title elementor-size-default\">9. Elige botellas de vino con corchos naturales.<\/h3>\t\t\t\t<\/div>\n\t\t\t\t<\/div>\n\t\t\t\t<div class=\"elementor-element elementor-element-3a6b1ae elementor-widget elementor-widget-heading\" data-id=\"3a6b1ae\" data-element_type=\"widget\" data-widget_type=\"heading.default\">\n\t\t\t\t<div class=\"elementor-widget-container\">\n\t\t\t\t\t<h4 class=\"elementor-heading-title elementor-size-default\">Elija botellas de vino con tapones de corcho natural en lugar de tapones de pl\u00e1stico o tapones de rosca met\u00e1licos (que contienen BPA, una sustancia qu\u00edmica industrial utilizada en la fabricaci\u00f3n de ciertos pl\u00e1sticos).<\/h4>\t\t\t\t<\/div>\n\t\t\t\t<\/div>\n\t\t\t\t<div class=\"elementor-element elementor-element-dc2e611 elementor-widget elementor-widget-heading\" data-id=\"dc2e611\" data-element_type=\"widget\" data-widget_type=\"heading.default\">\n\t\t\t\t<div class=\"elementor-widget-container\">\n\t\t\t\t\t<h3 class=\"elementor-heading-title elementor-size-default\">10. Elija recipientes de vidrio o acero.<\/h3>\t\t\t\t<\/div>\n\t\t\t\t<\/div>\n\t\t\t\t<div class=\"elementor-element elementor-element-d712540 elementor-widget elementor-widget-heading\" data-id=\"d712540\" data-element_type=\"widget\" data-widget_type=\"heading.default\">\n\t\t\t\t<div class=\"elementor-widget-container\">\n\t\t\t\t\t<h4 class=\"elementor-heading-title elementor-size-default\">Si comes en el trabajo o en el colegio, es posible que utilices una caja de pl\u00e1stico para transportar la comida. Te sugerimos que cambies la rutina y elijas envases de vidrio o acero inoxidable. No s\u00f3lo lo agradecer\u00e1 el planeta, sino tambi\u00e9n tu salud, ya que algunos de estos envases de pl\u00e1stico pueden liberar sustancias nocivas.<\/h4>\t\t\t\t<\/div>\n\t\t\t\t<\/div>\n\t\t\t\t<div class=\"elementor-element elementor-element-6c0d727 elementor-widget elementor-widget-heading\" data-id=\"6c0d727\" data-element_type=\"widget\" data-widget_type=\"heading.default\">\n\t\t\t\t<div class=\"elementor-widget-container\">\n\t\t\t\t\t<h3 class=\"elementor-heading-title elementor-size-default\">11. Cuando laves, utiliza ganchos de madera en lugar de los de pl\u00e1stico.<\/h3>\t\t\t\t<\/div>\n\t\t\t\t<\/div>\n\t\t\t\t<div class=\"elementor-element elementor-element-48a0369 elementor-widget elementor-widget-heading\" data-id=\"48a0369\" data-element_type=\"widget\" data-widget_type=\"heading.default\">\n\t\t\t\t<div class=\"elementor-widget-container\">\n\t\t\t\t\t<h4 class=\"elementor-heading-title elementor-size-default\">Incluso las acciones m\u00e1s peque\u00f1as pueden tener un gran impacto positivo en nuestro planeta. Por ejemplo, una acci\u00f3n rutinaria f\u00e1cil como tender la ropa para que se seque puede convertirse en un acto extraordinario si cambiamos los ganchos de pl\u00e1stico por otros de madera<\/h4>\t\t\t\t<\/div>\n\t\t\t\t<\/div>\n\t\t\t\t\t<\/div>\n\t\t<\/div>\n\t\t\t\t\t<\/div>\n\t\t<\/section>\n\t\t\t\t<\/div>","protected":false},"excerpt":{"rendered":"<p>How can you reduce plastic pollution? 1. Buy more bulk food and less packaged food! Supermarkets are filled with disposable containers (polystyrene trays, PET bottles, tetra packs, plastic containers, etc.). But there is an alternative: more and more stores offer the possibility of buying in bulk. Click here to find out more 2. If you [&hellip;]<\/p>","protected":false},"author":1,"featured_media":0,"parent":0,"menu_order":0,"comment_status":"closed","ping_status":"closed","template":"","meta":{"site-sidebar-layout":"no-sidebar","site-content-layout":"page-builder","ast-site-content-layout":"default","site-content-style":"default","site-sidebar-style":"default","ast-global-header-display":"","ast-banner-title-visibility":"","ast-main-header-display":"","ast-hfb-above-header-display":"","ast-hfb-below-header-display":"","ast-hfb-mobile-header-display":"","site-post-title":"disabled","ast-breadcrumbs-content":"","ast-featured-img":"disabled","footer-sml-layout":"","ast-disable-related-posts":"","theme-transparent-header-meta":"","adv-header-id-meta":"","stick-header-meta":"","header-above-stick-meta":"","header-main-stick-meta":"","header-below-stick-meta":"","astra-migrate-meta-layouts":"default","ast-page-background-enabled":"default","ast-page-background-meta":{"desktop":{"background-color":"","background-image":"","background-repeat":"repeat","background-position":"center center","background-size":"auto","background-attachment":"scroll","background-type":"","background-media":"","overlay-type":"","overlay-color":"","overlay-opacity":"","overlay-gradient":""},"tablet":{"background-color":"","background-image":"","background-repeat":"repeat","background-position":"center center","background-size":"auto","background-attachment":"scroll","background-type":"","background-media":"","overlay-type":"","overlay-color":"","overlay-opacity":"","overlay-gradient":""},"mobile":{"background-color":"","background-image":"","background-repeat":"repeat","background-position":"center center","background-size":"auto","background-attachment":"scroll","background-type":"","background-media":"","overlay-type":"","overlay-color":"","overlay-opacity":"","overlay-gradient":""}},"ast-content-background-meta":{"desktop":{"background-color":"var(--ast-global-color-5)","background-image":"","background-repeat":"repeat","background-position":"center center","background-size":"auto","background-attachment":"scroll","background-type":"","background-media":"","overlay-type":"","overlay-color":"","overlay-opacity":"","overlay-gradient":""},"tablet":{"background-color":"var(--ast-global-color-5)","background-image":"","background-repeat":"repeat","background-position":"center center","background-size":"auto","background-attachment":"scroll","background-type":"","background-media":"","overlay-type":"","overlay-color":"","overlay-opacity":"","overlay-gradient":""},"mobile":{"background-color":"var(--ast-global-color-5)","background-image":"","background-repeat":"repeat","background-position":"center center","background-size":"auto","background-attachment":"scroll","background-type":"","background-media":"","overlay-type":"","overlay-color":"","overlay-opacity":"","overlay-gradient":""}},"footnotes":""},"aioseo_notices":[],"_links":{"self":[{"href":"https:\/\/thinkdifferently-actdifferently.eu\/es\/wp-json\/wp\/v2\/pages\/25918"}],"collection":[{"href":"https:\/\/thinkdifferently-actdifferently.eu\/es\/wp-json\/wp\/v2\/pages"}],"about":[{"href":"https:\/\/thinkdifferently-actdifferently.eu\/es\/wp-json\/wp\/v2\/types\/page"}],"author":[{"embeddable":true,"href":"https:\/\/thinkdifferently-actdifferently.eu\/es\/wp-json\/wp\/v2\/users\/1"}],"replies":[{"embeddable":true,"href":"https:\/\/thinkdifferently-actdifferently.eu\/es\/wp-json\/wp\/v2\/comments?post=25918"}],"version-history":[{"count":19,"href":"https:\/\/thinkdifferently-actdifferently.eu\/es\/wp-json\/wp\/v2\/pages\/25918\/revisions"}],"predecessor-version":[{"id":27584,"href":"https:\/\/thinkdifferently-actdifferently.eu\/es\/wp-json\/wp\/v2\/pages\/25918\/revisions\/27584"}],"wp:attachment":[{"href":"https:\/\/thinkdifferently-actdifferently.eu\/es\/wp-json\/wp\/v2\/media?parent=25918"}],"curies":[{"name":"wp","href":"https:\/\/api.w.org\/{rel}","templated":true}]}}